{"id":769,"date":"2025-12-08T20:01:02","date_gmt":"2025-12-08T20:01:02","guid":{"rendered":"https:\/\/medv-design.org\/product\/sigma-renomat-matt\/"},"modified":"2026-02-07T15:43:31","modified_gmt":"2026-02-07T15:43:31","slug":"sigma-renomat-matt","status":"publish","type":"product","link":"https:\/\/medv-design.org\/fr\/produit\/sigma-renomat-matt\/","title":{"rendered":"Sigma Renomat Matt"},"content":{"rendered":"<p><a href=\"https:\/\/paintstore.be\/kleuren\/\" target=\"_blank\" rel=\"noopener\">Voir les diff\u00e9rentes cartes de couleurs ici<\/a><\/p>\n<h3>Pourquoi choisir Sigma Renomat Matt ?<\/h3>\n<p><strong>Sigma Renomat Matt<\/strong> est une peinture \u00e0 base de solvant pour plafond et mur destin\u00e9e \u00e0 l\u2019int\u00e9rieur, \u00e0 base de r\u00e9sine alkyde. Cette peinture a \u00e9t\u00e9 sp\u00e9cialement d\u00e9velopp\u00e9e pour isoler les surfaces tr\u00e8s souill\u00e9es qui doivent g\u00e9rer les taches difficiles \u00e0 enlever telles que la nicotine, les d\u00e9p\u00f4ts de fum\u00e9e et de suie, les anneaux d\u2019eau, ainsi que les taches de caf\u00e9 ou de th\u00e9. C\u2019est un choix id\u00e9al pour traiter des substrats min\u00e9raux tels que le b\u00e9ton, le placopl\u00e2tre, la ma\u00e7onnerie et le tissu en verre, ainsi que pour bien adh\u00e9rer des couches de peinture ou de pl\u00e2tre existantes.<\/p>\n<h4>Principaux avantages :<\/h4>\n<ul>\n<li><strong>Excellente isolation<\/strong> : Cette peinture a un <strong>Tr\u00e8s bon effet isolant<\/strong> contre la nicotine, la fum\u00e9e, les d\u00e9p\u00f4ts de suie et les anneaux d\u2019eau, bloquant efficacement les taches.<\/li>\n<li><strong>Bonne adh\u00e9rence<\/strong> : La peinture a <strong>Bonne adh\u00e9rence sur des substrats l\u00e9g\u00e8rement poudreux<\/strong>, ce qui assure une finition durable.<\/li>\n<li><strong>Classe de nettoyage 1 (NEN EN 13300)<\/strong> : Id\u00e9al pour un nettoyage intensif, id\u00e9al pour les pi\u00e8ces qui doivent \u00eatre souvent nettoy\u00e9es.<\/li>\n<li><strong>Classe de couverture 2<\/strong> : Fournit un <strong>Bonne couverture<\/strong> avec une excellente uniformit\u00e9 des couleurs.<\/li>\n<li><strong>Traitement facile<\/strong> : <strong>Tr\u00e8s facile \u00e0 traiter<\/strong>, avec peu de chances d\u2019obtenir des galons ou un emploi.<\/li>\n<li><strong>Peu de sensibilit\u00e9 aux diff\u00e9rences d\u2019aspiration<\/strong> Cela garantit une finition uniforme et uniforme, m\u00eame sur des surfaces in\u00e9gales.<\/li>\n<li><strong>L\u00e9g\u00e8re jaunissement<\/strong> : Le liant peut provoquer un l\u00e9ger jaunissement apr\u00e8s une utilisation prolong\u00e9e, mais cela n\u2019affecte pas ses propri\u00e9t\u00e9s isolantes.<\/li>\n<\/ul>\n<h3><strong>Efficacit\u00e9<\/strong><\/h3>\n<p>Le retour pratique de <strong>Sigma Renomat Matt<\/strong> se situe entre <strong>8 et 10 m\u00b2 par litre<\/strong>, selon la nature et la structure du substrat et la m\u00e9thode d\u2019application.<\/p>\n<details>\n<summary>Plus d'informations<\/summary>\n<section>\n<h3><strong>Sigma Renomat Matt en couleur<\/strong><\/h3>\n<p><strong>Sigma Renomat Matt<\/strong> est disponible en <strong>Blanc<\/strong> et presque tous <strong>Autres couleurs<\/strong>. La peinture a une finition mate, qui donne un aspect professionnel et lisse sans brillance.<\/p>\n<h3><strong>Comment utiliser Sigma Renomat Matt ?<\/strong><\/h3>\n<p>Cette peinture convient \u00e0 une utilisation sur <strong>Substrats min\u00e9raux<\/strong>  tels que le b\u00e9ton, le stuc, le pl\u00e2tre, la ma\u00e7onnerie, le pon\u00e7age, le tissu en verre, la toison de verre, ainsi que les couches de peinture ou de pl\u00e2tre bien adh\u00e9rentes existantes. Sigma Renomat Matt est \u00e9galement id\u00e9al pour traiter les taches difficiles \u00e0 enlever sur ces surfaces, telles que les d\u00e9p\u00f4ts de nicotine ou de suie, les anneaux d\u2019eau, ou les taches de caf\u00e9 et de th\u00e9. La peinture est \u00e9galement excellente pour les pl\u00e2tres textur\u00e9s et les finitions avec du tissu en verre.<\/p>\n<h3><strong>Volumes disponibles de Sigma Renomat Matt<\/strong><\/h3>\n<p>Sigma Renomat Matt est disponible dans les volumes suivants :<\/p>\n<ul>\n<li><strong>1 litre<\/strong> : Id\u00e9al pour des projets plus petits ou pour tester la peinture.<\/li>\n<li><strong>5 litres<\/strong> : Adapt\u00e9 aux projets de taille moyenne.<\/li>\n<li><strong>10 litres<\/strong> : Parfait pour des applications plus vastes ou professionnelles.<\/li>\n<\/ul>\n<h3><strong>Combien de Sigma Renomat Matt ai-je besoin ?<\/strong><\/h3>\n<p>Avec un retour de <strong>8 \u00e0 10 m\u00b2 par litre<\/strong> Vous pouvez facilement calculer la quantit\u00e9 de peinture n\u00e9cessaire :<\/p>\n<ul>\n<li><strong>1 litre<\/strong> : Covoeren approximativement <strong>8-10 m\u00b2<\/strong>, id\u00e9al pour les surfaces plus petites ou pour essayer la peinture.<\/li>\n<li><strong>5 litres<\/strong> : Covoeren approximativement <strong>40-50 m\u00b2<\/strong>, adapt\u00e9 aux projets de taille moyenne.<\/li>\n<li><strong>10 litres<\/strong> : Covoeren approximativement <strong>80-100 m\u00b2<\/strong>, id\u00e9al pour les espaces plus grands ou les applications commerciales.<\/li>\n<\/ul>\n<h3><strong>Temps de s\u00e9chage de Sigma Renomat Matt<\/strong><\/h3>\n<p>La peinture est <strong>Sans adh\u00e9sif<\/strong> apr\u00e8s environ <strong>1,5 heure<\/strong> en <strong>A peindre<\/strong> apr\u00e8s au moins <strong>4 heures<\/strong>, selon l\u2019\u00e9paisseur de la couche, la temp\u00e9rature et l\u2019humidit\u00e9 de la pi\u00e8ce. Il n\u2019y a pas de d\u00e9lai maximal pour la repeinte, ce qui offre de la flexibilit\u00e9 lors de la fin du projet.<\/p>\n<h3><strong>Profitez de nos offres Sigma Renomat Matt<\/strong><\/h3>\n<p>Avec nos prix comp\u00e9titifs, vous pouvez en profiter <strong>Peinture de qualit\u00e9 sup\u00e9rieure<\/strong> \u00e0 un prix attractif.<\/p>\n<h3><strong>Pourquoi acheter le Sigma Renomat Matt chez Paintstore.be ?<\/strong><\/h3>\n<p>Au <strong>Paintstore.be<\/strong> Vous \u00eates assur\u00e9 de <strong>Livraison rapide<\/strong>, <strong>Satisfaction client<\/strong> et fiable <strong>Service<\/strong>.  Notre \u00e9quipe experte est toujours pr\u00eate \u00e0 vous conseiller et \u00e0 vous aider \u00e0 trouver la peinture adapt\u00e9e \u00e0 votre projet.<\/p>\n<\/section>\n<\/details>\n<p><a href=\"https:\/\/paintstore.be\/wp-content\/uploads\/2025\/10\/Sigma-Renomat-technische-fiche.pdf\" title=\"Fiche technique\" target=\"_blank\" rel=\"noopener\">Cliquez ici pour t\u00e9l\u00e9charger la fiche technique &gt;&gt;<br \/><\/a><\/p>","protected":false},"excerpt":{"rendered":"<p>Bekijk hier de verschillende kleurenkaarten Waarom kiezen voor Sigma Renomat Matt? Sigma Renomat Matt is een oplosmiddelhoudende plafond- en muurverf voor binnen, op basis van alkydhars. Deze verf is speciaal ontwikkeld voor het isoleren van sterk verontreinigde oppervlakken die te maken hebben met moeilijk te verwijderen vlekken zoals nicotine-, rook- en roetaanslag, waterkringen, en koffie- [&hellip;]<\/p>\n","protected":false},"featured_media":996,"comment_status":"open","ping_status":"closed","template":"","meta":[],"product_brand":[90],"product_cat":[117,116,31],"product_tag":[],"class_list":{"0":"post-769","1":"product","2":"type-product","3":"status-publish","4":"has-post-thumbnail","6":"product_brand-sigma-coatings","7":"product_cat-verf-muurverf-binnen-muurverf","8":"product_cat-verf-muurverf-binnen-plafondverf","9":"product_cat-verf","10":"pa_basis-solventbasis","11":"pa_binnen-buiten-binnen","12":"pa_eigenschappen-grond-en-afwerkingslaag-in-een","13":"pa_glansgraad-mat","14":"pa_inhoud-10l","15":"pa_inhoud-1l","16":"pa_inhoud-5l","17":"pa_kleur-gekleurd","18":"pa_kleur-wit","19":"pa_merk-sigma-coatings","20":"pa_ondergrond-oude-verflagen","21":"pa_overschilderbaar-vanaf-4-uur","22":"pa_schrobklasse-klasse-1-hoogste-schrobvastheid-2","23":"pa_upc-705","25":"first","26":"instock","27":"shipping-taxable","28":"purchasable","29":"product-type-variable"},"_links":{"self":[{"href":"https:\/\/medv-design.org\/fr\/wp-json\/wp\/v2\/product\/769","targetHints":{"allow":["GET"]}}],"collection":[{"href":"https:\/\/medv-design.org\/fr\/wp-json\/wp\/v2\/product"}],"about":[{"href":"https:\/\/medv-design.org\/fr\/wp-json\/wp\/v2\/types\/product"}],"replies":[{"embeddable":true,"href":"https:\/\/medv-design.org\/fr\/wp-json\/wp\/v2\/comments?post=769"}],"wp:featuredmedia":[{"embeddable":true,"href":"https:\/\/medv-design.org\/fr\/wp-json\/wp\/v2\/media\/996"}],"wp:attachment":[{"href":"https:\/\/medv-design.org\/fr\/wp-json\/wp\/v2\/media?parent=769"}],"wp:term":[{"taxonomy":"product_brand","embeddable":true,"href":"https:\/\/medv-design.org\/fr\/wp-json\/wp\/v2\/product_brand?post=769"},{"taxonomy":"product_cat","embeddable":true,"href":"https:\/\/medv-design.org\/fr\/wp-json\/wp\/v2\/product_cat?post=769"},{"taxonomy":"product_tag","embeddable":true,"href":"https:\/\/medv-design.org\/fr\/wp-json\/wp\/v2\/product_tag?post=769"}],"curies":[{"name":"wp","href":"https:\/\/api.w.org\/{rel}","templated":true}]}}