{"id":768,"date":"2025-12-08T20:01:02","date_gmt":"2025-12-08T20:01:02","guid":{"rendered":"https:\/\/medv-design.org\/product\/sigma-rapid-satin\/"},"modified":"2026-02-07T15:43:35","modified_gmt":"2026-02-07T15:43:35","slug":"sigma-rapid-satin","status":"publish","type":"product","link":"https:\/\/medv-design.org\/fr\/produit\/sigma-rapid-satin\/","title":{"rendered":"Sigma Rapid Satin"},"content":{"rendered":"<p><a href=\"https:\/\/paintstore.be\/kleuren\/\" target=\"_blank\" rel=\"noopener\">Voir les diff\u00e9rentes cartes de couleurs ici<\/a><\/p>\n<p><strong><span style=\"font-size: 24px;\">Pourquoi choisir Sigma Rapid Satin ?<\/span><\/strong><\/p>\n<p>De <strong>Sigma Rapid Satin<\/strong> est une peinture laqu\u00e9e satin\u00e9e \u00e0 s\u00e9chage rapide \u00e0 base de r\u00e9sines alkydes modifi\u00e9es, sp\u00e9cialement d\u00e9velopp\u00e9e pour une application int\u00e9rieure et ext\u00e9rieure. Gr\u00e2ce \u00e0 la <strong>Technologie de s\u00e9chage rapide<\/strong> Plusieurs couches peuvent \u00eatre appliqu\u00e9es en une journ\u00e9e, ce qui rend la peinture id\u00e9ale pour une finition rapide de projet. La peinture offre une excellente protection et une belle finition sur les surfaces en bois, plastique et m\u00e9tal, et peut \u00eatre rapidement recouverte de peintures \u00e0 la r\u00e9sine alkyde.<\/p>\n<h3>Principaux avantages<\/h3>\n<ul>\n<li><strong>S\u00e9chage rapide<\/strong>: Plusieurs couches peuvent \u00eatre appliqu\u00e9es en une seule journ\u00e9e.<\/li>\n<li><strong>Peut \u00eatre utilis\u00e9 \u00e0 basse temp\u00e9rature<\/strong>: Traitable de 0\u00b0C \u00e0 25\u00b0C.<\/li>\n<li><strong>R\u00e9gulation de l\u2019humidit\u00e9<\/strong>: Offre une finition respirante et durable.<\/li>\n<li><strong>Technologie du Bouclier Blanc<\/strong>: R\u00e9duit l\u2019assombrissement rapide de la peinture.<\/li>\n<li><strong>On peut repeindre rapidement par-dessus<\/strong>: Peut \u00eatre rapidement finie avec des peintures \u00e0 la r\u00e9sine alkyde.<\/li>\n<li><strong>Facile \u00e0 traiter<\/strong>: Facile \u00e0 appliquer avec un pinceau ou un rouleau.<\/li>\n<li><strong>Puissance de camouflage \u00e9lev\u00e9e<\/strong>: La peinture offre une excellente couverture m\u00eame avec des couches fines.<\/li>\n<\/ul>\n<h3>Combien de Sigma Rapid Satin ai-je besoin ?<\/h3>\n<p>Avec une efficacit\u00e9 th\u00e9orique de <strong>16 m\u00b2 par litre<\/strong> Pour une \u00e9paisseur de film sec de 40 microm\u00e8tres, vous pouvez facilement calculer la quantit\u00e9 requise. Par exemple, pour une surface de 16 m\u00b2, vous avez <strong>1 litre<\/strong> . Pour des zones plus grandes, vous pouvez facilement ajuster la quantit\u00e9 :<\/p>\n<ul>\n<li><strong>1 litre<\/strong>: Adapt\u00e9 \u00e0 une superficie d\u2019environ 16 m\u00b2.<\/li>\n<li><strong>2,5 litres<\/strong>: Adapt\u00e9 \u00e0 une surface d\u2019environ 40 m\u00b2.<\/li>\n<\/ul>\n<details>\n<summary>Plus d'informations<\/summary>\n<section>\n<h3>Couleur Sigma Rapid Satin<\/h3>\n<p>De <strong>Sigma Rapid Satin<\/strong> est disponible en blanc et peut \u00eatre color\u00e9 dans presque toutes les nuances que vous souhaitez. En plus des couleurs standard de la <strong>Sigma C21.3<\/strong>\u00e9ventail, d\u2019autres couleurs peuvent \u00e9galement \u00eatre personnalis\u00e9es. Couleurs populaires comme <strong>RAL 9010 (blanc)<\/strong> en <strong>RAL 9016 (Trafic blanc)<\/strong> sont \u00e9galement disponibles. D\u2019autres couleurs de diff\u00e9rentes marques ou collections peuvent \u00e9galement \u00eatre cr\u00e9\u00e9es sur demande.<\/p>\n<h3>Application du satin rapide Sigma<\/h3>\n<p>Le Sigma Rapid Satin s\u2019applique facilement avec un pinceau, un rouleau ou un pulv\u00e9risateur. Assurez-vous que la surface est propre et s\u00e8che pour une meilleure adh\u00e9rence. Ce produit peut \u00eatre utilis\u00e9 sur le bois, le plastique et le m\u00e9tal, \u00e0 condition qu\u2019ils soient bien appr\u00eat\u00e9s, par exemple avec <strong>Sigma Rapid Primer<\/strong>.<\/p>\n<h3>Quantit\u00e9s disponibles pour Sigma Rapid Satin<\/h3>\n<p>De <strong>Sigma Rapid Satin<\/strong> est disponible en diff\u00e9rentes tailles :<\/p>\n<ul>\n<li><strong>1 litre<\/strong> \u2013 Adapt\u00e9 aux surfaces plus petites ou aux travaux de d\u00e9tail.<\/li>\n<li><strong>2,5 litres<\/strong> \u2013 Id\u00e9al pour des projets de taille moyenne tels que portes et cadres.<\/li>\n<li><strong>5 litres<\/strong> \u2013 Adapt\u00e9 aux surfaces plus grandes telles que les murs ou les meubles.<\/li>\n<\/ul>\n<h3>Temps de s\u00e9chage du Sigma Rapid Satin<\/h3>\n<p>\u00c0 une temp\u00e9rature de 23\u00b0C et une humidit\u00e9 relative de 50 % :<\/p>\n<ul>\n<li><strong>S\u00e8che comme la poussi\u00e8re<\/strong>: Apr\u00e8s environ une heure.<\/li>\n<li><strong>Pluie<\/strong>: Apr\u00e8s environ 2 heures.<\/li>\n<li><strong>Sans adh\u00e9sif<\/strong>: Apr\u00e8s environ 2 heures.<\/li>\n<li><strong>Repeignable<\/strong>: Apr\u00e8s environ 6 heures.<\/li>\n<\/ul>\n<p>\u00c0 une temp\u00e9rature de 5\u00b0C et une humidit\u00e9 relative de 90 % :<\/p>\n<ul>\n<li><strong>S\u00e8che comme la poussi\u00e8re<\/strong>: Apr\u00e8s environ 2 heures.<\/li>\n<li><strong>Sans adh\u00e9sif<\/strong>: Apr\u00e8s environ 3 heures.<\/li>\n<li><strong>Repeignable<\/strong>: Apr\u00e8s environ 12 heures.<\/li>\n<\/ul>\n<p>Veuillez noter : les temps de s\u00e9chage peuvent \u00eatre plus longs avec des couleurs plus fonc\u00e9es, des couches plus \u00e9paisses ou des temp\u00e9ratures plus basses.<\/p>\n<h3>Profitez des offres pour Sigma Rapid Satin<\/h3>\n<p>Au <strong>Paintstore.be<\/strong> Vous pouvez utiliser le <strong>Sigma Rapid Satin<\/strong>  Achetez \u00e0 des prix comp\u00e9titifs et profitez d\u2019une livraison rapide. Commandez d\u00e8s aujourd\u2019hui et travaillez rapidement et efficacement sur vos projets de peinture.<\/p>\n<h3>Pourquoi acheter du Sigma Rapid Satin chez Paintstore.be ?<\/h3>\n<p><strong>Paintstore.be<\/strong>  Propose non seulement des produits de qualit\u00e9 mais aussi des conseils d\u2019experts pour tous vos projets de peinture. Il vous suffit de commander en ligne et de faire livrer vos produits rapidement \u00e0 domicile !<\/p>\n<\/section>\n<\/details>\n<p><a href=\"https:\/\/paintstore.be\/wp-content\/uploads\/2025\/10\/Sigma-Rapid-Satin-technische-fiche.pdf\" target=\"_blank\" rel=\"noopener\">Cliquez ici pour t\u00e9l\u00e9charger la fiche technique &gt;&gt;<br \/><\/a><\/p>","protected":false},"excerpt":{"rendered":"<p>Bekijk hier de verschillende kleurenkaarten Waarom kiezen voor Sigma Rapid Satin? De Sigma Rapid Satin is een sneldrogende zijdeglans lakverf op basis van gemodificeerde alkydharsen, speciaal ontwikkeld voor zowel binnen- als buitentoepassing. Dankzij de Fast Drying Technology kunnen meerdere lagen in \u00e9\u00e9n dag worden aangebracht, wat de verf ideaal maakt voor snel afwerken van projecten. [&hellip;]<\/p>\n","protected":false},"featured_media":901,"comment_status":"open","ping_status":"closed","template":"","meta":[],"product_brand":[90],"product_cat":[139,50,31],"product_tag":[],"class_list":{"0":"post-768","1":"product","2":"type-product","3":"status-publish","4":"has-post-thumbnail","6":"product_brand-sigma-coatings","7":"product_cat-verf-lakverf-lakverf-buiten","8":"product_cat-sneldrogende-buitenlak","9":"product_cat-verf","10":"pa_basis-solventbasis","11":"pa_binnen-buiten-binnen","12":"pa_eigenschappen-weerbestendig","13":"pa_glansgraad-zijdeglans","14":"pa_inhoud-1l","15":"pa_inhoud-2-5l","16":"pa_kleur-gekleurd","17":"pa_kleur-wit","18":"pa_merk-sigma-coatings","19":"pa_ondergrond-metaal","20":"pa_overschilderbaar-vanaf-6-uur","21":"pa_upc-681","23":"first","24":"instock","25":"shipping-taxable","26":"purchasable","27":"product-type-variable"},"_links":{"self":[{"href":"https:\/\/medv-design.org\/fr\/wp-json\/wp\/v2\/product\/768","targetHints":{"allow":["GET"]}}],"collection":[{"href":"https:\/\/medv-design.org\/fr\/wp-json\/wp\/v2\/product"}],"about":[{"href":"https:\/\/medv-design.org\/fr\/wp-json\/wp\/v2\/types\/product"}],"replies":[{"embeddable":true,"href":"https:\/\/medv-design.org\/fr\/wp-json\/wp\/v2\/comments?post=768"}],"wp:featuredmedia":[{"embeddable":true,"href":"https:\/\/medv-design.org\/fr\/wp-json\/wp\/v2\/media\/901"}],"wp:attachment":[{"href":"https:\/\/medv-design.org\/fr\/wp-json\/wp\/v2\/media?parent=768"}],"wp:term":[{"taxonomy":"product_brand","embeddable":true,"href":"https:\/\/medv-design.org\/fr\/wp-json\/wp\/v2\/product_brand?post=768"},{"taxonomy":"product_cat","embeddable":true,"href":"https:\/\/medv-design.org\/fr\/wp-json\/wp\/v2\/product_cat?post=768"},{"taxonomy":"product_tag","embeddable":true,"href":"https:\/\/medv-design.org\/fr\/wp-json\/wp\/v2\/product_tag?post=768"}],"curies":[{"name":"wp","href":"https:\/\/api.w.org\/{rel}","templated":true}]}}