{"id":767,"date":"2025-12-08T20:01:02","date_gmt":"2025-12-08T20:01:02","guid":{"rendered":"https:\/\/medv-design.org\/product\/sigma-rapid-primer\/"},"modified":"2026-02-07T15:43:38","modified_gmt":"2026-02-07T15:43:38","slug":"sigma-rapid-primer","status":"publish","type":"product","link":"https:\/\/medv-design.org\/fr\/produit\/sigma-rapid-primer\/","title":{"rendered":"Sigma Rapid Primer"},"content":{"rendered":"<p><a href=\"https:\/\/paintstore.be\/kleuren\/\" target=\"_blank\" rel=\"noopener\">Voir les diff\u00e9rentes cartes de couleurs ici<\/a><\/p>\n<h2><\/h2>\n<p><span style=\"font-size: 24px;\"><strong>Pourquoi choisir le Sigma Rapid Primer ?<\/strong><\/span><\/p>\n<p>De <strong>Sigma Rapid Primer<\/strong> est une appr\u00eat \u00e0 s\u00e9chage rapide et faible odeur \u00e0 base de r\u00e9sines alkydiques, sp\u00e9cialement con\u00e7ue pour une application en int\u00e9rieur comme en ext\u00e9rieur. Gr\u00e2ce \u00e0 la <strong>Technologie de s\u00e9chage rapide<\/strong> Plusieurs couches peuvent \u00eatre appliqu\u00e9es en une seule journ\u00e9e, ce qui rend le produit id\u00e9al pour des projets rapides. Cet appr\u00eat offre une excellente adh\u00e9rence \u00e0 divers substrats, tels que le bois, le plastique et le m\u00e9tal, et offre une finition durable et uniforme.<\/p>\n<h3>Principaux avantages<\/h3>\n<ul>\n<li><strong>S\u00e9chage rapide<\/strong>: Plusieurs couches peuvent \u00eatre appliqu\u00e9es en une seule journ\u00e9e.<\/li>\n<li><strong>Peut \u00eatre utilis\u00e9 \u00e0 basse temp\u00e9rature<\/strong>: Traitable de 0\u00b0C \u00e0 25\u00b0C.<\/li>\n<li><strong>R\u00e9gulation de l\u2019humidit\u00e9<\/strong>: Offre une couche durable et respirante.<\/li>\n<li><strong>Excellente adh\u00e9rence<\/strong>: Id\u00e9al pour le bois, le plastique et les m\u00e9taux.<\/li>\n<li><strong>On peut repeindre rapidement par-dessus<\/strong>: Peut \u00eatre rapidement finie avec des peintures \u00e0 la r\u00e9sine alkyde.<\/li>\n<li><strong>Facile \u00e0 traiter<\/strong>: Facile \u00e0 appliquer avec un pinceau ou un rouleau.<\/li>\n<li><strong>Bonne couverture des bords<\/strong>: Offre une finition soign\u00e9e m\u00eame sur les bords.<\/li>\n<\/ul>\n<h3>De combien de Sigma Rapid Primer ai-je besoin ?<\/h3>\n<p>Avec une efficacit\u00e9 th\u00e9orique de <strong>16 m\u00b2 par litre<\/strong> Pour une \u00e9paisseur de film sec de 40 microm\u00e8tres, vous pouvez facilement calculer la quantit\u00e9 requise. Par exemple, pour une surface de 16 m\u00b2, vous obtenez environ <strong>1 litre<\/strong> . Pour les zones plus grandes, vous pouvez simplement doubler ou multiplier la quantit\u00e9 :<\/p>\n<ul>\n<li><strong>1 litre<\/strong>: Adapt\u00e9 \u00e0 une superficie d\u2019environ 16 m\u00b2.<\/li>\n<li><strong>2,5 litres<\/strong>: Adapt\u00e9 \u00e0 une surface d\u2019environ 40 m\u00b2.<\/li>\n<\/ul>\n<details>\n<summary>Plus d'informations<\/summary>\n<section>\n<h3>Sigma Rapid Primer en couleur<\/h3>\n<p>De <strong>Sigma Rapid Primer<\/strong> On peut la coloriser dans presque toutes les nuances que vous voulez. En plus des couleurs standard de la <strong>Sigma C21.3<\/strong>-Le ventilateur peut aussi \u00eatre personnalis\u00e9 d\u2019autres couleurs. Pensez \u00e0 des couleurs populaires telles que <strong>RAL 9010 (blanc)<\/strong> en <strong>RAL 9016 (Trafic blanc)<\/strong>. Presque toutes les couleurs d\u2019autres marques ou collections de couleurs peuvent \u00eatre cr\u00e9\u00e9es sur demande.<\/p>\n<h3>Application de l\u2019amorce rapide Sigma<\/h3>\n<p>Le primer Sigma Rapid s\u2019applique facilement avec un pinceau, un rouleau ou un pulv\u00e9risateur. Assurez-vous que la surface est propre et s\u00e8che pour une meilleure adh\u00e9rence. Il est recommand\u00e9 de repeindre par-dessus l\u2019appr\u00eat dans les 24 heures ; Apr\u00e8s cette p\u00e9riode, l\u2019appr\u00eat doit d\u2019abord \u00eatre l\u00e9g\u00e8rement ponc\u00e9 pour une adh\u00e9rence optimale de la couche suivante.<\/p>\n<h3>Quantit\u00e9s disponibles pour Sigma Rapid Primer<\/h3>\n<p>De <strong>Sigma Rapid Primer<\/strong> est disponible en diff\u00e9rentes tailles :<\/p>\n<ul>\n<li><strong>1 litre<\/strong> \u2013 Adapt\u00e9 aux surfaces plus petites ou aux travaux de d\u00e9tail.<\/li>\n<li><strong>2,5 litres<\/strong> \u2013 Id\u00e9al pour des projets de taille moyenne tels que portes et cadres.<\/li>\n<\/ul>\n<h3>Temps de s\u00e9chage de l\u2019amorce rapide Sigma<\/h3>\n<p>\u00c0 une temp\u00e9rature de 23\u00b0C et une humidit\u00e9 relative de 50 % :<\/p>\n<ul>\n<li><strong>S\u00e8che comme la poussi\u00e8re<\/strong>: Apr\u00e8s environ une heure.<\/li>\n<li><strong>Pluie<\/strong>: Apr\u00e8s environ 2 heures.<\/li>\n<li><strong>Sans adh\u00e9sif<\/strong>: Apr\u00e8s environ 2 heures.<\/li>\n<li><strong>Repeignable<\/strong>: Apr\u00e8s environ 3 heures.<\/li>\n<\/ul>\n<p>\u00c0 une temp\u00e9rature de 5\u00b0C et une humidit\u00e9 relative de 90 % :<\/p>\n<ul>\n<li><strong>S\u00e8che comme la poussi\u00e8re<\/strong>: Apr\u00e8s environ 2 heures.<\/li>\n<li><strong>Sans adh\u00e9sif<\/strong>: Apr\u00e8s environ 3 heures.<\/li>\n<li><strong>Repeignable<\/strong>: Apr\u00e8s environ 12 heures.<\/li>\n<\/ul>\n<p>Veuillez noter : les temps de s\u00e9chage peuvent \u00eatre plus longs avec des couleurs plus fonc\u00e9es, des couches plus \u00e9paisses ou des temp\u00e9ratures plus basses.<\/p>\n<h3>Profitez des offres pour Sigma Rapid Primer<\/h3>\n<p>Au <strong>Paintstore.be<\/strong> Vous pouvez utiliser le <strong>Sigma Rapid Primer<\/strong>  Achetez \u00e0 des prix comp\u00e9titifs et profitez d\u2019une livraison rapide. Commandez d\u00e8s aujourd\u2019hui et travaillez rapidement et efficacement sur vos projets de peinture.<\/p>\n<h3>Pourquoi acheter un primer Sigma Rapid chez Paintstore.be ?<\/h3>\n<p><strong>Paintstore.be<\/strong>  Propose non seulement des produits de qualit\u00e9 mais aussi des conseils d\u2019experts pour tous vos projets de peinture. Il vous suffit de commander en ligne et de faire livrer vos produits rapidement \u00e0 domicile !<\/p>\n<\/section>\n<\/details>\n<p><a href=\"https:\/\/paintstore.be\/wp-content\/uploads\/2025\/10\/Sigma-Rapid-Primer-technische-fiche.pdf\" target=\"_blank\" rel=\"noopener\">Cliquez ici pour t\u00e9l\u00e9charger la fiche technique &gt;&gt;<br \/><\/a><\/p>","protected":false},"excerpt":{"rendered":"<p>Bekijk hier de verschillende kleurenkaarten Waarom kiezen voor Sigma Rapid Primer? De Sigma Rapid Primer is een sneldrogende, geurarme grondlakverf op basis van alkydharsen, speciaal ontworpen voor zowel binnen- als buitentoepassing. Dankzij de Fast Drying Technology kunnen meerdere lagen op \u00e9\u00e9n dag worden aangebracht, wat het product ideaal maakt voor snelle projecten. Deze primer biedt [&hellip;]<\/p>\n","protected":false},"featured_media":899,"comment_status":"open","ping_status":"closed","template":"","meta":[],"product_brand":[90],"product_cat":[47,118,31],"product_tag":[],"class_list":{"0":"post-767","1":"product","2":"type-product","3":"status-publish","4":"has-post-thumbnail","6":"product_brand-sigma-coatings","7":"product_cat-grondverf-primers","8":"product_cat-verf-grondverf-primers-primer-voor-mdf","9":"product_cat-verf","10":"pa_basis-solventbasis","11":"pa_binnen-buiten-binnen","12":"pa_eigenschappen-roestwerend","13":"pa_glansgraad-mat","14":"pa_inhoud-1l","15":"pa_inhoud-2-5l","16":"pa_kleur-gekleurd","17":"pa_kleur-wit","18":"pa_merk-sigma-coatings","19":"pa_ondergrond-metaal","20":"pa_overschilderbaar-vanaf-3-uur","21":"pa_upc-698","23":"first","24":"instock","25":"shipping-taxable","26":"purchasable","27":"product-type-variable"},"_links":{"self":[{"href":"https:\/\/medv-design.org\/fr\/wp-json\/wp\/v2\/product\/767","targetHints":{"allow":["GET"]}}],"collection":[{"href":"https:\/\/medv-design.org\/fr\/wp-json\/wp\/v2\/product"}],"about":[{"href":"https:\/\/medv-design.org\/fr\/wp-json\/wp\/v2\/types\/product"}],"replies":[{"embeddable":true,"href":"https:\/\/medv-design.org\/fr\/wp-json\/wp\/v2\/comments?post=767"}],"wp:featuredmedia":[{"embeddable":true,"href":"https:\/\/medv-design.org\/fr\/wp-json\/wp\/v2\/media\/899"}],"wp:attachment":[{"href":"https:\/\/medv-design.org\/fr\/wp-json\/wp\/v2\/media?parent=767"}],"wp:term":[{"taxonomy":"product_brand","embeddable":true,"href":"https:\/\/medv-design.org\/fr\/wp-json\/wp\/v2\/product_brand?post=767"},{"taxonomy":"product_cat","embeddable":true,"href":"https:\/\/medv-design.org\/fr\/wp-json\/wp\/v2\/product_cat?post=767"},{"taxonomy":"product_tag","embeddable":true,"href":"https:\/\/medv-design.org\/fr\/wp-json\/wp\/v2\/product_tag?post=767"}],"curies":[{"name":"wp","href":"https:\/\/api.w.org\/{rel}","templated":true}]}}