{"id":766,"date":"2025-12-08T20:01:01","date_gmt":"2025-12-08T20:01:01","guid":{"rendered":"https:\/\/medv-design.org\/product\/sigma-rapid-gloss\/"},"modified":"2026-02-07T15:43:41","modified_gmt":"2026-02-07T15:43:41","slug":"sigma-rapid-gloss","status":"publish","type":"product","link":"https:\/\/medv-design.org\/fr\/produit\/sigma-rapid-gloss\/","title":{"rendered":"Sigma Rapid Gloss"},"content":{"rendered":"<p><a href=\"https:\/\/paintstore.be\/kleuren\/\" target=\"_blank\" rel=\"noopener\">Voir les diff\u00e9rentes cartes de couleurs ici<\/a><\/p>\n<h3>Pourquoi choisir Sigma Rapid Gloss ?<\/h3>\n<p>De <strong>Sigma Rapid Gloss<\/strong> est une laque \u00e0 solvant \u00e0 haute brillance \u00e0 s\u00e9chage rapide, sp\u00e9cialement d\u00e9velopp\u00e9e pour des applications int\u00e9rieures et ext\u00e9rieures. Gr\u00e2ce \u00e0 la <strong>Technologie de s\u00e9chage rapide<\/strong> Plusieurs couches peuvent \u00eatre appliqu\u00e9es en une seule journ\u00e9e, ce qui rend ce produit id\u00e9al pour les projets n\u00e9cessitant une r\u00e9alisation rapide. Qu\u2019il s\u2019agisse de bois, de plastique, d\u2019acier ou de m\u00e9taux non ferreux, cette peinture offre une excellente protection et une finition tr\u00e8s brillante.<\/p>\n<h3>Principaux avantages<\/h3>\n<ul>\n<li><strong>S\u00e9chage rapide<\/strong>: Plusieurs couches peuvent \u00eatre appliqu\u00e9es en une seule journ\u00e9e.<\/li>\n<li><strong>Large plage de temp\u00e9ratures<\/strong>: Peut \u00eatre trait\u00e9 \u00e0 des temp\u00e9ratures allant de 0\u00b0C \u00e0 25\u00b0C.<\/li>\n<li><strong>\u00c9tanche aux intemp\u00e9ries<\/strong>: Extr\u00eamement r\u00e9sistants aux intemp\u00e9ries, m\u00eame dans les zones c\u00f4ti\u00e8res.<\/li>\n<li><strong>R\u00e9gulation de l\u2019humidit\u00e9<\/strong>: Offre une finition durable sans ampoules.<\/li>\n<li><strong>Facile \u00e0 repeindre par-dessus<\/strong>: Peut \u00eatre repeint rapidement avec des peintures \u00e0 la r\u00e9sine alkyde.<\/li>\n<li><strong>Puissance de camouflage \u00e9lev\u00e9e<\/strong>: Excellente couverture et finition lisse.<\/li>\n<\/ul>\n<h3>De combien de Sigma Rapid Gloss ai-je besoin ?<\/h3>\n<p>Avec une efficacit\u00e9 th\u00e9orique de 16 m\u00b2 par litre et une \u00e9paisseur de film sec de 40 microm\u00e8tres, vous pouvez facilement calculer la quantit\u00e9 requise. Par exemple, pour une surface de 16 m\u00b2, vous aurez besoin de :<\/p>\n<ul>\n<li><strong>1 litre<\/strong>: Pour une superficie d\u2019environ 16 m\u00b2.<\/li>\n<li><strong>2,5 litres<\/strong>: Pour une superficie d\u2019environ 40 m\u00b2, selon le substrat et la m\u00e9thode de traitement.<\/li>\n<\/ul>\n<details>\n<summary>Plus d'informations<\/summary>\n<section>\n<h3>Sigma Rapid Gloss m\u00e9lang\u00e9 par couleur<\/h3>\n<p>De <strong>Sigma Rapid Gloss<\/strong>  peut \u00eatre m\u00e9lang\u00e9 dans presque toutes les couleurs. En plus des couleurs standard du tableau des couleurs du Sigma C21.3, des nuances populaires telles que <strong>RAL 9010 (blanc pur)<\/strong> en <strong>RAL 9016 (blanc trafic)<\/strong> disponible. De plus, presque toutes les couleurs d\u2019autres marques ou collections de couleurs peuvent \u00e9galement \u00eatre r\u00e9alis\u00e9es.<\/p>\n<h3>Application du Sigma Rapid Gloss<\/h3>\n<p>Utilisez des outils de qualit\u00e9 comme un pinceau ou un rouleau \u00e0 peinture pour obtenir de meilleurs r\u00e9sultats. Assurez-vous d\u2019avoir un substrat bien pr\u00e9par\u00e9 pour une adh\u00e9rence optimale et un r\u00e9sultat final. De pr\u00e9f\u00e9rence appliquer en combinaison avec un appr\u00eat Sigma Rapid sur l\u2019acier et les m\u00e9taux non ferreux pour une protection durable.<\/p>\n<h3>Quantit\u00e9s disponibles pour Sigma Rapid Gloss<\/h3>\n<p>De <strong>Sigma Rapid Gloss<\/strong> est disponible en diff\u00e9rentes quantit\u00e9s selon la taille de votre projet :<\/p>\n<ul>\n<li><strong>1 litre<\/strong> \u2013 Id\u00e9al pour de petites surfaces ou des retouches de d\u00e9tails.<\/li>\n<li><strong>2,5 litres<\/strong> \u2013 Adapt\u00e9 aux surfaces de taille moyenne telles que portes et cadres.<\/li>\n<li><strong>5 litres<\/strong> \u2013 Parfait pour les grands travaux ou les projets de r\u00e9novation complets.<\/li>\n<\/ul>\n<h3>Temps de s\u00e9chage du Sigma Rapid Gloss<\/h3>\n<p>\u00c0 une temp\u00e9rature de 23\u00b0C et une humidit\u00e9 de 50 % :<\/p>\n<ul>\n<li><strong>S\u00e8che comme la poussi\u00e8re<\/strong>: Apr\u00e8s environ une heure.<\/li>\n<li><strong>Pluie<\/strong>: Apr\u00e8s environ 2 heures.<\/li>\n<li><strong>Sans adh\u00e9sif<\/strong>: Apr\u00e8s environ 2 heures.<\/li>\n<li><strong>A peindre<\/strong>: Apr\u00e8s environ 6 heures.<\/li>\n<\/ul>\n<p>\u00c0 une temp\u00e9rature de 5\u00b0C et une humidit\u00e9 de 90 % :<\/p>\n<ul>\n<li><strong>S\u00e8che comme la poussi\u00e8re<\/strong>: Apr\u00e8s environ 2 heures.<\/li>\n<li><strong>Sans adh\u00e9sif<\/strong>: Apr\u00e8s environ 3 heures.<\/li>\n<li><strong>A peindre<\/strong>: Apr\u00e8s environ 12 heures.<\/li>\n<\/ul>\n<p>Prenez en compte des temps de s\u00e9chage plus longs avec des couleurs plus fonc\u00e9es, une \u00e9paisseur de couche plus \u00e9lev\u00e9e et des temp\u00e9ratures plus basses.<\/p>\n<h3>Profitez de nos offres Sigma Rapid Gloss<\/h3>\n<p>Au <strong>Paintstore.be<\/strong> Vous trouverez des prix comp\u00e9titifs pour le <strong>Sigma Rapid Gloss<\/strong> et d\u2019autres peintures de qualit\u00e9 de Sigma. Profitez de notre livraison rapide et commandez directement en ligne !<\/p>\n<h3>Pourquoi acheter Sigma Rapid Gloss chez Paintstore.be ?<\/h3>\n<p><strong>Paintstore.be<\/strong>  Vous propose des produits de haute qualit\u00e9 avec une livraison rapide et des conseils d\u2019experts. Notre \u00e9quipe est pr\u00eate \u00e0 vous accompagner \u00e0 chaque \u00e9tape de votre projet, de l\u2019achat \u00e0 la finition.<\/p>\n<\/section>\n<\/details>\n<p><a href=\"https:\/\/paintstore.be\/wp-content\/uploads\/2025\/10\/Sigma-Rapid-Gloss-technische-fiche.pdf\" target=\"_blank\" rel=\"noopener\">Cliquez ici pour t\u00e9l\u00e9charger la fiche technique &gt;&gt;<br \/><\/a><\/p>","protected":false},"excerpt":{"rendered":"<p>Bekijk hier de verschillende kleurenkaarten Waarom kiezen voor Sigma Rapid Gloss? De Sigma Rapid Gloss is een sneldrogende hoogglanslak op solventbasis, speciaal ontwikkeld voor binnen- en buitentoepassingen. Dankzij de Fast Drying Technology kunnen meerdere lagen op \u00e9\u00e9n dag worden aangebracht, waardoor dit product ideaal is voor projecten die snel moeten worden afgerond. Of het nu [&hellip;]<\/p>\n","protected":false},"featured_media":983,"comment_status":"open","ping_status":"closed","template":"","meta":[],"product_brand":[90],"product_cat":[139,50,31],"product_tag":[],"class_list":{"0":"post-766","1":"product","2":"type-product","3":"status-publish","4":"has-post-thumbnail","6":"product_brand-sigma-coatings","7":"product_cat-verf-lakverf-lakverf-buiten","8":"product_cat-sneldrogende-buitenlak","9":"product_cat-verf","10":"pa_basis-solventbasis","11":"pa_binnen-buiten-binnen","12":"pa_eigenschappen-weerbestendig","13":"pa_glansgraad-hoogglans","14":"pa_inhoud-1l","15":"pa_inhoud-2-5l","16":"pa_kleur-gekleurd","17":"pa_kleur-wit","18":"pa_merk-sigma-coatings","19":"pa_ondergrond-metaal","20":"pa_overschilderbaar-vanaf-6-uur","21":"pa_upc-682","23":"first","24":"instock","25":"shipping-taxable","26":"purchasable","27":"product-type-variable"},"_links":{"self":[{"href":"https:\/\/medv-design.org\/fr\/wp-json\/wp\/v2\/product\/766","targetHints":{"allow":["GET"]}}],"collection":[{"href":"https:\/\/medv-design.org\/fr\/wp-json\/wp\/v2\/product"}],"about":[{"href":"https:\/\/medv-design.org\/fr\/wp-json\/wp\/v2\/types\/product"}],"replies":[{"embeddable":true,"href":"https:\/\/medv-design.org\/fr\/wp-json\/wp\/v2\/comments?post=766"}],"wp:featuredmedia":[{"embeddable":true,"href":"https:\/\/medv-design.org\/fr\/wp-json\/wp\/v2\/media\/983"}],"wp:attachment":[{"href":"https:\/\/medv-design.org\/fr\/wp-json\/wp\/v2\/media?parent=766"}],"wp:term":[{"taxonomy":"product_brand","embeddable":true,"href":"https:\/\/medv-design.org\/fr\/wp-json\/wp\/v2\/product_brand?post=766"},{"taxonomy":"product_cat","embeddable":true,"href":"https:\/\/medv-design.org\/fr\/wp-json\/wp\/v2\/product_cat?post=766"},{"taxonomy":"product_tag","embeddable":true,"href":"https:\/\/medv-design.org\/fr\/wp-json\/wp\/v2\/product_tag?post=766"}],"curies":[{"name":"wp","href":"https:\/\/api.w.org\/{rel}","templated":true}]}}