{"id":765,"date":"2025-12-08T20:01:01","date_gmt":"2025-12-08T20:01:01","guid":{"rendered":"https:\/\/medv-design.org\/product\/sigma-ral-kleurenwaaier\/"},"modified":"2026-02-07T15:43:44","modified_gmt":"2026-02-07T15:43:44","slug":"sigma-ral-kleurenwaaier","status":"publish","type":"product","link":"https:\/\/medv-design.org\/fr\/produit\/sigma-ral-kleurenwaaier\/","title":{"rendered":"Gamme de couleurs Sigma RAL"},"content":{"rendered":"<p>Le tableau des couleurs RAL K7 propose une palette sophistiqu\u00e9e de 185 couleurs classiques les plus populaires. Le pratique tableau des couleurs RAL K7 est sans aucun doute tr\u00e8s pratique au quotidien.<\/p>\n<p>RAL<\/p>\n<p>RAL est un syst\u00e8me de codage utilis\u00e9 pour d\u00e9finir les couleurs des peintures et d\u2019autres rev\u00eatements. Le syst\u00e8me a \u00e9t\u00e9 d\u00e9velopp\u00e9 en Allemagne en 1927.  RAL signifie ReichsAusschuss f\u00fcr Lieferbedingungen. La norme est administr\u00e9e par le Deutsches Institut f\u00fcr G\u00fctesicherung und Kennzeichnung e.V.<\/p>","protected":false},"excerpt":{"rendered":"<p>De RAL K7 Kleurenwaaier heeft een uitgekiend kleurenpalet van 185 meest gekozen klassieke kleuren. De handzame RAL K7 Kleurenwaaier is zonder meer zeer praktisch in het dagelijkse gebruik. RAL RAL is een coderingssysteem dat gebruikt wordt om kleuren van verf en andere coatings te defini\u00ebren. Het systeem is in 1927 in Duitsland ontwikkeld. RAL staat [&hellip;]<\/p>\n","protected":false},"featured_media":1038,"comment_status":"open","ping_status":"closed","template":"","meta":[],"product_brand":[90],"product_cat":[30],"product_tag":[],"class_list":{"0":"post-765","1":"product","2":"type-product","3":"status-publish","4":"has-post-thumbnail","6":"product_brand-sigma-coatings","7":"product_cat-kleurenkaarten","8":"pa_eigenschappen-kleurenwaaier","9":"pa_merk-sigma-coatings","11":"first","12":"instock","13":"shipping-taxable","14":"purchasable","15":"product-type-simple"},"_links":{"self":[{"href":"https:\/\/medv-design.org\/fr\/wp-json\/wp\/v2\/product\/765","targetHints":{"allow":["GET"]}}],"collection":[{"href":"https:\/\/medv-design.org\/fr\/wp-json\/wp\/v2\/product"}],"about":[{"href":"https:\/\/medv-design.org\/fr\/wp-json\/wp\/v2\/types\/product"}],"replies":[{"embeddable":true,"href":"https:\/\/medv-design.org\/fr\/wp-json\/wp\/v2\/comments?post=765"}],"wp:featuredmedia":[{"embeddable":true,"href":"https:\/\/medv-design.org\/fr\/wp-json\/wp\/v2\/media\/1038"}],"wp:attachment":[{"href":"https:\/\/medv-design.org\/fr\/wp-json\/wp\/v2\/media?parent=765"}],"wp:term":[{"taxonomy":"product_brand","embeddable":true,"href":"https:\/\/medv-design.org\/fr\/wp-json\/wp\/v2\/product_brand?post=765"},{"taxonomy":"product_cat","embeddable":true,"href":"https:\/\/medv-design.org\/fr\/wp-json\/wp\/v2\/product_cat?post=765"},{"taxonomy":"product_tag","embeddable":true,"href":"https:\/\/medv-design.org\/fr\/wp-json\/wp\/v2\/product_tag?post=765"}],"curies":[{"name":"wp","href":"https:\/\/api.w.org\/{rel}","templated":true}]}}