{"id":764,"date":"2025-12-08T20:01:01","date_gmt":"2025-12-08T20:01:01","guid":{"rendered":"https:\/\/medv-design.org\/product\/sigma-perfect-semi-matt\/"},"modified":"2026-02-07T15:43:46","modified_gmt":"2026-02-07T15:43:46","slug":"sigma-perfect-semi-matt","status":"publish","type":"product","link":"https:\/\/medv-design.org\/fr\/produit\/sigma-perfect-semi-matt\/","title":{"rendered":"Sigma Perfect Semi-Matt"},"content":{"rendered":"<h3><strong><a href=\"https:\/\/paintstore.be\/kleuren\/\" target=\"_blank\" rel=\"noopener\"><span style=\"font-size: 16px;\"><\/span><\/a><\/strong><a href=\"https:\/\/paintstore.be\/kleuren\/\" target=\"_blank\" rel=\"noopener\"><span style=\"font-size: 14px;\">Voir les diff\u00e9rentes cartes de couleurs ici<\/span><\/a><strong><a href=\"https:\/\/paintstore.be\/kleuren\/\" target=\"_blank\" rel=\"noopener\"><span style=\"font-size: 16px;\"><\/span><\/a><\/strong><\/h3>\n<h3>Pourquoi choisir Sigma Perfect Semi-Matt ?<\/h3>\n<p>Sigma Perfect Semi-Matt est une peinture murale de haute qualit\u00e9, l\u00e9g\u00e8rement brillante, pour l\u2019int\u00e9rieur, id\u00e9ale pour une finition lisse, uniforme et sans construction des murs et plafonds. Gr\u00e2ce \u00e0 la technologie Smooth Layer, cette peinture offre une finition semi-mate brillante sans lignes g\u00eanantes, parfaite pour les espaces o\u00f9 l\u2019esth\u00e9tique et la durabilit\u00e9 sont essentielles.<\/p>\n<h3>Principaux avantages :<\/h3>\n<ul>\n<li><strong>Attachable et sans rail<\/strong>: offre une finition propre et sans couture sans transitions visibles.<\/li>\n<li><strong>Finition parfaitement uniforme<\/strong>: Avec la technologie Smooth Layer, vous obtenez un r\u00e9sultat uniforme et sans taches.<\/li>\n<li><strong>Tr\u00e8s r\u00e9sistant au frottage apr\u00e8s un s\u00e9chage complet<\/strong>: Nettoyage de classe 1 (EN 13300) pour la durabilit\u00e9 et la facilit\u00e9 d\u2019entretien.<\/li>\n<li><strong>Longue dur\u00e9e d'ouverture<\/strong>: Permet d\u2019appliquer la peinture de fa\u00e7on uniforme, m\u00eame sur de grandes surfaces.<\/li>\n<li><strong>Perm\u00e9able \u00e0 la vapeur d'eau<\/strong>: Contribue \u00e0 un climat int\u00e9rieur sain en permettant aux murs de respirer.<\/li>\n<li><strong>Faible odeur<\/strong>: Geen storende of irriterende geur tijdens en na het schilderen.<\/li>\n<li><strong>Qualit\u00e9 et durabilit\u00e9<\/strong>: Des certifications telles que Eurofins Indoor Air Comfort et Cradle to Cradle Silver garantissent des choix respectueux de l\u2019environnement et sains.<\/li>\n<\/ul>\n<details>\n<summary>Plus d'informations<\/summary>\n<section>\n<p><span style=\"font-size: 24px;\"><strong><\/strong><\/span><\/p>\n<p><strong><br \/><\/strong><\/p>\n<p><strong><br \/>\n<span style=\"font-size: 20px;\">Sigma Perfect Semi-Matt par couleur m\u00e9lang\u00e9e<\/span><\/strong><\/p>\n<p>Sigma Perfect Semi-Matt peut \u00eatre m\u00e9lang\u00e9 par couleur pour correspondre parfaitement \u00e0 votre projet. Presque toutes les couleurs sont possibles, tant que le code couleur ou le nom est fourni. Que vous choisissiez une couleur populaire comme RAL 9010 (blanc pur) ou RAL 9016 (blanc Traffic), la peinture est con\u00e7ue sur mesure pour cr\u00e9er l\u2019atmosph\u00e8re souhait\u00e9e dans votre int\u00e9rieur.<\/p>\n<h3>Comment utiliser Sigma Perfect Semi-Matt ?<\/h3>\n<p>Pour une finition optimale, nous recommandons d\u2019utiliser des accessoires de peinture professionnels. Utilisez un rouleau anti-\u00e9claboussures en polyamide pour les surfaces plus grandes et un pinceau de qualit\u00e9 pour une finition pr\u00e9cise des coins et des bords.<\/p>\n<h3>De combien de Sigma Perfect Semi-Matt ai-je besoin ?<\/h3>\n<p>Avec un rendement de 8 \u00e0 11 m\u00b2 par litre, vous pouvez calculer la quantit\u00e9 de peinture requise. Par exemple, pour un mur de 100 m\u00b2, vous avez :<\/p>\n<ul>\n<li><strong>1 litre<\/strong>: Couvre environ 8 \u00e0 11 m\u00b2, id\u00e9al pour des projets plus petits ou des pi\u00e8ces d\u2019essai.<\/li>\n<li><strong>2,5 litres<\/strong>: Couvre environ 20 \u00e0 25 m\u00b2.<\/li>\n<li><strong>5 litres<\/strong>: Couvre environ 40 \u00e0 50 m\u00b2.<\/li>\n<li><strong>10 litres<\/strong>: Couvre environ 80 \u00e0 100 m\u00b2, selon le substrat et la m\u00e9thode d\u2019application.<\/li>\n<\/ul>\n<h3>Volumes disponibles de Sigma Perfect Semi-Matt<\/h3>\n<p>Sigma Perfect Semi-Matt est disponible dans les volumes suivants :<\/p>\n<ul>\n<li><strong>1 litre<\/strong>Les r\u00e9sultats de l'analyse de l'eau peuvent \u00eatre utilis\u00e9s pour des surfaces plus petites ou des pi\u00e8ces d'essai.<\/li>\n<li><strong>2,5 litres<\/strong>Les produits de la gamme sont con\u00e7us pour les petites et moyennes surfaces, telles que le salon ou la chambre \u00e0 coucher.<\/li>\n<li><strong>5 litres<\/strong>: Pour des espaces plus grands, comme une pi\u00e8ce de taille moyenne ou plusieurs murs.<\/li>\n<li><strong>10 litres<\/strong>: Id\u00e9al pour de grandes surfaces, par exemple plusieurs pi\u00e8ces ou une grande pi\u00e8ce.<\/li>\n<\/ul>\n<h3>Temps de s\u00e9chage du Sigma Perfect Semi-Matt<\/h3>\n<p>La peinture s\u00e8che apr\u00e8s environ une heure et peut \u00eatre repeinte apr\u00e8s 4 heures, selon l\u2019\u00e9paisseur de la couche et la temp\u00e9rature ambiante. Avec des couleurs plus fonc\u00e9es, le temps de s\u00e9chage peut \u00eatre l\u00e9g\u00e8rement plus long.<\/p>\n<h3>Profitez de nos offres Sigma Perfect Semi-Matt<\/h3>\n<p>Avec des r\u00e9ductions attractives, vous pouvez d\u00e9sormais profiter de prix suppl\u00e9mentaires pour Sigma Perfect Semi-Matt. Ainsi, vous pouvez acheter de la peinture de haute qualit\u00e9 \u00e0 un prix encore meilleur.<\/p>\n<h3>Pourquoi acheter Sigma Perfect Semi-Matt chez Paintstore.be ?<\/h3>\n<p>Avec Paintstore.be vous \u00eates assur\u00e9 d\u2019une livraison rapide, d\u2019une satisfaction client et d\u2019un service fiable. Vous pouvez compter sur des conseils d\u2019experts et une exp\u00e9rience d\u2019achat sans souci.<\/p>\n<\/section>\n<\/details>\n<p><a title=\"Parfait Semi-mat\" target=\"_blank\" rel=\"noopener\" href=\"https:\/\/paintstore.be\/wp-content\/uploads\/2025\/10\/Sigma-Perfect-Semi-Matt-technische-fiche.pdf\">Cliquez ici pour t\u00e9l\u00e9charger la fiche technique &gt;&gt;<br \/><\/a><\/p>","protected":false},"excerpt":{"rendered":"<p>Bekijk hier de verschillende kleurenkaarten Waarom kiezen voor Sigma Perfect Semi-Matt? Sigma Perfect Semi-Matt is een hoogwaardige, licht glanzende muurverf voor binnen, ideaal voor een strakke, egale en aanzetvrije afwerking van wanden en plafonds. Dankzij de Smooth Layer Technology biedt deze verf een schitterende semi-matte afwerking zonder storende lijnen, perfect voor ruimtes waar esthetiek en [&hellip;]<\/p>\n","protected":false},"featured_media":896,"comment_status":"open","ping_status":"closed","template":"","meta":[],"product_brand":[90],"product_cat":[116,138,31],"product_tag":[],"class_list":{"0":"post-764","1":"product","2":"type-product","3":"status-publish","4":"has-post-thumbnail","6":"product_brand-sigma-coatings","7":"product_cat-verf-muurverf-binnen-plafondverf","8":"product_cat-verf-muurverf-binnen-reinigbare-verf","9":"product_cat-verf","10":"pa_basis-waterbasis","11":"pa_binnen-buiten-binnen","12":"pa_certificering-indoor-air-comfort","13":"pa_eigenschappen-waterdampdoorlatend","14":"pa_glansgraad-semi-mat","15":"pa_inhoud-10l","16":"pa_inhoud-1l","17":"pa_inhoud-2-5l","18":"pa_inhoud-5l","19":"pa_kleur-gekleurd","20":"pa_kleur-wit","21":"pa_merk-sigma-coatings","22":"pa_ondergrond-oude-verflagen","23":"pa_overschilderbaar-vanaf-4-uur","24":"pa_schrobklasse-klasse-1-hoogste-schrobvastheid-2","25":"pa_upc-661","27":"first","28":"instock","29":"shipping-taxable","30":"purchasable","31":"product-type-variable"},"_links":{"self":[{"href":"https:\/\/medv-design.org\/fr\/wp-json\/wp\/v2\/product\/764","targetHints":{"allow":["GET"]}}],"collection":[{"href":"https:\/\/medv-design.org\/fr\/wp-json\/wp\/v2\/product"}],"about":[{"href":"https:\/\/medv-design.org\/fr\/wp-json\/wp\/v2\/types\/product"}],"replies":[{"embeddable":true,"href":"https:\/\/medv-design.org\/fr\/wp-json\/wp\/v2\/comments?post=764"}],"wp:featuredmedia":[{"embeddable":true,"href":"https:\/\/medv-design.org\/fr\/wp-json\/wp\/v2\/media\/896"}],"wp:attachment":[{"href":"https:\/\/medv-design.org\/fr\/wp-json\/wp\/v2\/media?parent=764"}],"wp:term":[{"taxonomy":"product_brand","embeddable":true,"href":"https:\/\/medv-design.org\/fr\/wp-json\/wp\/v2\/product_brand?post=764"},{"taxonomy":"product_cat","embeddable":true,"href":"https:\/\/medv-design.org\/fr\/wp-json\/wp\/v2\/product_cat?post=764"},{"taxonomy":"product_tag","embeddable":true,"href":"https:\/\/medv-design.org\/fr\/wp-json\/wp\/v2\/product_tag?post=764"}],"curies":[{"name":"wp","href":"https:\/\/api.w.org\/{rel}","templated":true}]}}