{"id":763,"date":"2025-12-08T20:01:01","date_gmt":"2025-12-08T20:01:01","guid":{"rendered":"https:\/\/medv-design.org\/product\/sigma-perfect-matt\/"},"modified":"2026-04-09T13:56:00","modified_gmt":"2026-04-09T13:56:00","slug":"sigma-perfect-matt","status":"publish","type":"product","link":"https:\/\/medv-design.org\/fr\/produit\/sigma-perfect-matt\/","title":{"rendered":"Sigma Perfect Matt"},"content":{"rendered":"<p><a href=\"https:\/\/paintstore.be\/kleuren\/\" target=\"_blank\" rel=\"noopener\">Voir les diff\u00e9rentes cartes de couleurs ici<br \/><\/a><\/p>\n<h3>Pourquoi choisir Sigma Perfect Matt ?<\/h3>\n<p>Sigma Perfect Matt est une peinture murale int\u00e9rieure de haute qualit\u00e9, \u00e0 base d'eau, qui permet d'obtenir une finition parfaite, uniforme et sans poisse pour les murs et les plafonds. Gr\u00e2ce \u00e0 la <strong>Technologie de la couche lisse<\/strong> Cette peinture offre une finition mate brillante sans brillance g\u00eanante. Cette peinture est id\u00e9ale pour les pi\u00e8ces o\u00f9 l'aspect esth\u00e9tique des murs est tr\u00e8s important, tout en offrant d'excellents avantages pratiques tels que la durabilit\u00e9 et la r\u00e9sistance au frottement.<\/p>\n<h3>Principaux avantages :<\/h3>\n<ul>\n<li><strong>Attachable et sans rail<\/strong>Pour une finition nette et sans couture, sans lignes de transition visibles.<\/li>\n<li><strong>Finition parfaitement uniforme<\/strong>Merci \u00e0 l'\u00e9quipe d'experts de l'UE. <strong>Technologie de la couche lisse<\/strong> la finition est lisse et impeccable.<\/li>\n<li><strong>Tr\u00e8s r\u00e9sistant au frottement apr\u00e8s s\u00e9chage complet<\/strong>Classe de frottement 1 (EN 13300) pour une durabilit\u00e9 \u00e0 long terme et une facilit\u00e9 d'entretien.<\/li>\n<li><strong>Longue dur\u00e9e d'ouverture<\/strong>Le syst\u00e8me d'application de la peinture : Il est plus facile d'appliquer la peinture uniform\u00e9ment, m\u00eame sur des surfaces importantes.<\/li>\n<li><strong>Perm\u00e9able \u00e0 la vapeur d'eau<\/strong>Les produits de la cat\u00e9gorie \"Produits d'entretien\" sont les suivants : ils contribuent \u00e0 maintenir un climat int\u00e9rieur sain.<\/li>\n<li><strong>Faible odeur<\/strong>: Geen storende of irriterende geur tijdens en na het schilderen.<\/li>\n<li><strong>Qualit\u00e9 et durabilit\u00e9<\/strong>: Les certifications telles que le <strong>Label Eurofins Indoor Air Comfort<\/strong> en <strong>Cradle to Cradle Silver (du berceau au berceau)<\/strong> garantir des choix sains et respectueux de l'environnement.<\/li>\n<\/ul>\n<details>\n<summary>Plus d'informations<\/summary>\n<section>\n<h3><\/h3>\n<h3>Sigma Perfect Matt m\u00e9lang\u00e9 par couleur<\/h3>\n<p>Sigma Perfect Matt peut \u00eatre color\u00e9 sp\u00e9cialement pour vous, ce qui vous permet de choisir la teinte parfaite pour votre projet. Cela s'applique \u00e0 presque toutes les couleurs, \u00e0 condition que le code ou le nom de la couleur soit transmis. Que vous choisissiez une couleur populaire telle que <strong>RAL 9010 (blanc pur)<\/strong> of <strong>RAL 9016 (blanc trafic)<\/strong>La peinture est con\u00e7ue sur mesure pour votre projet. Gr\u00e2ce \u00e0 la vaste palette de couleurs, vous pouvez cr\u00e9er l'atmosph\u00e8re souhait\u00e9e pour votre int\u00e9rieur.<\/p>\n<h3>Comment utilisez-vous Sigma Perfect Matt ?<\/h3>\n<p>Pour une finition parfaite, nous recommandons d'utiliser des accessoires de peinture professionnels. Utiliser un <strong>polyamide antispatrol<\/strong> pour les grandes surfaces et une brosse de haute qualit\u00e9 pour la finition pr\u00e9cise des angles et des bords.<\/p>\n<h3>De quelle quantit\u00e9 de Sigma Perfect Matt ai-je besoin ?<\/h3>\n<p>Avec un retour de <strong>8-11 m\u00b2 par litre<\/strong> vous pouvez calculer la quantit\u00e9 de peinture n\u00e9cessaire. Pour un mur de 100 m\u00b2, par exemple, il faut :<\/p>\n<ul>\n<li><strong>1 litre<\/strong>: Couvre environ <strong>8-11 m\u00b2<\/strong>Id\u00e9al pour les petits projets ou les pi\u00e8ces d'essai.<\/li>\n<li><strong>2,5 litres<\/strong>: Couvre environ <strong>20-25 m\u00b2<\/strong>.<\/li>\n<li><strong>5 litres<\/strong>: Couvre environ <strong>40-50 m\u00b2<\/strong>.<\/li>\n<li><strong>10 litres<\/strong>: Couvre environ <strong>80-100 m\u00b2<\/strong>selon le support et la m\u00e9thode d'application.<\/li>\n<\/ul>\n<h3>Volumes disponibles de Sigma Perfect Matt<\/h3>\n<p>Sigma Perfect Matt est disponible dans les volumes suivants :<\/p>\n<ul>\n<li><strong>1 litre<\/strong>Les r\u00e9sultats de l'analyse de l'eau peuvent \u00eatre utilis\u00e9s pour des surfaces plus petites ou des pi\u00e8ces d'essai.<\/li>\n<li><strong>2,5 litres<\/strong>Les produits de la gamme sont con\u00e7us pour les petites et moyennes surfaces, telles que le salon ou la chambre \u00e0 coucher.<\/li>\n<li><strong>5 litres<\/strong>Pour les grandes surfaces, telles qu'une pi\u00e8ce de taille moyenne ou plusieurs pi\u00e8ces.<\/li>\n<li><strong>10 litres<\/strong>: Id\u00e9al pour les grandes surfaces, par exemple pour plusieurs pi\u00e8ces ou un grand espace.<\/li>\n<\/ul>\n<h3>Temps de s\u00e9chage de Sigma Perfect Matt<\/h3>\n<p>La peinture est s\u00e8che \u00e0 la poussi\u00e8re apr\u00e8s environ <strong>1 heure<\/strong>sans collage apr\u00e8s l'application de la <strong>4 heures<\/strong> et peignable apr\u00e8s <strong>4 heures<\/strong>Le temps de s\u00e9chage d\u00e9pend de l'\u00e9paisseur de la couche et de la temp\u00e9rature ambiante. Pour les couleurs fonc\u00e9es, le temps de s\u00e9chage peut \u00eatre l\u00e9g\u00e8rement plus long.<\/p>\n<h3>Profitez de nos offres Sigma Perfect Matt<\/h3>\n<p>Gr\u00e2ce \u00e0 des remises attrayantes, vous pouvez d\u00e9sormais profiter de prix tr\u00e8s avantageux pour Sigma Perfect Matt, ce qui vous permet d'acheter une peinture de haute qualit\u00e9 \u00e0 un prix encore plus avantageux.<\/p>\n<h3>Pourquoi acheter Sigma Perfect Matt chez Paintstore.fr ?<\/h3>\n<p>Au <strong>Paintstore.be<\/strong> vous \u00eates assur\u00e9 d'une livraison rapide, de la satisfaction du client et d'un service fiable. Vous pouvez compter sur des conseils d'experts et une exp\u00e9rience d'achat sans tracas.<\/p>\n<h3><\/h3>\n<p><a title=\"Fiche technique\" target=\"_blank\" rel=\"noopener\" href=\"https:\/\/paintstore.be\/wp-content\/uploads\/2025\/10\/Sigma-Perfect-Matt-technische-fiche.pdf\">Cliquez ici pour t\u00e9l\u00e9charger la fiche technique<\/a><br \/><\/section>\n<\/details>\n<h3><\/h3>\n<div><span><\/span><\/div>\n<h3><\/h3>","protected":false},"excerpt":{"rendered":"<p>Bekijk hier de verschillende kleurenkaarten Waarom kiezen voor Sigma Perfect Matt? Sigma Perfect Matt is een hoogwaardige, watergedragen muurverf voor binnen die zorgt voor een perfecte, egale en aanzetvrije afwerking van wanden en plafonds. Dankzij de Smooth Layer Technology biedt deze verf een schitterend matte afwerking zonder storende glans. Deze verf is ideaal voor ruimtes [&hellip;]<\/p>\n","protected":false},"featured_media":858,"comment_status":"open","ping_status":"closed","template":"","meta":[],"product_brand":[90],"product_cat":[117,116,31],"product_tag":[],"class_list":{"0":"post-763","1":"product","2":"type-product","3":"status-publish","4":"has-post-thumbnail","6":"product_brand-sigma-coatings","7":"product_cat-verf-muurverf-binnen-muurverf","8":"product_cat-verf-muurverf-binnen-plafondverf","9":"product_cat-verf","10":"pa_basis-waterbasis","11":"pa_binnen-buiten-binnen","12":"pa_certificering-cradle-to-cradle-silver","13":"pa_certificering-indoor-air-comfort","14":"pa_eigenschappen-grond-en-afwerkingslaag-in-een-2","15":"pa_eigenschappen-lange-open-tijd","16":"pa_eigenschappen-waterdampdoorlatend","17":"pa_eigenschappen-weinig-gevoelig-voor-opglimmen","18":"pa_eigenschappen-zeer-goed-bij-te-werken","19":"pa_eigenschappen-zeer-goede-dekking","20":"pa_glansgraad-mat","21":"pa_inhoud-10l","22":"pa_inhoud-1l","23":"pa_inhoud-2-5l","24":"pa_inhoud-5l","25":"pa_kleur-gekleurd","26":"pa_kleur-wit","27":"pa_merk-sigma-coatings","28":"pa_ondergrond-gipsplaten","29":"pa_ondergrond-glasweefsel-glasvlies","30":"pa_ondergrond-muren-plafonds","31":"pa_ondergrond-oude-verflagen","32":"pa_overschilderbaar-vanaf-4-uur","33":"pa_schrobklasse-klasse-1-hoogste-schrobvastheid-2","34":"pa_upc-694","36":"first","37":"instock","38":"shipping-taxable","39":"purchasable","40":"product-type-variable"},"_links":{"self":[{"href":"https:\/\/medv-design.org\/fr\/wp-json\/wp\/v2\/product\/763","targetHints":{"allow":["GET"]}}],"collection":[{"href":"https:\/\/medv-design.org\/fr\/wp-json\/wp\/v2\/product"}],"about":[{"href":"https:\/\/medv-design.org\/fr\/wp-json\/wp\/v2\/types\/product"}],"replies":[{"embeddable":true,"href":"https:\/\/medv-design.org\/fr\/wp-json\/wp\/v2\/comments?post=763"}],"wp:featuredmedia":[{"embeddable":true,"href":"https:\/\/medv-design.org\/fr\/wp-json\/wp\/v2\/media\/858"}],"wp:attachment":[{"href":"https:\/\/medv-design.org\/fr\/wp-json\/wp\/v2\/media?parent=763"}],"wp:term":[{"taxonomy":"product_brand","embeddable":true,"href":"https:\/\/medv-design.org\/fr\/wp-json\/wp\/v2\/product_brand?post=763"},{"taxonomy":"product_cat","embeddable":true,"href":"https:\/\/medv-design.org\/fr\/wp-json\/wp\/v2\/product_cat?post=763"},{"taxonomy":"product_tag","embeddable":true,"href":"https:\/\/medv-design.org\/fr\/wp-json\/wp\/v2\/product_tag?post=763"}],"curies":[{"name":"wp","href":"https:\/\/api.w.org\/{rel}","templated":true}]}}