{"id":762,"date":"2025-12-08T20:01:01","date_gmt":"2025-12-08T20:01:01","guid":{"rendered":"https:\/\/medv-design.org\/product\/sigma-pearl-clean-semi-matt\/"},"modified":"2026-02-07T15:43:53","modified_gmt":"2026-02-07T15:43:53","slug":"sigma-pearl-clean-semi-matt","status":"publish","type":"product","link":"https:\/\/medv-design.org\/fr\/produit\/sigma-pearl-clean-semi-matt\/","title":{"rendered":"Sigma Pearl Clean Semi-Mat"},"content":{"rendered":"<p><a href=\"https:\/\/paintstore.be\/kleuren\/\" target=\"_blank\" rel=\"noopener\">Voir les diff\u00e9rentes cartes de couleurs ici<\/a><\/p>\n<h3><strong>Pourquoi choisir Sigma Pearl Clean Semi-Matt ?<\/strong><\/h3>\n<p>Sigma Pearl Clean Semi-Matt est une peinture murale semi-mate premium pour un usage int\u00e9rieur, con\u00e7ue pour les zones tr\u00e8s fr\u00e9quent\u00e9es n\u00e9cessitant un nettoyage r\u00e9gulier. Gr\u00e2ce \u00e0 la <strong>Technologie facile \u00e0 nettoyer<\/strong> Cette peinture offre une excellente facilit\u00e9 de nettoyage et une excellente r\u00e9sistance \u00e0 la salet\u00e9, \u00e0 la graisse, \u00e0 l\u2019huile et \u00e0 l\u2019eau. Parfait pour les cuisines, les h\u00f4pitaux, les \u00e9coles et d\u2019autres espaces o\u00f9 l\u2019hygi\u00e8ne est essentielle.<\/p>\n<h3><strong>Principaux avantages :<\/strong><\/h3>\n<ul>\n<li><strong>Excellente facilit\u00e9 de nettoyage :<\/strong> R\u00e9sistant \u00e0 une large gamme d\u2019agents professionnels de nettoyage et de d\u00e9sinfection.<\/li>\n<li><strong>R\u00e9sistant au frottement :<\/strong> Scrub classe 1 (EN 13300) pour une protection durable, m\u00eame en cas d\u2019utilisation intensive.<\/li>\n<li><strong>R\u00e9pulsif \u00e0 l\u2019eau, \u00e0 l\u2019huile et \u00e0 la graisse :<\/strong> R\u00e9duit l\u2019absorption de la salet\u00e9 pour un aspect propre et durable.<\/li>\n<li><strong>Perm\u00e9abilit\u00e9 \u00e0 la vapeur d\u2019eau :<\/strong> Assure un climat int\u00e9rieur sain en permettant aux murs de respirer.<\/li>\n<li><strong>Ne jaunit pas :<\/strong> Conserve sa valeur esth\u00e9tique m\u00eame avec une utilisation prolong\u00e9e.<\/li>\n<li><strong>Id\u00e9al pour les environnements HACCP :<\/strong> Adapt\u00e9 aux environnements o\u00f9 la nourriture est produite ou transform\u00e9e.<\/li>\n<li><strong>Respecte les normes de qualit\u00e9 de l\u2019air int\u00e9rieur (A+)<\/strong> et est certifi\u00e9 avec <strong>\u00c9colabel<\/strong>.<\/li>\n<li><strong>Peut \u00eatre utilis\u00e9 en m\u00eame temps comme appr\u00eat et couche de finition :<\/strong> Cette peinture combine deux fonctions en une, ce qui simplifie l\u2019application.<\/li>\n<li><strong>Un excellent travail :<\/strong> Offre une tr\u00e8s belle finition avec d\u2019excellents papiers \u00e0 rouler pour les meilleurs r\u00e9sultats.<\/li>\n<\/ul>\n<details>\n<summary>Plus d'informations<\/summary>\n<section>\n<h3><strong>Sigma Pearl Clean Semi-Matt m\u00e9lang\u00e9 en couleur<\/strong><\/h3>\n<p>Sigma Pearl Clean Semi-Matt est disponible dans une large gamme de couleurs, y compris des options populaires telles que <strong>RAL 9010 (blanc pur)<\/strong> en <strong>RAL 9016 (blanc trafic)<\/strong>. De plus, la peinture peut \u00eatre m\u00e9lang\u00e9e selon vos couleurs sp\u00e9cifiques en utilisant le <strong>Syst\u00e8me de couleurs Sigma<\/strong>.<\/p>\n<h3><strong>Comment utiliser Sigma Pearl Clean Semi-Matt :<\/strong><\/h3>\n<p>Utilisez des accessoires de peinture de haute qualit\u00e9 pour une finition optimale. Un rouleau en polyamide pour les surfaces plus grandes et un pinceau fin pour les coins et les bords garantissent le meilleur r\u00e9sultat.<\/p>\n<h3><strong>De combien de Sigma Pearl Clean Semi-Matt ai-je besoin ?<\/strong><\/h3>\n<p>Avec un rendement de 9 \u00e0 12 m\u00b2 par litre, vous pouvez facilement calculer la quantit\u00e9 de peinture n\u00e9cessaire pour votre projet. Par exemple, pour un mur de 100 m\u00b2 :<\/p>\n<ul>\n<li><strong>1 litre :<\/strong> Couvre environ 9 \u00e0 12 m\u00b2, id\u00e9al pour des zones plus petites.<\/li>\n<li><strong>2,5 litres :<\/strong> Couvre environ 22,5 \u00e0 30 m\u00b2.<\/li>\n<li><strong>5 litres :<\/strong> Couvre environ 45 \u00e0 60 m\u00b2.<\/li>\n<li><strong>10 litres :<\/strong> Il couvre environ 90 \u00e0 120 m\u00b2, selon la surface et la m\u00e9thode d\u2019application.<\/li>\n<\/ul>\n<h3><strong>Volumes disponibles de Sigma Pearl Clean Semi-Matt<\/strong><\/h3>\n<p>Sigma Pearl Clean Semi-Matt est disponible dans les volumes suivants :<\/p>\n<ul>\n<li><strong>1 litre :<\/strong> Pour des zones plus petites ou des pi\u00e8ces d\u2019essai.<\/li>\n<li><strong>2,5 litres :<\/strong> Adapt\u00e9 aux zones de petite \u00e0 moyenne taille.<\/li>\n<li><strong>5 litres :<\/strong> Pour les surfaces plus grandes, comme plusieurs parois.<\/li>\n<li><strong>10 litres :<\/strong> Id\u00e9al pour de grands espaces ou plusieurs pi\u00e8ces.<\/li>\n<\/ul>\n<h3><strong>Temps de s\u00e9chage du Sigma Pearl Clean Semi-Matt<\/strong><\/h3>\n<p>La peinture s\u00e8che apr\u00e8s environ une heure et peut \u00eatre repeinte apr\u00e8s 4 heures, selon l\u2019\u00e9paisseur de la couche et la temp\u00e9rature ambiante.<\/p>\n<h3><strong>Profitez de nos offres Sigma Pearl Clean Semi-Matt<\/strong><\/h3>\n<p>Profitez des grandes r\u00e9ductions et profitez du Sigma Pearl Clean Semi-Matt de haute qualit\u00e9 \u00e0 un meilleur prix.<\/p>\n<h3><strong>Pourquoi acheter Sigma Pearl Clean Semi-Matt chez Paintstore.be ?<\/strong><\/h3>\n<p>Avec Paintstore.be vous \u00eates assur\u00e9 d\u2019une livraison rapide, d\u2019une satisfaction client et d\u2019un service fiable. Vous pouvez compter sur des conseils d\u2019experts et une exp\u00e9rience d\u2019achat sans souci.<\/p>\n<\/section>\n<\/details>\n<p><a href=\"https:\/\/paintstore.be\/wp-content\/uploads\/2025\/10\/sigma-pearl-clean-semi-matt-technische-fiche.pdf\" target=\"_blank\" rel=\"noopener\">Cliquez ici pour t\u00e9l\u00e9charger la fiche technique<\/a><\/p>","protected":false},"excerpt":{"rendered":"<p>Bekijk hier de verschillende kleurenkaarten Waarom kiezen voor Sigma Pearl Clean Semi-Matt? Sigma Pearl Clean Semi-Matt is een premium semi-matte muurverf voor binnen, ontworpen voor intensief belaste ruimtes die regelmatig gereinigd moeten worden. Dankzij de Easy Clean Technologie biedt deze verf uitstekende reinigbaarheid en weerstand tegen vuil, vet, olie en water. Perfect voor keukens, ziekenhuizen, [&hellip;]<\/p>\n","protected":false},"featured_media":836,"comment_status":"open","ping_status":"closed","template":"","meta":[],"product_brand":[90],"product_cat":[137,116,31],"product_tag":[],"class_list":{"0":"post-762","1":"product","2":"type-product","3":"status-publish","4":"has-post-thumbnail","6":"product_brand-sigma-coatings","7":"product_cat-verf-muurverf-binnen-badkamer-verf","8":"product_cat-verf-muurverf-binnen-plafondverf","9":"product_cat-verf","10":"pa_basis-waterbasis","11":"pa_binnen-buiten-binnen","12":"pa_certificering-indoor-air-comfort-gold","13":"pa_eigenschappen-zeer-goede-dekking","14":"pa_glansgraad-semi-mat","15":"pa_inhoud-10l","16":"pa_inhoud-1l","17":"pa_inhoud-2-5l","18":"pa_inhoud-5l","19":"pa_kleur-gekleurd","20":"pa_kleur-wit","21":"pa_merk-sigma-coatings","22":"pa_ondergrond-oude-verflagen","23":"pa_overschilderbaar-vanaf-4-uur","24":"pa_schrobklasse-klasse-1-hoogste-schrobvastheid-2","25":"pa_upc-664","27":"first","28":"instock","29":"shipping-taxable","30":"purchasable","31":"product-type-variable"},"_links":{"self":[{"href":"https:\/\/medv-design.org\/fr\/wp-json\/wp\/v2\/product\/762","targetHints":{"allow":["GET"]}}],"collection":[{"href":"https:\/\/medv-design.org\/fr\/wp-json\/wp\/v2\/product"}],"about":[{"href":"https:\/\/medv-design.org\/fr\/wp-json\/wp\/v2\/types\/product"}],"replies":[{"embeddable":true,"href":"https:\/\/medv-design.org\/fr\/wp-json\/wp\/v2\/comments?post=762"}],"wp:featuredmedia":[{"embeddable":true,"href":"https:\/\/medv-design.org\/fr\/wp-json\/wp\/v2\/media\/836"}],"wp:attachment":[{"href":"https:\/\/medv-design.org\/fr\/wp-json\/wp\/v2\/media?parent=762"}],"wp:term":[{"taxonomy":"product_brand","embeddable":true,"href":"https:\/\/medv-design.org\/fr\/wp-json\/wp\/v2\/product_brand?post=762"},{"taxonomy":"product_cat","embeddable":true,"href":"https:\/\/medv-design.org\/fr\/wp-json\/wp\/v2\/product_cat?post=762"},{"taxonomy":"product_tag","embeddable":true,"href":"https:\/\/medv-design.org\/fr\/wp-json\/wp\/v2\/product_tag?post=762"}],"curies":[{"name":"wp","href":"https:\/\/api.w.org\/{rel}","templated":true}]}}