{"id":761,"date":"2025-12-08T20:01:01","date_gmt":"2025-12-08T20:01:01","guid":{"rendered":"https:\/\/medv-design.org\/product\/sigma-pearl-clean-matt\/"},"modified":"2026-02-07T15:43:57","modified_gmt":"2026-02-07T15:43:57","slug":"sigma-pearl-clean-matt","status":"publish","type":"product","link":"https:\/\/medv-design.org\/fr\/produit\/sigma-pearl-clean-matt\/","title":{"rendered":"Sigma Pearl Clean Matt"},"content":{"rendered":"<h3><span style=\"font-size: 14px;\"><\/span><a href=\"https:\/\/paintstore.be\/kleuren\/\" target=\"_blank\" rel=\"noopener\"><span style=\"font-size: 14px;\">Voir les diff\u00e9rentes cartes de couleurs ici<\/span><\/a><\/h3>\n<h3>Pourquoi choisir Sigma Pearl Clean Matt ?<\/h3>\n<p>Sigma Pearl Clean Matt est une peinture murale mate de haute qualit\u00e9 pour un usage int\u00e9rieur, con\u00e7ue pour des espaces \u00e0 la fois esth\u00e9tiques et faciles \u00e0 entretenir. Gr\u00e2ce \u00e0 la <strong>Technologie facile \u00e0 nettoyer<\/strong> Cette peinture offre une excellente nettoyabilit\u00e9 et une protection durable contre la salet\u00e9 et les taches. Parfait pour toute pi\u00e8ce qui entre en contact avec des taches ou de l\u2019eau.<\/p>\n<p><strong>Principaux avantages :<\/strong><\/p>\n<ul>\n<li><strong>Peut \u00eatre trait\u00e9 sans commencer\/lancer :<\/strong> Offre une finition propre et sans couture sans transitions visibles.<\/li>\n<li><strong>Excellente facilit\u00e9 de nettoyage :<\/strong> La technologie innovante facilite l\u2019\u00e9limination des taches tenaces.<\/li>\n<li><strong>R\u00e9sistant aux frottements apr\u00e8s s\u00e9chage complet :<\/strong> Frottage classe 1 (EN 13300), qui garde la peinture belle pendant longtemps, m\u00eame en usage intensif.<\/li>\n<li><strong>R\u00e9pulsif \u00e0 l\u2019eau, \u00e0 l\u2019huile et \u00e0 la graisse :<\/strong> R\u00e9duit l\u2019absorption de la salet\u00e9 pour une apparence propre et durable.<\/li>\n<li><strong>Respectueux de l\u2019environnement :<\/strong> Certifi\u00e9 par le <strong>\u00c9colabel<\/strong> en <strong>Eurofins Indoor Air Comfort Gold<\/strong> pour un choix sain.<\/li>\n<li><strong>Perm\u00e9abilit\u00e9 \u00e0 la vapeur :<\/strong> Cela contribue \u00e0 un climat int\u00e9rieur sain en permettant aux murs de respirer.<\/li>\n<li><strong>Faible odeur :<\/strong> Id\u00e9al pour peindre des espaces int\u00e9rieurs sans d\u00e9ranger les odeurs.<\/li>\n<\/ul>\n<details>\n<summary>Plus d'informations<\/summary>\n<section>\n<h3>Sigma Pearl Clean Matt par couleur mix\u00e9e<\/h3>\n<p>Le Sigma Pearl Clean Matt peut \u00eatre m\u00e9lang\u00e9 dans presque toutes les couleurs que vous souhaitez, afin de trouver la correspondance parfaite pour votre projet. Que vous choisissiez les couleurs populaires <strong>RAL 9010 (blanc pur)<\/strong> of <strong>RAL 9016 (blanc trafic)<\/strong>, la peinture est con\u00e7ue sur mesure pour cr\u00e9er l\u2019atmosph\u00e8re souhait\u00e9e dans votre espace.<\/p>\n<h3>Comment utiliser Sigma Pearl Clean Matt ?<\/h3>\n<p>Pour une finition optimale, nous recommandons d\u2019utiliser des accessoires de peinture professionnels. Utilisez un rouleau anti-\u00e9claboussures en polyamide pour les surfaces plus grandes et un pinceau de haute qualit\u00e9 pour finir les coins et les bords.<\/p>\n<h3>De combien de Sigma Pearl Clean Matt ai-je besoin ?<\/h3>\n<p>Avec un rendement de 8 \u00e0 10 m\u00b2 par litre, vous pouvez facilement calculer la quantit\u00e9 de peinture n\u00e9cessaire pour votre projet. Par exemple, pour un mur de 100 m\u00b2, vous avez :<\/p>\n<ul>\n<li><strong>1 litre :<\/strong> Couvre environ 8 \u00e0 10 m\u00b2, id\u00e9al pour des espaces plus petits ou des pi\u00e8ces d\u2019essai.<\/li>\n<li><strong>2,5 litres :<\/strong> Couvre environ 20 \u00e0 25 m\u00b2.<\/li>\n<li><strong>5 litres :<\/strong> Couvre environ 40 \u00e0 50 m\u00b2.<\/li>\n<li><strong>10 litres :<\/strong> Couvre environ 80 \u00e0 100 m\u00b2, selon le substrat et la m\u00e9thode d\u2019application.<\/li>\n<\/ul>\n<h3>Volumes disponibles de Sigma Pearl Clean Matt<\/h3>\n<p>Sigma Pearl Clean Matt est disponible dans les volumes suivants :<\/p>\n<ul>\n<li><strong>1 litre :<\/strong> Adapt\u00e9 aux surfaces plus petites ou aux pi\u00e8ces d\u2019essai.<\/li>\n<li><strong>2,5 litres :<\/strong> Adapt\u00e9 aux espaces de petite \u00e0 moyenne taille, comme un salon ou une chambre.<\/li>\n<li><strong>5 litres :<\/strong> Pour les espaces plus grands, comme une pi\u00e8ce de taille moyenne ou plusieurs murs.<\/li>\n<li><strong>10 litres :<\/strong> Id\u00e9al pour de grandes surfaces, par exemple plusieurs pi\u00e8ces ou une grande pi\u00e8ce.<\/li>\n<\/ul>\n<h3>Temps de s\u00e9chage du Sigma Pearl Clean Matt<\/h3>\n<p>La peinture s\u00e8che apr\u00e8s environ une heure et peut \u00eatre repeinte apr\u00e8s 4 heures, selon l\u2019\u00e9paisseur de la couche et la temp\u00e9rature ambiante. Avec des couleurs plus fonc\u00e9es, le temps de s\u00e9chage peut \u00eatre l\u00e9g\u00e8rement plus long.<\/p>\n<h3>Profitez de nos offres Sigma Pearl Clean Matt<\/h3>\n<p>Avec des r\u00e9ductions attractives, vous pouvez d\u00e9sormais profiter de prix suppl\u00e9mentaires pour Sigma Pearl Clean Matt. Ainsi, vous pouvez acheter de la peinture de haute qualit\u00e9 \u00e0 un prix encore meilleur.<\/p>\n<h3>Pourquoi acheter Sigma Pearl Clean Matt chez Paintstore.be ?<\/h3>\n<p>Avec Paintstore.be vous \u00eates assur\u00e9 d\u2019une livraison rapide, d\u2019une satisfaction client et d\u2019un service fiable. Vous pouvez compter sur des conseils d\u2019experts et une exp\u00e9rience d\u2019achat sans souci.<\/p>\n<\/section>\n<\/details>\n<p><a title=\"Fiche technique\" target=\"_blank\" rel=\"noopener\" href=\"https:\/\/paintstore.be\/wp-content\/uploads\/2025\/10\/Sigma-Pearl-Clean-Matt-technische-fiche.pdf\">Cliquez ici pour t\u00e9l\u00e9charger la fiche technique<br \/><\/a><\/p>","protected":false},"excerpt":{"rendered":"<p>Bekijk hier de verschillende kleurenkaarten Waarom kiezen voor Sigma Pearl Clean Matt? Sigma Pearl Clean Matt is een hoogwaardige, matte muurverf voor binnen, ontworpen voor ruimtes die zowel esthetisch aantrekkelijk als makkelijk te onderhouden moeten zijn. Dankzij de Easy Clean Technologie biedt deze verf een uitstekende reinigbaarheid en langdurige bescherming tegen vuil en vlekken. Perfect [&hellip;]<\/p>\n","protected":false},"featured_media":847,"comment_status":"open","ping_status":"closed","template":"","meta":[],"product_brand":[90],"product_cat":[117,116,31],"product_tag":[],"class_list":{"0":"post-761","1":"product","2":"type-product","3":"status-publish","4":"has-post-thumbnail","6":"product_brand-sigma-coatings","7":"product_cat-verf-muurverf-binnen-muurverf","8":"product_cat-verf-muurverf-binnen-plafondverf","9":"product_cat-verf","10":"pa_basis-waterbasis","11":"pa_binnen-buiten-binnen","12":"pa_certificering-indoor-air-comfort-gold","13":"pa_eigenschappen-zeer-goede-dekking","14":"pa_glansgraad-mat","15":"pa_inhoud-10l","16":"pa_inhoud-1l","17":"pa_inhoud-2-5l","18":"pa_inhoud-5l","19":"pa_kleur-gekleurd","20":"pa_kleur-wit","21":"pa_merk-sigma-coatings","22":"pa_ondergrond-oude-verflagen","23":"pa_overschilderbaar-vanaf-4-uur","24":"pa_schrobklasse-klasse-1-hoogste-schrobvastheid-2","25":"pa_upc-653","27":"first","28":"instock","29":"shipping-taxable","30":"purchasable","31":"product-type-variable"},"_links":{"self":[{"href":"https:\/\/medv-design.org\/fr\/wp-json\/wp\/v2\/product\/761","targetHints":{"allow":["GET"]}}],"collection":[{"href":"https:\/\/medv-design.org\/fr\/wp-json\/wp\/v2\/product"}],"about":[{"href":"https:\/\/medv-design.org\/fr\/wp-json\/wp\/v2\/types\/product"}],"replies":[{"embeddable":true,"href":"https:\/\/medv-design.org\/fr\/wp-json\/wp\/v2\/comments?post=761"}],"wp:featuredmedia":[{"embeddable":true,"href":"https:\/\/medv-design.org\/fr\/wp-json\/wp\/v2\/media\/847"}],"wp:attachment":[{"href":"https:\/\/medv-design.org\/fr\/wp-json\/wp\/v2\/media?parent=761"}],"wp:term":[{"taxonomy":"product_brand","embeddable":true,"href":"https:\/\/medv-design.org\/fr\/wp-json\/wp\/v2\/product_brand?post=761"},{"taxonomy":"product_cat","embeddable":true,"href":"https:\/\/medv-design.org\/fr\/wp-json\/wp\/v2\/product_cat?post=761"},{"taxonomy":"product_tag","embeddable":true,"href":"https:\/\/medv-design.org\/fr\/wp-json\/wp\/v2\/product_tag?post=761"}],"curies":[{"name":"wp","href":"https:\/\/api.w.org\/{rel}","templated":true}]}}