{"id":759,"date":"2025-12-08T20:01:00","date_gmt":"2025-12-08T20:01:00","guid":{"rendered":"https:\/\/medv-design.org\/product\/sigma-multiprimer-aqua\/"},"modified":"2026-02-07T15:44:04","modified_gmt":"2026-02-07T15:44:04","slug":"sigma-multiprimer-aqua","status":"publish","type":"product","link":"https:\/\/medv-design.org\/fr\/produit\/sigma-multiprimer-aqua\/","title":{"rendered":"Sigma Multiprimer Aqua"},"content":{"rendered":"<p><a href=\"https:\/\/paintstore.be\/kleuren\/\" target=\"_blank\" rel=\"noopener\">Voir les diff\u00e9rentes cartes de couleurs ici<\/a><\/p>\n<h3>Pourquoi choisir Sigma Multiprimer Aqua ?<\/h3>\n<p>De <strong>Sigma Multiprimer Aqua<\/strong> est un appr\u00eat anticorrosion \u00e0 base d\u2019eau, excellent pour les applications int\u00e9rieures et ext\u00e9rieures. Bas\u00e9 sur une r\u00e9sine acrylique modifi\u00e9e par alkyde, cette appr\u00eat offre une solide liaison \u00e0 divers substrats tels que l\u2019acier, l\u2019aluminium, le zinc et le bois, et peut \u00e9galement \u00eatre appliqu\u00e9 sur de vieilles couches de peinture intactes. Gr\u00e2ce \u00e0 sa polyvalence et \u00e0 son s\u00e9chage rapide, cet appr\u00eat est id\u00e9al pour les professionnels et les amateurs de bricolage qui souhaitent un sous-poil durable et profond.<\/p>\n<h3>Principaux avantages<\/h3>\n<ul>\n<li><strong>S\u00e9chage rapide<\/strong>: Plusieurs couches peuvent \u00eatre appliqu\u00e9es en une seule journ\u00e9e.<\/li>\n<li><strong>Attache rapide<\/strong>: Assure un lien solide d\u00e8s le d\u00e9part.<\/li>\n<li><strong>Adh\u00e9rence largement applicable<\/strong>: Adh\u00e9re parfaitement \u00e0 une large gamme de substrats, du m\u00e9tal au bois.<\/li>\n<li><strong>Anticorrosion<\/strong>: Prot\u00e8ge les substrats m\u00e9talliques de la rouille.<\/li>\n<li><strong>Peut \u00eatre repeint avec des peintures \u00e0 base d\u2019eau<\/strong>: Apr\u00e8s s\u00e9chage, adapt\u00e9 \u00e0 la couche de finition avec des produits \u00e0 base d\u2019eau.<\/li>\n<li><strong>Bon d\u00e9bit et couverture<\/strong>: Pour une finition uniforme et \u00e9l\u00e9gante.<\/li>\n<li><strong>Non inflammable<\/strong>: S\u00fbr \u00e0 utiliser et \u00e0 stocker.<\/li>\n<li><strong>Adapt\u00e9 \u00e0 la charge de corrosion du C2<\/strong>: Conforme \u00e0 la norme NEN-EN-ISO 12944-2 pour les environnements de corrosion l\u00e9g\u00e8re.<\/li>\n<\/ul>\n<h3>De combien de Sigma Multiprimer Aqua ai-je besoin ?<\/h3>\n<p>Avec un rendement th\u00e9orique de 15 m\u00b2 par litre \u00e0 une \u00e9paisseur de film sec de 30 microm\u00e8tres, on peut facilement calculer la quantit\u00e9 requise. Par exemple, pour une surface de 15 m\u00b2, vous avez :<\/p>\n<ul>\n<li><strong>1 litre<\/strong>: Couvre environ 15 m\u00b2.<\/li>\n<li><strong>2,5 litres<\/strong>: Couvre environ 37,5 m\u00b2 selon la surface et la m\u00e9thode d\u2019application.<\/li>\n<\/ul>\n<details>\n<summary>Plus d'informations<\/summary>\n<section>\n<h3>Sigma Multiprimer Aqua m\u00e9lang\u00e9 par couleur<\/h3>\n<p>De <strong>Sigma Multiprimer Aqua<\/strong>  On peut les m\u00e9langer selon vos go\u00fbts. En plus des couleurs standard du Sigma Voice of Colour Chart et du Sigma Colour System C21.3, des teintes populaires telles que <strong>RAL 9010 (blanc pur)<\/strong> en <strong>RAL 9016 (blanc trafic)<\/strong> disponible. De plus, presque toutes les couleurs d\u2019autres marques ou collections de couleurs peuvent aussi \u00eatre assembl\u00e9es pour vous.<\/p>\n<h3>Comment utiliser Sigma Multiprimer Aqua ?<\/h3>\n<p>Pour des r\u00e9sultats optimaux, nous recommandons d\u2019utiliser des accessoires de peinture de qualit\u00e9. Pour les surfaces plus grandes, il est pr\u00e9f\u00e9rable d\u2019utiliser un rouleau en microfibre, tandis qu\u2019un pinceau convient aux bords et aux zones difficiles d\u2019acc\u00e8s. Assurez-vous que le substrat est bien pr\u00e9par\u00e9 pour favoriser l\u2019adh\u00e9rence et la finition de l\u2019appr\u00eat.<\/p>\n<h3>Volumes disponibles de Sigma Multiprimer Aqua<\/h3>\n<p>De <strong>Sigma Multiprimer Aqua<\/strong> est disponible dans les volumes suivants :<\/p>\n<ul>\n<li><strong>1 litre<\/strong> \u2013 Adapt\u00e9 aux petites surfaces ou \u00e0 la retouche de plus petites zones.<\/li>\n<li><strong>2,5 litres<\/strong> \u2013 Id\u00e9al pour les surfaces de taille moyenne telles que les cadres de fen\u00eatres et les portes.<\/li>\n<\/ul>\n<h3>Temps de s\u00e9chage du Sigma Multiprimer Aqua<\/h3>\n<p>De <strong>Sigma Multiprimer Aqua<\/strong>  Il est sec apr\u00e8s environ 30 minutes, d\u00e9tach\u00e9 apr\u00e8s 2 heures et peut \u00eatre repeint par-dessus apr\u00e8s 4 heures, selon la temp\u00e9rature et l\u2019humidit\u00e9.<\/p>\n<h3>Profiteer van onze Sigma Multiprimer Aqua aanbiedingen<\/h3>\n<p>Op <strong>Paintstore.be<\/strong> vind je aantrekkelijke kortingen op de <strong>Sigma Multiprimer Aqua<\/strong>. Hiermee kun je kwaliteitsverf aanschaffen tegen een scherpe prijs.<\/p>\n<h3>Waarom Sigma Multiprimer Aqua bij Paintstore.be kopen?<\/h3>\n<p>Au <strong>Paintstore.be<\/strong>  profiteer je van een snelle levering, deskundig advies en een  uitstekende klantenservice. Wij helpen je graag om jouw project zonder  zorgen af te ronden, van bestelling tot de afwerking.<\/p>\n<\/section>\n<\/details>\n<p><a href=\"https:\/\/paintstore.be\/wp-content\/uploads\/2025\/10\/Sigma-Multiprimer-Aqua-technische-fiche.pdf\" title=\"Fiche technique\" target=\"_blank\" rel=\"noopener\">Cliquez ici pour t\u00e9l\u00e9charger la fiche technique<br \/><\/a><\/p>","protected":false},"excerpt":{"rendered":"<p>Bekijk hier de verschillende kleurenkaarten Waarom kiezen voor Sigma Multiprimer Aqua? De Sigma Multiprimer Aqua is een watergedragen, corrosiewerende primer die uitstekend geschikt is voor binnen- en buitentoepassingen. Op basis van alkydgemodificeerde acrylaathars biedt deze primer een sterke hechting op diverse ondergronden zoals staal, aluminium, zink, en hout, en kan tevens worden aangebracht op oude, [&hellip;]<\/p>\n","protected":false},"featured_media":1015,"comment_status":"open","ping_status":"closed","template":"","meta":[],"product_brand":[90],"product_cat":[135,118,134],"product_tag":[],"class_list":{"0":"post-759","1":"product","2":"type-product","3":"status-publish","4":"has-post-thumbnail","6":"product_brand-sigma-coatings","7":"product_cat-verf-grondverf-primers-multiprimer-hechtprimer","8":"product_cat-verf-grondverf-primers-primer-voor-mdf","9":"product_cat-verf-grondverf-primers-roestwerende-primer","10":"pa_basis-waterbasis","11":"pa_binnen-buiten-buiten","12":"pa_eigenschappen-sneldrogend","13":"pa_inhoud-0-5l","14":"pa_inhoud-1l","15":"pa_inhoud-2-5l","16":"pa_kleur-gekleurd","17":"pa_kleur-wit","18":"pa_merk-sigma-coatings","19":"pa_ondergrond-metaal","20":"pa_overschilderbaar-vanaf-4-uur","21":"pa_upc-585","23":"first","24":"instock","25":"shipping-taxable","26":"purchasable","27":"product-type-variable"},"_links":{"self":[{"href":"https:\/\/medv-design.org\/fr\/wp-json\/wp\/v2\/product\/759","targetHints":{"allow":["GET"]}}],"collection":[{"href":"https:\/\/medv-design.org\/fr\/wp-json\/wp\/v2\/product"}],"about":[{"href":"https:\/\/medv-design.org\/fr\/wp-json\/wp\/v2\/types\/product"}],"replies":[{"embeddable":true,"href":"https:\/\/medv-design.org\/fr\/wp-json\/wp\/v2\/comments?post=759"}],"wp:featuredmedia":[{"embeddable":true,"href":"https:\/\/medv-design.org\/fr\/wp-json\/wp\/v2\/media\/1015"}],"wp:attachment":[{"href":"https:\/\/medv-design.org\/fr\/wp-json\/wp\/v2\/media?parent=759"}],"wp:term":[{"taxonomy":"product_brand","embeddable":true,"href":"https:\/\/medv-design.org\/fr\/wp-json\/wp\/v2\/product_brand?post=759"},{"taxonomy":"product_cat","embeddable":true,"href":"https:\/\/medv-design.org\/fr\/wp-json\/wp\/v2\/product_cat?post=759"},{"taxonomy":"product_tag","embeddable":true,"href":"https:\/\/medv-design.org\/fr\/wp-json\/wp\/v2\/product_tag?post=759"}],"curies":[{"name":"wp","href":"https:\/\/api.w.org\/{rel}","templated":true}]}}