{"id":758,"date":"2025-12-08T20:01:00","date_gmt":"2025-12-08T20:01:00","guid":{"rendered":"https:\/\/medv-design.org\/product\/sigma-multiprimer\/"},"modified":"2026-02-07T15:44:07","modified_gmt":"2026-02-07T15:44:07","slug":"sigma-multiprimer","status":"publish","type":"product","link":"https:\/\/medv-design.org\/fr\/produit\/sigma-multiprimer\/","title":{"rendered":"Sigma Multiprimer"},"content":{"rendered":"<p><a href=\"https:\/\/paintstore.be\/kleuren\/\" target=\"_blank\" rel=\"noopener\">Voir les diff\u00e9rentes cartes de couleurs ici<\/a><\/p>\n<div>\n<div>\n<div>\n<h3>Pourquoi choisir le Sigma Multiprimer ?<\/h3>\n<p><strong>Sigma Multiprimer<\/strong> est un appr\u00eat polyvalent \u00e0 base de solvants adh\u00e9rents et antirouille, destin\u00e9 \u00e0 des applications int\u00e9rieures et ext\u00e9rieures. Cet appr\u00eat innovant convient \u00e0 divers substrats tels que l\u2019acier, l\u2019aluminium, le cuivre, le zinc, l\u2019acier galvanis\u00e9 \u00e0 chaud, l\u2019acier inoxydable, divers plastiques, le bois, les mat\u00e9riaux de panneaux de bois et le verre. Il offre une excellente protection contre la rouille et offre une forte adh\u00e9rence \u00e0 une grande vari\u00e9t\u00e9 de mat\u00e9riaux, ce qui en fait un choix id\u00e9al pour une grande vari\u00e9t\u00e9 de travaux de peinture. Le produit peut \u00e9galement \u00eatre utilis\u00e9 sur des couches de peinture existantes, intactes ou ponc\u00e9es.<\/p>\n<h3>Avantages du multiamorce Sigma<\/h3>\n<ul>\n<li><strong>S\u00e9chage rapide<\/strong> : Plusieurs couches peuvent \u00eatre appliqu\u00e9es en une seule journ\u00e9e, ce qui augmente l\u2019efficacit\u00e9.<\/li>\n<li><strong>Adh\u00e9rence rapide<\/strong> : Le produit adh\u00e8re rapidement \u00e0 diff\u00e9rentes surfaces.<\/li>\n<li><strong>Excellente adh\u00e9rence<\/strong> : Adapt\u00e9 \u00e0 une large gamme de substrats, y compris les m\u00e9taux, les plastiques et le bois.<\/li>\n<li><strong>Anticorrosion<\/strong> : Prot\u00e8ge contre la rouille et la corrosion, id\u00e9al pour les surfaces m\u00e9talliques.<\/li>\n<li><strong>Belle circulation<\/strong> : Offre une finition lisse et uniforme.<\/li>\n<li><strong>Bonne couverture<\/strong> : L\u2019appr\u00eat couvre bien et pr\u00e9pare le substrat pour une finition parfaite.<\/li>\n<li><strong>A peindre<\/strong> : Peut \u00eatre repeint avec des peintures \u00e0 base d\u2019eau et \u00e0 base de solvant.<\/li>\n<li><strong>Adapt\u00e9 \u00e0 la cat\u00e9gorie de charge de corrosion C3<\/strong> : Respecte les normes du NEN-EN-ISO 12944-2 pour une r\u00e9sistance mod\u00e9r\u00e9e \u00e0 la corrosion.<\/li>\n<\/ul>\n<h3>De combien de Sigma Multiprimer dois-je avoir besoin ?<\/h3>\n<p>Le <strong>Rendement pratique<\/strong> de <strong>Sigma Multiprimer<\/strong> c\u2019est \u00e0 propos <strong>12,5 m\u00b2 par litre<\/strong> avec une \u00e9paisseur de film sec de 40 \u03bcm, selon la nature et le profil de la surface, la m\u00e9thode d\u2019application, l\u2019exp\u00e9rience et les conditions m\u00e9t\u00e9orologiques.<\/p>\n<details>\n<summary>Plus d'informations<\/summary>\n<section>\n<h3>Multiprimer Sigma et couleurs m\u00e9lang\u00e9es<\/h3>\n<p><strong>Sigma Multiprimer<\/strong> est disponible en <strong>Blanc<\/strong> et pratiquement toutes les couleurs de la <strong>Gamme Sigma C21.3<\/strong>.  Veuillez noter qu\u2019il peut y avoir de l\u00e9g\u00e8res variations de couleur. Ce produit est id\u00e9al pour ceux qui recherchent une bonne couche de base pour leur peinture, surtout lorsqu\u2019une forte adh\u00e9rence sur diff\u00e9rentes surfaces est requise. Il est \u00e9galement disponible dans <strong>Couleurs mixtes<\/strong>, ce qui augmente la flexibilit\u00e9 selon les projets.<\/p>\n<h3>Disponibilit\u00e9 du multiprimer Sigma<\/h3>\n<p><strong>Sigma Multiprimer<\/strong> est disponible en <strong>1 litre et 2,5 litres<\/strong>. Cela le rend adapt\u00e9 aussi bien aux petits comme aux grands travaux de peinture.<\/p>\n<h3>Profitez de nos offres sur Sigma Multiprimer<\/h3>\n<p>Commandez maintenant <strong>Sigma Multiprimer<\/strong> op <strong>Paintstore.be<\/strong> Pour une livraison rapide et de bons prix.<\/p>\n<h3>Pourquoi acheter le multiprimer Sigma chez Paintstore.be ?<\/h3>\n<p>Au <strong>Paintstore.be<\/strong>  Vous pouvez compter sur des produits de qualit\u00e9 et un excellent service client.  Profitez de nos prix comp\u00e9titifs et de la livraison rapide pour <strong>Sigma Multiprimer<\/strong>. Commencez votre projet d\u00e8s aujourd\u2019hui et appliquez la meilleure finition possible !<\/p>\n<\/section>\n<\/details>\n<p><a title=\"Multamor\u00e7ateur\" target=\"_blank\" rel=\"noopener\" href=\"https:\/\/paintstore.be\/wp-content\/uploads\/2025\/10\/Sigma-Multiprimer-technische-fiche.pdf\">Cliquez ici pour t\u00e9l\u00e9charger la fiche technique<br \/><\/a><\/div>\n<\/div>\n<\/div>","protected":false},"excerpt":{"rendered":"<p>Bekijk hier de verschillende kleurenkaarten Waarom kiezen voor Sigma Multiprimer ? Sigma Multiprimer is een veelzijdige hecht- en roestwerende solventgedragen primer voor zowel binnen- als buitentoepassingen. Deze innovatieve primer is geschikt voor verschillende ondergronden zoals staal, aluminium, koper, zink, thermisch verzinkt staal, inox, diverse kunststoffen, hout, houtplaatmaterialen en glas. Het biedt uitstekende bescherming tegen roest [&hellip;]<\/p>\n","protected":false},"featured_media":997,"comment_status":"open","ping_status":"closed","template":"","meta":[],"product_brand":[90],"product_cat":[135,118,134],"product_tag":[],"class_list":{"0":"post-758","1":"product","2":"type-product","3":"status-publish","4":"has-post-thumbnail","6":"product_brand-sigma-coatings","7":"product_cat-verf-grondverf-primers-multiprimer-hechtprimer","8":"product_cat-verf-grondverf-primers-primer-voor-mdf","9":"product_cat-verf-grondverf-primers-roestwerende-primer","10":"pa_basis-solventbasis","11":"pa_binnen-buiten-binnen","12":"pa_eigenschappen-uitstekende-hechting","13":"pa_glansgraad-mat","14":"pa_inhoud-1l","15":"pa_inhoud-2-5l","16":"pa_kleur-gekleurd","17":"pa_kleur-wit","18":"pa_merk-sigma-coatings","19":"pa_ondergrond-tegels-steen","20":"pa_overschilderbaar-vanaf-3-uur","21":"pa_upc-691","23":"first","24":"instock","25":"shipping-taxable","26":"purchasable","27":"product-type-variable"},"_links":{"self":[{"href":"https:\/\/medv-design.org\/fr\/wp-json\/wp\/v2\/product\/758","targetHints":{"allow":["GET"]}}],"collection":[{"href":"https:\/\/medv-design.org\/fr\/wp-json\/wp\/v2\/product"}],"about":[{"href":"https:\/\/medv-design.org\/fr\/wp-json\/wp\/v2\/types\/product"}],"replies":[{"embeddable":true,"href":"https:\/\/medv-design.org\/fr\/wp-json\/wp\/v2\/comments?post=758"}],"wp:featuredmedia":[{"embeddable":true,"href":"https:\/\/medv-design.org\/fr\/wp-json\/wp\/v2\/media\/997"}],"wp:attachment":[{"href":"https:\/\/medv-design.org\/fr\/wp-json\/wp\/v2\/media?parent=758"}],"wp:term":[{"taxonomy":"product_brand","embeddable":true,"href":"https:\/\/medv-design.org\/fr\/wp-json\/wp\/v2\/product_brand?post=758"},{"taxonomy":"product_cat","embeddable":true,"href":"https:\/\/medv-design.org\/fr\/wp-json\/wp\/v2\/product_cat?post=758"},{"taxonomy":"product_tag","embeddable":true,"href":"https:\/\/medv-design.org\/fr\/wp-json\/wp\/v2\/product_tag?post=758"}],"curies":[{"name":"wp","href":"https:\/\/api.w.org\/{rel}","templated":true}]}}