{"id":756,"date":"2025-12-08T20:01:00","date_gmt":"2025-12-08T20:01:00","guid":{"rendered":"https:\/\/medv-design.org\/product\/sigmafloor-satin\/"},"modified":"2026-02-07T15:44:14","modified_gmt":"2026-02-07T15:44:14","slug":"sigmafloor-satin","status":"publish","type":"product","link":"https:\/\/medv-design.org\/fr\/produit\/sigmafloor-satin\/","title":{"rendered":"Sigmafloor Satin"},"content":{"rendered":"<h3>Sigma Sigmafloor Satin \u2013 Peinture de sol styl\u00e9e pour chaque application<\/h3>\n<h4>Protection durable pour vos sols<\/h4>\n<p><strong>Sigma Sigma Sigma Satin de sol<\/strong> est une peinture de sol de haute qualit\u00e9, sp\u00e9cialement d\u00e9velopp\u00e9e pour des applications int\u00e9rieures et ext\u00e9rieures. Cette peinture offre une finition satin\u00e9e \u00e9l\u00e9gante qui est non seulement attrayante visuellement, mais aussi une excellente protection contre les \u00e9raflures, les rayures et l\u2019humidit\u00e9.<\/p>\n<h4>Pourquoi choisir Sigma Sigma Sigmafloor satin ?<\/h4>\n<ul>\n<li><strong>Finition \u00e9l\u00e9gante :<\/strong> Le satin \u00e9clatant donne un aspect luxueux \u00e0 vos sols et les rend faciles \u00e0 entretenir.<\/li>\n<li><strong>Durable et r\u00e9sistant aux intemp\u00e9ries :<\/strong> Adapt\u00e9 aux environnements r\u00e9sidentiels et commerciaux, avec une excellente r\u00e9sistance \u00e0 l\u2019humidit\u00e9 et \u00e0 la salet\u00e9.<\/li>\n<li><strong>Application facile :<\/strong> Facile \u00e0 appliquer avec un rouleau ou un pinceau, avec une excellente couverture et une finition lisse.<\/li>\n<li><strong>Sneldrogend:<\/strong> S\u00e9chage rapide, pour pouvoir utiliser rapidement votre espace sans longues attentes.<\/li>\n<li><strong>Excellente adh\u00e9rence :<\/strong> Le Sigma Sigmafloor Satin adh\u00e8re bien \u00e0 diff\u00e9rentes surfaces, ce qui assure une finition durable.<\/li>\n<\/ul>\n<h4>Sigma Sigmafloor Satin \u2013 Parfait pour toutes vos applications de rev\u00eatement de sol<\/h4>\n<p>Que vous souhaitiez installer un nouveau sol ou r\u00e9nover un ancien sol, Sigma Sigmafloor Satin offre la combinaison parfaite de beaut\u00e9 et de fonctionnalit\u00e9. Cette peinture pour sol convient \u00e0 diverses surfaces, comme le bois, le b\u00e9ton et les carrelages, et garantit que vos sols restent toujours beaux.<\/p>\n<h4>Commandez facilement le satin Sigma Sigmafloor en ligne sur Paintstore.be<\/h4>\n<p>Au <strong>Paintstore.be<\/strong> vous pouvez commander rapidement et facilement le satin Sigma Sigmafloor en ligne. Profitez de nos prix comp\u00e9titifs et de la livraison rapide, pour que votre projet de peinture ne s\u2019arr\u00eate jamais. Que vous soyez un professionnel ou un passionn\u00e9 de bricolage, Sigma Sigmafloor Satin offre la protection id\u00e9ale pour tous vos sols.<\/p>\n<p><strong>Offrez \u00e0 vos sols l\u2019apparence et la protection qu\u2019ils m\u00e9ritent avec Sigma Sigmafloor Satin et commandez chez Paintstore.be d\u00e8s aujourd\u2019hui !<\/strong><\/p>\n<p><strong><a href=\"https:\/\/paintstore.be\/wp-content\/uploads\/2025\/10\/Sigma-Sigmafloor-Satin-technische-fiche.pdf\" target=\"_blank\" rel=\"noopener\">Cliquez ici pour t\u00e9l\u00e9charger la fiche technique<\/a><br \/><\/strong><\/p>","protected":false},"excerpt":{"rendered":"<p>Sigma Sigmafloor Satin \u2013 Stijlvolle Vloerverf voor Elke Toepassing Duurzame Bescherming voor Jouw Vloeren Sigma Sigmafloor Satin is een hoogwaardige vloerverf die speciaal is ontwikkeld voor zowel binnen- als buitentoepassingen. Deze verf biedt een elegante satijnen afwerking die niet alleen visueel aantrekkelijk is, maar ook uitstekende bescherming biedt tegen slijtage, krassen en vocht. Waarom Kiezen [&hellip;]<\/p>\n","protected":false},"featured_media":900,"comment_status":"open","ping_status":"closed","template":"","meta":[],"product_brand":[90],"product_cat":[31,132],"product_tag":[],"class_list":{"0":"post-756","1":"product","2":"type-product","3":"status-publish","4":"has-post-thumbnail","6":"product_brand-sigma-coatings","7":"product_cat-verf","8":"product_cat-verf-vloerverf","9":"pa_basis-solventbasis","10":"pa_binnen-buiten-binnen","11":"pa_eigenschappen-kras-en-slijtvast","12":"pa_glansgraad-zijdeglans","13":"pa_inhoud-2-5l","14":"pa_kleur-gekleurd","15":"pa_kleur-wit","16":"pa_merk-sigma-coatings","17":"pa_ondergrond-hout","18":"pa_upc-675","20":"first","21":"instock","22":"shipping-taxable","23":"product-type-variable"},"_links":{"self":[{"href":"https:\/\/medv-design.org\/fr\/wp-json\/wp\/v2\/product\/756","targetHints":{"allow":["GET"]}}],"collection":[{"href":"https:\/\/medv-design.org\/fr\/wp-json\/wp\/v2\/product"}],"about":[{"href":"https:\/\/medv-design.org\/fr\/wp-json\/wp\/v2\/types\/product"}],"replies":[{"embeddable":true,"href":"https:\/\/medv-design.org\/fr\/wp-json\/wp\/v2\/comments?post=756"}],"wp:featuredmedia":[{"embeddable":true,"href":"https:\/\/medv-design.org\/fr\/wp-json\/wp\/v2\/media\/900"}],"wp:attachment":[{"href":"https:\/\/medv-design.org\/fr\/wp-json\/wp\/v2\/media?parent=756"}],"wp:term":[{"taxonomy":"product_brand","embeddable":true,"href":"https:\/\/medv-design.org\/fr\/wp-json\/wp\/v2\/product_brand?post=756"},{"taxonomy":"product_cat","embeddable":true,"href":"https:\/\/medv-design.org\/fr\/wp-json\/wp\/v2\/product_cat?post=756"},{"taxonomy":"product_tag","embeddable":true,"href":"https:\/\/medv-design.org\/fr\/wp-json\/wp\/v2\/product_tag?post=756"}],"curies":[{"name":"wp","href":"https:\/\/api.w.org\/{rel}","templated":true}]}}