{"id":755,"date":"2025-12-08T20:01:00","date_gmt":"2025-12-08T20:01:00","guid":{"rendered":"https:\/\/medv-design.org\/product\/sigmafloor-aqua-satin\/"},"modified":"2026-02-07T15:44:17","modified_gmt":"2026-02-07T15:44:17","slug":"sigmafloor-aqua-satin","status":"publish","type":"product","link":"https:\/\/medv-design.org\/fr\/produit\/sigmafloor-aqua-satin\/","title":{"rendered":"Sigmafloor Aqua Satin"},"content":{"rendered":"<h3>Sigma Sigmafloor Aqua Satin \u2013 Peinture \u00e9l\u00e9gante pour chaque pi\u00e8ce<\/h3>\n<h4>Protection durable pour vos sols<\/h4>\n<p><strong>Sigma Sigma Sigma Floor Aqua Satin<\/strong> est une peinture de sol de haute qualit\u00e9 \u00e0 base d\u2019eau, parfaite pour les applications r\u00e9sidentielles et commerciales. Cette peinture offre une magnifique finition satin\u00e9e qui est non seulement esth\u00e9tiquement agr\u00e9able, mais aussi une excellente protection contre les \u00e9raflures, les rayures et l\u2019humidit\u00e9.<\/p>\n<h4>Pourquoi choisir Sigma Sigmafloor Aqua Satin\u00a0?<\/h4>\n<ul>\n<li><strong>Finition \u00e9l\u00e9gante :<\/strong> La brillance satin\u00e9e conf\u00e8re un aspect luxueux \u00e0 vos sols et est facile \u00e0 entretenir.<\/li>\n<li><strong>R\u00e9sistant aux intemp\u00e9ries :<\/strong> Adapt\u00e9 aux applications int\u00e9rieures et ext\u00e9rieures, avec une excellente r\u00e9sistance \u00e0 l\u2019humidit\u00e9 et \u00e0 la salet\u00e9.<\/li>\n<li><strong>Application facile :<\/strong> Facile \u00e0 appliquer avec un rouleau ou un pinceau, il offre une excellente couverture.<\/li>\n<li><strong>Sneldrogend:<\/strong> S\u00e8che rapidement, vous pouvez donc utiliser votre espace sans longues attentes.<\/li>\n<li><strong>Respectueux de l\u2019environnement :<\/strong> Le Sigma Sigmafloor Aqua Satin est \u00e0 base d\u2019eau et contient une faible quantit\u00e9 de compos\u00e9s organiques volatils (COV), ce qui en fait un choix s\u00fbr tant pour l\u2019utilisateur que pour l\u2019environnement.<\/li>\n<\/ul>\n<h4>Sigma Sigmafloor Aqua Satin \u2013 Id\u00e9al pour toutes vos applications de rev\u00eatement de sol<\/h4>\n<p>Que vous souhaitiez installer un nouveau sol ou r\u00e9nover un ancien sol, Sigma Sigmafloor Aqua Satin offre la combinaison parfaite de beaut\u00e9 et de durabilit\u00e9. Cette peinture pour sols convient \u00e0 diverses surfaces, y compris le bois, le b\u00e9ton et les carrelages, et garantit que vos sols restent toujours beaux.<\/p>\n<h4>Commandez facilement le Sigma Sigmafloor Aqua Satin en ligne sur Paintstore.be<\/h4>\n<p>Au <strong>Paintstore.be<\/strong> Vous pouvez commander rapidement et facilement du Sigma Sigmafloor Aqua Satin en ligne. Profitez de nos prix comp\u00e9titifs et de la livraison rapide, pour que votre projet de peinture ne s\u2019arr\u00eate jamais. Que vous soyez un professionnel ou un passionn\u00e9 de bricolage, Sigma Sigmafloor Aqua Satin offre la protection parfaite pour tous vos sols.<\/p>\n<p><strong>Offrez \u00e0 vos sols l\u2019apparence et la protection qu\u2019ils m\u00e9ritent avec Sigma Sigmafloor Aqua Satin et commandez chez Paintstore.be d\u00e8s aujourd\u2019hui !<\/strong><\/p>\n<p><strong><a>Cliquez ici pour <\/a><a href=\"https:\/\/paintstore.be\/wp-content\/uploads\/2025\/10\/Sigma-Sigmafloor-Aqua-Satin-Technische-fiche.pdf\" target=\"_blank\" rel=\"noopener\">T\u00e9l\u00e9charger la fiche technique<\/a><br \/><\/strong><\/p>","protected":false},"excerpt":{"rendered":"<p>Sigma Sigmafloor Aqua Satin \u2013 Elegante Vloerverf voor Elke Ruimte Duurzame Bescherming voor Jouw Vloeren Sigma Sigmafloor Aqua Satin is een hoogwaardige, watergedragen vloerverf die perfect is voor zowel residenti\u00eble als commerci\u00eble toepassingen. Deze verf biedt een mooie satijnen afwerking die niet alleen esthetisch aantrekkelijk is, maar ook uitstekende bescherming biedt tegen slijtage, krassen en [&hellip;]<\/p>\n","protected":false},"featured_media":918,"comment_status":"open","ping_status":"closed","template":"","meta":[],"product_brand":[90],"product_cat":[31,132],"product_tag":[],"class_list":{"0":"post-755","1":"product","2":"type-product","3":"status-publish","4":"has-post-thumbnail","6":"product_brand-sigma-coatings","7":"product_cat-verf","8":"product_cat-verf-vloerverf","9":"pa_basis-waterbasis","10":"pa_binnen-buiten-binnen","11":"pa_eigenschappen-kras-en-slijtvast","12":"pa_glansgraad-zijdeglans","13":"pa_inhoud-1l","14":"pa_inhoud-5l","15":"pa_kleur-gekleurd","16":"pa_kleur-wit","17":"pa_merk-sigma-coatings","18":"pa_ondergrond-hout","19":"pa_overschilderbaar-vanaf-5-uur","20":"pa_upc-674","22":"first","23":"instock","24":"shipping-taxable","25":"purchasable","26":"product-type-variable"},"_links":{"self":[{"href":"https:\/\/medv-design.org\/fr\/wp-json\/wp\/v2\/product\/755","targetHints":{"allow":["GET"]}}],"collection":[{"href":"https:\/\/medv-design.org\/fr\/wp-json\/wp\/v2\/product"}],"about":[{"href":"https:\/\/medv-design.org\/fr\/wp-json\/wp\/v2\/types\/product"}],"replies":[{"embeddable":true,"href":"https:\/\/medv-design.org\/fr\/wp-json\/wp\/v2\/comments?post=755"}],"wp:featuredmedia":[{"embeddable":true,"href":"https:\/\/medv-design.org\/fr\/wp-json\/wp\/v2\/media\/918"}],"wp:attachment":[{"href":"https:\/\/medv-design.org\/fr\/wp-json\/wp\/v2\/media?parent=755"}],"wp:term":[{"taxonomy":"product_brand","embeddable":true,"href":"https:\/\/medv-design.org\/fr\/wp-json\/wp\/v2\/product_brand?post=755"},{"taxonomy":"product_cat","embeddable":true,"href":"https:\/\/medv-design.org\/fr\/wp-json\/wp\/v2\/product_cat?post=755"},{"taxonomy":"product_tag","embeddable":true,"href":"https:\/\/medv-design.org\/fr\/wp-json\/wp\/v2\/product_tag?post=755"}],"curies":[{"name":"wp","href":"https:\/\/api.w.org\/{rel}","templated":true}]}}