{"id":754,"date":"2025-12-08T20:01:00","date_gmt":"2025-12-08T20:01:00","guid":{"rendered":"https:\/\/medv-design.org\/product\/sigmafloor-aqua-2k-ep-satin\/"},"modified":"2026-02-07T15:44:21","modified_gmt":"2026-02-07T15:44:21","slug":"sigmafloor-aqua-2k-ep-satin","status":"publish","type":"product","link":"https:\/\/medv-design.org\/fr\/produit\/sigmafloor-aqua-2k-ep-satin\/","title":{"rendered":"Sigmafloor Aqua 2K EP Satin"},"content":{"rendered":"<p><a href=\"https:\/\/paintstore.be\/kleuren\/\" target=\"_blank\" rel=\"noopener\">Voir les diff\u00e9rentes cartes de couleurs ici<\/a><\/p>\n<h3>Description<\/h3>\n<p>Sigmafloor Aqua 2K EP Satin de <a href=\"https:\/\/paintstore.be\/sigma-coatings\/\" target=\"_blank\" rel=\"noopener\">Sigma Coatings<\/a> est un rev\u00eatement en rouleau \u00e0 base d\u2019eau en deux composantes pour un usage int\u00e9rieur et ext\u00e9rieur, \u00e0 base d\u2019\u00e9poxy.<\/p>\n<h3>But de l'utilisation<\/h3>\n<p>Finition des sols soumis \u00e0 des charges l\u00e9g\u00e8res \u00e0 moyennes. Peut \u00eatre utilis\u00e9 sur les \u00e9tages de galeries, balcons, salles d\u2019exposition, entrep\u00f4ts, espaces de vente et loges de garage, entre autres. Peut aussi servir \u00e0 am\u00e9nager les murs.<\/p>\n<h3>Principales caract\u00e9ristiques<\/h3>\n<p style=\"margin-left: 20px;\">\u2022 Faible odeur<br \/>\u2022 S\u00e9chage rapide<br \/>\u2022 Bonne r\u00e9sistance \u00e0 l\u2019abrasion<br \/>\u2022 R\u00e9sistant aux contraintes m\u00e9caniques<br \/>\u2022 Bonne r\u00e9sistance chimique (voir la liste des r\u00e9sistances chimiques Sigmafloor)<br \/>\u2022 Facile \u00e0 nettoyer<br \/>\u2022 Applicable aux couches de rev\u00eatement existantes, intactes et non flexibles, \u00e0 base d\u2019\u00e9poxy, de polyur\u00e9thane, d\u2019acrylique \u00e0 base d\u2019eau ou de r\u00e9sine alkyde<br \/>\u2022 Adapt\u00e9 \u00e0 une utilisation dans des installations \u00e9tanches aux liquides.<br \/>\u2022 Adapt\u00e9 \u00e0 l\u2019industrie alimentaire conform\u00e9ment aux r\u00e9glementations HACCP.<br \/>\u2022 L\u00e9g\u00e8re jaunissement d\u00fb au type de liant<br \/>\u2022 Une d\u00e9coloration peut survenir en contact avec des pneus de voiture<br \/>\u2022 Selon la charge utilis\u00e9e, les rayures surviendront dans une mesure plus ou moins importante<\/p>\n<p><strong>Rendement : 5-6 m\u00b2\/l.<br \/><\/strong>Le rendement pratique d\u00e9pend d'un certain nombre de facteurs tels que la forme de l'objet, l'\u00e9tat et le profil de la surface, la m\u00e9thode d'application, l'exp\u00e9rience et les conditions m\u00e9t\u00e9orologiques.<\/p>\n<p><a href=\"https:\/\/paintstore.be\/wp-content\/uploads\/2025\/10\/Sigma-Sigmafloor-Aqua-2K-EP-Satin-Technische-fiche.pdf\" title=\"Sigmafloor aqua 2K\" target=\"_blank\" rel=\"noopener\">Cliquez ici pour t\u00e9l\u00e9charger la fiche technique<br \/><\/a><\/p>\n<p><\/p>\n<h3>Sigma Sigmafloor Aqua 2K EP Satin \u2013 Peinture pour sol durable pour chaque application<\/h3>\n<h4>Protection parfaite pour vos sols<\/h4>\n<p><strong>Sigma Sigma Sigma Floor Aqua 2K EP Satin<\/strong> est une peinture pour sols de haute qualit\u00e9 \u00e0 base d\u2019eau, sp\u00e9cialement con\u00e7ue pour les applications int\u00e9rieures et ext\u00e9rieures. Cette peinture \u00e9poxy \u00e0 deux composants offre une excellente durabilit\u00e9 et protection contre l\u2019abrasion, les produits chimiques et l\u2019humidit\u00e9, ce qui en fait un choix id\u00e9al pour les environnements industriels et commerciaux.<\/p>\n<h4>Pourquoi choisir Sigma Sigmafloor Aqua 2K EP satin ?<\/h4>\n<ul>\n<li><strong>Excellente r\u00e9sistance \u00e0 l\u2019abrasion :<\/strong> Id\u00e9al pour les zones \u00e0 forte fr\u00e9quentation, comme les entrep\u00f4ts, ateliers et espaces commerciaux.<\/li>\n<li><strong>\u00c9tanche et r\u00e9sistante aux produits chimiques :<\/strong> Cela prot\u00e8ge vos sols contre les d\u00e9g\u00e2ts caus\u00e9s par l\u2019eau et les produits chimiques, ce qui les prolonge en long\u00e9vit\u00e9.<\/li>\n<li><strong>Application facile :<\/strong> Facile \u00e0 appliquer avec un rouleau ou un pinceau, avec une excellente couverture et une finition lisse.<\/li>\n<li><strong>Sneldrogend:<\/strong> S\u00e8che rapidement, vous pouvez donc utiliser votre espace sans longues attentes.<\/li>\n<li><strong>Respectueux de l\u2019environnement :<\/strong> Le Sigma Sigmafloor Aqua 2K EP Satin est \u00e0 base d\u2019eau et pauvre en compos\u00e9s organiques volatils (COV), ce qui en fait un choix s\u00fbr tant pour les utilisateurs que pour l\u2019environnement.<\/li>\n<\/ul>\n<h4>Sigma Sigmafloor Aqua 2K EP Satin \u2013 Parfait pour toutes vos applications de rev\u00eatements de sol<\/h4>\n<p>Que vous installiez un nouveau sol ou que vous r\u00e9funiez un ancien sol, Sigma Sigmafloor Aqua 2K EP Satin offre la combinaison parfaite d\u2019esth\u00e9tique et de fonctionnalit\u00e9. Cette peinture pour sols convient \u00e0 diverses surfaces, y compris le b\u00e9ton, le bois et l\u2019acier, et garantit que vos sols soient toujours \u00e0 leur meilleur.<\/p>\n<h4>Commandez facilement le Sigma Sigmafloor Aqua 2K EP Satin en ligne sur Paintstore.be<\/h4>\n<p>Au <strong>Paintstore.be<\/strong> vous pouvez commander rapidement et facilement le Sigma Sigmafloor Aqua 2K EP Satin en ligne. Profitez de nos prix comp\u00e9titifs et de la livraison rapide, pour que votre projet de peinture ne s\u2019arr\u00eate jamais. Que vous soyez un professionnel ou un passionn\u00e9 de bricolage, Sigma Sigmafloor Aqua 2K EP Satin offre la protection parfaite pour tous vos sols.<\/p>\n<p><strong>Offrez \u00e0 vos sols la protection qu\u2019ils m\u00e9ritent avec Sigma Sigmafloor Aqua 2K EP Satin et commandez chez Paintstore.be d\u00e8s aujourd\u2019hui !<\/strong><\/p>","protected":false},"excerpt":{"rendered":"<p>Bekijk hier de verschillende kleurenkaarten Omschrijving Sigmafloor Aqua 2K EP Satin van Sigma Coatings is een watergedragen tweecomponenten rolcoating voor binnen en buiten op basis van epoxy. Gebruiksdoel Het afwerken van vloeren die licht tot middelzwaar belast worden. Toe te passen op onder meer galerijvloeren, balkonvloeren, showroomvloeren, magazijnvloeren, vloeren van verkoopruimten en garageboxen. Ook te [&hellip;]<\/p>\n","protected":false},"featured_media":991,"comment_status":"open","ping_status":"closed","template":"","meta":[],"product_brand":[90],"product_cat":[31,132],"product_tag":[],"class_list":{"0":"post-754","1":"product","2":"type-product","3":"status-publish","4":"has-post-thumbnail","6":"product_brand-sigma-coatings","7":"product_cat-verf","8":"product_cat-verf-vloerverf","9":"pa_basis-waterbasis","10":"pa_binnen-buiten-binnen","11":"pa_eigenschappen-goed-reinigbaar","12":"pa_glansgraad-zijdeglans","13":"pa_inhoud-12l","14":"pa_inhoud-2-5l","15":"pa_inhoud-5l","16":"pa_kleur-gekleurd","17":"pa_kleur-wit","18":"pa_merk-sigma-coatings","19":"pa_ondergrond-vloeren","20":"pa_overschilderbaar-vanaf-5-uur","21":"pa_upc-676","23":"first","24":"instock","25":"shipping-taxable","26":"purchasable","27":"product-type-variable"},"_links":{"self":[{"href":"https:\/\/medv-design.org\/fr\/wp-json\/wp\/v2\/product\/754","targetHints":{"allow":["GET"]}}],"collection":[{"href":"https:\/\/medv-design.org\/fr\/wp-json\/wp\/v2\/product"}],"about":[{"href":"https:\/\/medv-design.org\/fr\/wp-json\/wp\/v2\/types\/product"}],"replies":[{"embeddable":true,"href":"https:\/\/medv-design.org\/fr\/wp-json\/wp\/v2\/comments?post=754"}],"wp:featuredmedia":[{"embeddable":true,"href":"https:\/\/medv-design.org\/fr\/wp-json\/wp\/v2\/media\/991"}],"wp:attachment":[{"href":"https:\/\/medv-design.org\/fr\/wp-json\/wp\/v2\/media?parent=754"}],"wp:term":[{"taxonomy":"product_brand","embeddable":true,"href":"https:\/\/medv-design.org\/fr\/wp-json\/wp\/v2\/product_brand?post=754"},{"taxonomy":"product_cat","embeddable":true,"href":"https:\/\/medv-design.org\/fr\/wp-json\/wp\/v2\/product_cat?post=754"},{"taxonomy":"product_tag","embeddable":true,"href":"https:\/\/medv-design.org\/fr\/wp-json\/wp\/v2\/product_tag?post=754"}],"curies":[{"name":"wp","href":"https:\/\/api.w.org\/{rel}","templated":true}]}}