{"id":753,"date":"2025-12-08T20:01:00","date_gmt":"2025-12-08T20:01:00","guid":{"rendered":"https:\/\/medv-design.org\/product\/sigmafloor-anti-skid-0-135-kg\/"},"modified":"2026-01-27T02:15:21","modified_gmt":"2026-01-27T02:15:21","slug":"sigmafloor-anti-skid-0-135-kg","status":"publish","type":"product","link":"https:\/\/medv-design.org\/fr\/produit\/sigmafloor-anti-skid-0-135-kg\/","title":{"rendered":"Sigmafloor Anti-Skid 0,135 kg"},"content":{"rendered":"<h3>Description<\/h3>\n<p>Anti-d\u00e9rapage Sigmafloor de <a href=\"https:\/\/paintstore.be\/sigma-coatings\/\" target=\"_blank\" rel=\"noopener\">Sigma Coatings<\/a> est un grain antid\u00e9rapant en plastique destin\u00e9 \u00e0 \u00eatre utilis\u00e9 dans diverses couches de finition Sigmafloor pour un usage int\u00e9rieur et ext\u00e9rieur.<\/p>\n<h3>But de l'utilisation<\/h3>\n<p>La production antid\u00e9rapante de syst\u00e8mes de rev\u00eatement de sol, utilis\u00e9s dans les galeries, les escaliers et les ateliers, entre autres.<\/p>\n<h3>Principales caract\u00e9ristiques<\/h3>\n<p style=\"margin-left: 20px;\">\u2022 Adh\u00e9re parfaitement \u00e0 la couche de finition appliqu\u00e9e.<br \/>\u2022 Bonne capacit\u00e9 antid\u00e9rapante.<br \/>\u2022 R\u00e9partition uniforme des grains.<br \/>\u2022 Bonne r\u00e9sistance \u00e0 l\u2019usure.<\/p>\n<p><a title=\"Antid\u00e9rapant Sigmafloor\" target=\"_blank\" rel=\"noopener\" href=\"https:\/\/sigmatech.be\/download?kind=default&#038;file=\/assets_be\/TF\/NL\/Sigma\/Sigmafloor%20Anti-skid_TF_NL_8395BE.pdf\">Cliquez ici pour t\u00e9l\u00e9charger la fiche technique<\/a><\/p>","protected":false},"excerpt":{"rendered":"<p>Omschrijving Sigmafloor Anti-Skid van Sigma Coatings is een kunststof antislipkorrel voor toepassing in diverse Sigmafloor finishlagen voor binnen en buiten. Gebruiksdoel Het antislip maken van vloercoatingsystemen, die toegepast worden op onder andere galerijen, trappen en werkplaatsen. Voornaamste kenmerken \u2022 Volledig hechtend aan toegepaste finishlaag.\u2022 Goed antislipvermogen.\u2022 Egale korrelverdeling.\u2022 Goed slijtvast. Klik hier om de technische [&hellip;]<\/p>\n","protected":false},"featured_media":1037,"comment_status":"open","ping_status":"closed","template":"","meta":[],"product_brand":[],"product_cat":[31,132],"product_tag":[],"class_list":{"0":"post-753","1":"product","2":"type-product","3":"status-publish","4":"has-post-thumbnail","6":"product_cat-verf","7":"product_cat-verf-vloerverf","9":"first","10":"instock","11":"shipping-taxable","12":"purchasable","13":"product-type-simple"},"_links":{"self":[{"href":"https:\/\/medv-design.org\/fr\/wp-json\/wp\/v2\/product\/753","targetHints":{"allow":["GET"]}}],"collection":[{"href":"https:\/\/medv-design.org\/fr\/wp-json\/wp\/v2\/product"}],"about":[{"href":"https:\/\/medv-design.org\/fr\/wp-json\/wp\/v2\/types\/product"}],"replies":[{"embeddable":true,"href":"https:\/\/medv-design.org\/fr\/wp-json\/wp\/v2\/comments?post=753"}],"wp:featuredmedia":[{"embeddable":true,"href":"https:\/\/medv-design.org\/fr\/wp-json\/wp\/v2\/media\/1037"}],"wp:attachment":[{"href":"https:\/\/medv-design.org\/fr\/wp-json\/wp\/v2\/media?parent=753"}],"wp:term":[{"taxonomy":"product_brand","embeddable":true,"href":"https:\/\/medv-design.org\/fr\/wp-json\/wp\/v2\/product_brand?post=753"},{"taxonomy":"product_cat","embeddable":true,"href":"https:\/\/medv-design.org\/fr\/wp-json\/wp\/v2\/product_cat?post=753"},{"taxonomy":"product_tag","embeddable":true,"href":"https:\/\/medv-design.org\/fr\/wp-json\/wp\/v2\/product_tag?post=753"}],"curies":[{"name":"wp","href":"https:\/\/api.w.org\/{rel}","templated":true}]}}