{"id":752,"date":"2025-12-08T20:00:59","date_gmt":"2025-12-08T20:00:59","guid":{"rendered":"https:\/\/medv-design.org\/product\/sigmafix-universal-primer\/"},"modified":"2026-02-07T15:44:24","modified_gmt":"2026-02-07T15:44:24","slug":"sigmafix-universal-primer","status":"publish","type":"product","link":"https:\/\/medv-design.org\/fr\/produit\/sigmafix-universal-primer\/","title":{"rendered":"Sigmafix Universal Primer (Primaire universel)"},"content":{"rendered":"<h3>Pourquoi choisir l\u2019appr\u00eat universel Sigma Sigmafix ?<\/h3>\n<p>De <strong>Sigma Sigma Sigmafix Universal Primer (amorce universelle)<\/strong> c\u2019est un fixateur et un appr\u00eat non pigment\u00e9 \u00e0 base d\u2019acrylique, adapt\u00e9 \u00e0 l\u2019int\u00e9rieur comme \u00e0 l\u2019ext\u00e9rieur. Ce produit est id\u00e9al pour fixer des r\u00e9sidus de peinture en poudre ou de craie sur des substrats poreux et assure une bonne adh\u00e9rence de la peinture aux substrats non trait\u00e9s. Cela emp\u00eache la panachure des couleurs et facilite la peinture ou le papier peint sur des surfaces tr\u00e8s absorbantes. Il offre une excellente adh\u00e9rence pour la peinture murale et la peinture de fa\u00e7ade, ce qui le rend polyvalent et pratique pour tous types de projets de peinture.<\/p>\n<h3>Principaux avantages de l\u2019amorce universel Sigma Sigmafix<\/h3>\n<ul>\n<li><strong>Excellente f\u00e9condation<\/strong>: Am\u00e9liore l\u2019adh\u00e9rence de la peinture \u00e0 diff\u00e9rents substrats.<\/li>\n<li><strong>Favorise l\u2019adh\u00e9rence<\/strong>: Id\u00e9al pour les surfaces non trait\u00e9es et pour fixer les surfaces poudreuses.<\/li>\n<li><strong>On peut repeindre avec toutes les peintures murales Sigma<\/strong>: Adapt\u00e9 \u00e0 toutes les peintures murales int\u00e9rieures Sigma et peintures de fa\u00e7ade \u00e0 base de saspersion acrylique ou de siloxan.<\/li>\n<li><strong>Corrige les substrats poudreux<\/strong>: Id\u00e9al pour stabiliser l\u00e9g\u00e8rement des surfaces en poudre ou en craie.<\/li>\n<li><strong>Nivelle l\u2019aspiration<\/strong>: Offre une finition de peinture uniforme sur des surfaces irr\u00e9guli\u00e8rement absorbantes.<\/li>\n<li><strong>Perm\u00e9able \u00e0 la vapeur d'eau<\/strong>: Permet au substrat de respirer et \u00e9vite les probl\u00e8mes d\u2019humidit\u00e9.<\/li>\n<li><strong>Peut \u00eatre recouvert de papier peint<\/strong>: Facilite le papier peint sur un mur tr\u00e8s absorbant.<\/li>\n<li><strong>Faible teneur en COV<\/strong>: Contient moins de 1 g\/l de COV, donc \u00e9cologique et peu odorant.<\/li>\n<\/ul>\n<h3>De combien de primer universel Sigma Sigma Sigmafix dois-je avoir besoin ?<\/h3>\n<p>Le <strong>Rendement pratique<\/strong> de <strong>Sigma Sigma Sigmafix Universal Primer (amorce universelle)<\/strong> c\u2019est \u00e0 propos <strong>8 m\u00b2 par litre<\/strong>, selon l\u2019absorption du substrat. La couverture r\u00e9elle peut varier selon le type de substrat et la m\u00e9thode d\u2019application.<\/p>\n<h3>Disponibilit\u00e9 de l\u2019amorce universelle Sigma Sigmafix<\/h3>\n<p><strong>Sigma Sigma Sigmafix Universal Primer (amorce universelle)<\/strong> est disponible en diff\u00e9rentes quantit\u00e9s et convient particuli\u00e8rement \u00e0 <strong>Petits et grands projets de peinture<\/strong>. L\u2019appr\u00eat est disponible dans <strong>1 litre, 2,5 litres, 5 litres et 10 litres<\/strong> ce qui en fait un choix flexible pour les surfaces petites et grandes.<\/p>\n<h3>Profitez de nos offres sur l\u2019appr\u00eat universel Sigma Sigmafix<\/h3>\n<p>Ordre <strong>Sigma Sigma Sigmafix Universal Primer (amorce universelle)<\/strong> Rapidement et facilement via <strong>Paintstore.be<\/strong>. Nous proposons les meilleurs prix et une livraison rapide, afin que votre projet ne soit pas retard\u00e9.<\/p>\n<h3>Pourquoi acheter un primer universel Sigma Sigmafix chez Paintstore.be ?<\/h3>\n<p>Au <strong>Paintstore.be<\/strong> Vous b\u00e9n\u00e9ficiez non seulement des produits de peinture de la plus haute qualit\u00e9, mais aussi des conseils d\u2019experts et un excellent service client. Commandez votre <strong>Sigma Sigma Sigmafix Universal Primer (amorce universelle)<\/strong> Et commencez \u00e0 cr\u00e9er un r\u00e9sultat de peinture parfait !<\/p>\n<p><\/p>\n<p><a title=\"Sigmafix Universal Primer (Primaire universel)\" href=\"https:\/\/paintstore.be\/wp-content\/uploads\/2025\/10\/Sigma-Sigmacryl-Prim-opaque-fiche-technique-fr.pdf\" target=\"_blank\" rel=\"noopener\">Cliquez ici pour t\u00e9l\u00e9charger la fiche technique &gt;&gt;<br \/><\/a><\/p>","protected":false},"excerpt":{"rendered":"<p>Waarom kiezen voor Sigma Sigmafix Universal Primer ? De Sigma Sigmafix Universal Primer is een ongepigmenteerd, watergedragen fixeer- en voorstrijkmiddel op basis van acrylaatdispersie, geschikt voor zowel binnen als buiten. Dit product is ideaal voor het vastzetten van poederende of krijtende verfresten op poreuze ondergronden en zorgt voor een goede hechting van verf op onbehandelde [&hellip;]<\/p>\n","protected":false},"featured_media":915,"comment_status":"open","ping_status":"closed","template":"","meta":[],"product_brand":[90],"product_cat":[130,47,131],"product_tag":[],"class_list":{"0":"post-752","1":"product","2":"type-product","3":"status-publish","4":"has-post-thumbnail","6":"product_brand-sigma-coatings","7":"product_cat-verf-grondverf-primers-fixeermiddelen","8":"product_cat-grondverf-primers","9":"product_cat-verf-grondverf-primers-primer-buitenmuren","10":"pa_basis-waterbasis","11":"pa_binnen-buiten-buiten","12":"pa_eigenschappen-waterdampdoorlatend","13":"pa_glansgraad-mat","14":"pa_inhoud-10l","15":"pa_inhoud-1l","16":"pa_inhoud-2-5l","17":"pa_inhoud-5l","18":"pa_merk-sigma-coatings","19":"pa_ondergrond-oude-verflagen","20":"pa_overschilderbaar-vanaf-6-uur","21":"pa_upc-673","23":"first","24":"instock","25":"shipping-taxable","26":"purchasable","27":"product-type-variable"},"_links":{"self":[{"href":"https:\/\/medv-design.org\/fr\/wp-json\/wp\/v2\/product\/752","targetHints":{"allow":["GET"]}}],"collection":[{"href":"https:\/\/medv-design.org\/fr\/wp-json\/wp\/v2\/product"}],"about":[{"href":"https:\/\/medv-design.org\/fr\/wp-json\/wp\/v2\/types\/product"}],"replies":[{"embeddable":true,"href":"https:\/\/medv-design.org\/fr\/wp-json\/wp\/v2\/comments?post=752"}],"wp:featuredmedia":[{"embeddable":true,"href":"https:\/\/medv-design.org\/fr\/wp-json\/wp\/v2\/media\/915"}],"wp:attachment":[{"href":"https:\/\/medv-design.org\/fr\/wp-json\/wp\/v2\/media?parent=752"}],"wp:term":[{"taxonomy":"product_brand","embeddable":true,"href":"https:\/\/medv-design.org\/fr\/wp-json\/wp\/v2\/product_brand?post=752"},{"taxonomy":"product_cat","embeddable":true,"href":"https:\/\/medv-design.org\/fr\/wp-json\/wp\/v2\/product_cat?post=752"},{"taxonomy":"product_tag","embeddable":true,"href":"https:\/\/medv-design.org\/fr\/wp-json\/wp\/v2\/product_tag?post=752"}],"curies":[{"name":"wp","href":"https:\/\/api.w.org\/{rel}","templated":true}]}}