{"id":751,"date":"2025-12-08T20:00:59","date_gmt":"2025-12-08T20:00:59","guid":{"rendered":"https:\/\/medv-design.org\/product\/sigma-facade-topcoat-semi-matt\/"},"modified":"2026-02-07T15:44:27","modified_gmt":"2026-02-07T15:44:27","slug":"sigma-facade-topcoat-semi-matt","status":"publish","type":"product","link":"https:\/\/medv-design.org\/fr\/produit\/sigma-facade-topcoat-semi-matt\/","title":{"rendered":"Sigma Facade Topcoat Semi-Matt"},"content":{"rendered":"<p><span style=\"font-size: 20px;\"><strong><span style=\"font-size: 16px;\">Pr\u00e9c\u00e9demment<\/span><span style=\"font-size: 16px;\"> Surface de finition Sigma Fa\u00e7ade Ecoplus Soft-Satin<\/span><br \/><\/strong><\/span><\/p>\n<div>\n<div>\n<div>\n<h3>Pourquoi choisir Sigma Fasade Topcoat Semi-Matt ?<\/h3>\n<p><strong>Sigma Facade Topcoat Semi-Matt<\/strong> est une peinture de fa\u00e7ade \u00e9tanche \u00e0 la pluie rapide bas\u00e9e sur une dispersion acrylique \u00e0 100 %, qui utilise le <strong>Technologie de r\u00e9sistance rapide \u00e0 la pluie<\/strong> pour une excellente durabilit\u00e9 en ext\u00e9rieur. Adapt\u00e9 \u00e0 la finition du b\u00e9ton, de la ma\u00e7onnerie, du b\u00e9ton a\u00e9r\u00e9, du pl\u00e2tre et des feuilles cimentaires, ainsi que pour peindre sur des couches de peinture murale existantes bas\u00e9es sur la dispersion de la r\u00e9sine synth\u00e9tique. <strong>Sigma Facade Topcoat Semi-Matt<\/strong> Offre une protection fiable contre la pluie m\u00eame en conditions m\u00e9t\u00e9orologiques changeantes.<\/p>\n<h3>Principaux avantages<\/h3>\n<ul>\n<li><strong>Technologie de r\u00e9sistance rapide \u00e0 la pluie<\/strong> : \u00c0 l\u2019\u00e9preuve de la pluie apr\u00e8s seulement <strong>25 minutes<\/strong> (\u00e0 23\u00b0C), ce qui le rend id\u00e9al pour des applications dans des conditions m\u00e9t\u00e9orologiques vari\u00e9es.<\/li>\n<li><strong>Excellente durabilit\u00e9 en ext\u00e9rieur<\/strong> : Offre une protection durable contre les intemp\u00e9ries et autres influences.<\/li>\n<li><strong>Imperm\u00e9able<\/strong> (classe <strong>W3<\/strong> Selon <strong>EN 1062-3<\/strong>) : Offre une excellente r\u00e9sistance \u00e0 l\u2019eau.<\/li>\n<li><strong>Inhibiteur de carbonatation<\/strong> (classe <strong>C1<\/strong> Selon <strong>EN 1062-6<\/strong>) : Prot\u00e8ge le b\u00e9ton sous-jacent des effets nocifs du CO2.<\/li>\n<li><strong>Bonne perm\u00e9abilit\u00e9 \u00e0 la vapeur d\u2019eau<\/strong> (classe <strong>V2<\/strong> Selon <strong>EN 1062-2<\/strong>) : \u00c9vite les probl\u00e8mes d\u2019humidit\u00e9 dans les murs.<\/li>\n<li><strong>Excellente conservation des couleurs<\/strong> : La peinture conserve sa couleur m\u00eame avec une exposition prolong\u00e9e au soleil.<\/li>\n<li><strong>Adh\u00e9rence minimale de la salet\u00e9<\/strong> : Gr\u00e2ce \u00e0 la technologie, la peinture est r\u00e9pulsive \u00e0 la salet\u00e9, ce qui r\u00e9duit les co\u00fbts d\u2019entretien.<\/li>\n<li><strong>Insolvable<\/strong> : La peinture reste intacte m\u00eame apr\u00e8s une exposition prolong\u00e9e \u00e0 des environnements humides.<\/li>\n<li><strong>\u00c9lastique durable<\/strong> : Reste flexible m\u00eame face \u00e0 des fluctuations extr\u00eames de temp\u00e9rature.<\/li>\n<li><strong>Excellente adh\u00e9rence<\/strong> sur divers substrats : adapt\u00e9s \u00e0 diff\u00e9rents mat\u00e9riaux de construction tels que b\u00e9ton, acier et PVC.<\/li>\n<\/ul>\n<h3>De quelle quantit\u00e9 de Sigma Facade Topcoat Semi-Matt dois-je avoir besoin ?<\/h3>\n<p>L\u2019efficacit\u00e9 de <strong>Sigma Facade Topcoat Semi-Matt<\/strong> Cela d\u00e9pend de la structure et du type de surface. Le rendement th\u00e9orique est :<\/p>\n<ul>\n<li><strong>11,5 m\u00b2\/litre<\/strong><\/li>\n<\/ul>\n<details>\n<summary>Plus d'informations<\/summary>\n<section>\n<h3>Sigma Facade Topcoat Semi-Matt en couleur<\/h3>\n<p><strong>Sigma Facade Topcoat Semi-Matt<\/strong> est disponible en <strong>Blanc<\/strong> en <strong>presque toutes les couleurs<\/strong> Selon le <strong>Impeller du syst\u00e8me de couleur Sigma (C21.3)<\/strong> et le <strong>PPG Voice of Colour (La voix de la couleur)<\/strong> Collection. D\u2019autres couleurs peuvent \u00e9galement \u00eatre fabriqu\u00e9es sur demande.<\/p>\n<p>Les couleurs <strong>RAL 9010<\/strong> (blanc) et <strong>RAL 9016<\/strong> (le trafic blanc) peut \u00eatre facilement m\u00e9lang\u00e9, ainsi que presque toutes les autres couleurs de diff\u00e9rentes collections.<\/p>\n<h3>Application du vernis de fa\u00e7ade Sigma semi-mat<\/h3>\n<p><strong>Sigma Facade Topcoat Semi-Matt<\/strong>  convient \u00e0 la finition du b\u00e9ton, de la ma\u00e7onnerie, du b\u00e9ton a\u00e9r\u00e9, du pl\u00e2tre et des feuilles li\u00e9es au ciment. Il peut \u00e9galement \u00eatre utilis\u00e9 pour peindre sur des couches existantes de peinture murale \u00e0 base de r\u00e9sine dispers\u00e9e et pour finir l\u2019acier galvanis\u00e9 \u00e0 chaud et le PVC dur.<\/p>\n<h3>Temps de s\u00e9chage du Sigma Facade Topcoat Semi-Matt<\/h3>\n<ul>\n<li><strong>Sans adh\u00e9sif<\/strong> apr\u00e8s environ <strong>1 heure<\/strong>.<\/li>\n<li><strong>Sec<\/strong> apr\u00e8s environ <strong>2 heures<\/strong>.<\/li>\n<li><strong>A peindre<\/strong> apr\u00e8s environ <strong>6 heures<\/strong>.<\/li>\n<\/ul>\n<h3>Emballage du Sigma Facade Topcoat Semi-Matt<\/h3>\n<p><strong>Sigma Facade Topcoat Semi-Matt<\/strong> est disponible en <strong>1 litre<\/strong>, <strong>2,5 litres<\/strong> en <strong>10 litres<\/strong> Emballage, en blanc et presque toutes les couleurs.<\/p>\n<h3>Durabilit\u00e9 du rev\u00eatement de finition Sigma Facade semi-mat<\/h3>\n<p><strong>Sigma Facade Topcoat Semi-Matt<\/strong> A une dur\u00e9e de conservation d\u2019au moins <strong>2 ans<\/strong> lorsqu\u2019elle est stock\u00e9e \u00e0 sec dans le r\u00e9cipient d\u2019origine, scell\u00e9, \u00e0 une temp\u00e9rature interm\u00e9diaire <strong>5\u00b0C et 30\u00b0C<\/strong>. \u00c9vitez l\u2019exposition directe au soleil.<\/p>\n<h3>R\u00e9sultat du Sigma Frontcoat Semi-Matt<\/h3>\n<p>Le rendement pratique varie entre <strong>8-10 m\u00b2\/litre<\/strong>, selon le substrat et la m\u00e9thode d\u2019application.<\/p>\n<h3>Profitez des offres pour le Sigma Facade Topcoat Semi-Matt<\/h3>\n<p>Op <strong>Paintstore.be<\/strong> vous pouvez <strong>Sigma Facade Topcoat Semi-Matt<\/strong>  Achetez \u00e0 des prix attractifs. Il vous suffit de commander en ligne et de profiter de notre livraison rapide et de notre excellent service client.<\/p>\n<h3>Pourquoi acheter Sigma Facade Topcoat Semi-Matt chez Paintstore.be ?<\/h3>\n<p>Au <strong>Paintstore.be<\/strong>  Nous proposons non seulement des produits de qualit\u00e9, mais aussi des conseils d\u2019experts pour tous vos projets de peinture. Commandez facilement en ligne et profitez de notre livraison rapide et de notre service client de premier ordre !<\/p>\n<\/section>\n<\/details>\n<p><a href=\"https:\/\/paintstore.be\/wp-content\/uploads\/2025\/10\/sigma-facade-topcoat-semi-matt-technische-fiche.pdf\" target=\"_blank\" rel=\"noopener\"><span \"=\"\">Cliquez ici pour t\u00e9l\u00e9charger la fiche technique<\/span><\/a><\/p>\n<\/div>\n<\/div>\n<\/div>","protected":false},"excerpt":{"rendered":"<p>Voorheen Sigma Fa\u00e7ade Topcoat Ecoplus Soft-Satin Waarom kiezen voor Sigma Facade Topcoat Semi-Matt? Sigma Facade Topcoat Semi-Matt is een snel regenbestendige gevelverf op basis van 100% acrylaatdispersie, die gebruik maakt van de Quick Rain Resistance Technology voor een uitstekende buitenduurzaamheid. Geschikt voor het afwerken van beton, metselwerk, cellenbeton, pleisterwerk en cementgebonden plaatmaterialen, evenals voor het [&hellip;]<\/p>\n","protected":false},"featured_media":993,"comment_status":"open","ping_status":"closed","template":"","meta":[],"product_brand":[90],"product_cat":[770,127,53,56],"product_tag":[],"class_list":{"0":"post-751","1":"product","2":"type-product","3":"status-publish","4":"has-post-thumbnail","6":"product_brand-sigma-coatings","7":"product_cat-770","8":"product_cat-verf-muurverf-buiten-buitenmuur-verf","9":"product_cat-muurverf-buiten","10":"product_cat-snel-regenbestendige-verf","11":"pa_basis-waterbasis","12":"pa_binnen-buiten-buiten","13":"pa_eigenschappen-uitstekende-hechting","14":"pa_glansgraad-semi-mat","15":"pa_inhoud-10l","16":"pa_inhoud-1l","17":"pa_inhoud-2-5l","18":"pa_kleur-gekleurd","19":"pa_kleur-wit","20":"pa_merk-sigma-coatings","21":"pa_ondergrond-oude-verflagen","22":"pa_overschilderbaar-vanaf-6-uur","23":"pa_upc-603","25":"first","26":"instock","27":"shipping-taxable","28":"purchasable","29":"product-type-variable"},"_links":{"self":[{"href":"https:\/\/medv-design.org\/fr\/wp-json\/wp\/v2\/product\/751","targetHints":{"allow":["GET"]}}],"collection":[{"href":"https:\/\/medv-design.org\/fr\/wp-json\/wp\/v2\/product"}],"about":[{"href":"https:\/\/medv-design.org\/fr\/wp-json\/wp\/v2\/types\/product"}],"replies":[{"embeddable":true,"href":"https:\/\/medv-design.org\/fr\/wp-json\/wp\/v2\/comments?post=751"}],"wp:featuredmedia":[{"embeddable":true,"href":"https:\/\/medv-design.org\/fr\/wp-json\/wp\/v2\/media\/993"}],"wp:attachment":[{"href":"https:\/\/medv-design.org\/fr\/wp-json\/wp\/v2\/media?parent=751"}],"wp:term":[{"taxonomy":"product_brand","embeddable":true,"href":"https:\/\/medv-design.org\/fr\/wp-json\/wp\/v2\/product_brand?post=751"},{"taxonomy":"product_cat","embeddable":true,"href":"https:\/\/medv-design.org\/fr\/wp-json\/wp\/v2\/product_cat?post=751"},{"taxonomy":"product_tag","embeddable":true,"href":"https:\/\/medv-design.org\/fr\/wp-json\/wp\/v2\/product_tag?post=751"}],"curies":[{"name":"wp","href":"https:\/\/api.w.org\/{rel}","templated":true}]}}