{"id":750,"date":"2025-12-08T20:00:59","date_gmt":"2025-12-08T20:00:59","guid":{"rendered":"https:\/\/medv-design.org\/product\/sigma-facade-topcoat-self-clean-matt\/"},"modified":"2026-02-07T15:44:31","modified_gmt":"2026-02-07T15:44:31","slug":"sigma-facade-topcoat-self-clean-matt","status":"publish","type":"product","link":"https:\/\/medv-design.org\/fr\/produit\/sigma-facade-topcoat-self-clean-matt\/","title":{"rendered":"Sigma Fa\u00e7ade Topcoat Self-Clean Matt"},"content":{"rendered":"<h3>Pourquoi choisir Sigma Facade Self-Clean Matt ?<\/h3>\n<p><strong>Sigma Facade Self-Clean Matt<\/strong> est une peinture de fa\u00e7ade auto-nettoyante \u00e0 base d\u2019eau bas\u00e9e sur la dispersion acrylique \u00e0 100 % et la technologie NPS\u00ae. Cette peinture est id\u00e9ale pour la finition du b\u00e9ton, de la ma\u00e7onnerie, du b\u00e9ton a\u00e9r\u00e9, du pl\u00e2tre et des feuilles de ciment, ainsi que pour repeindre sur des couches de peinture murale existantes \u00e0 partir de la dispersion de la r\u00e9sine synth\u00e9tique. Avec Sigma Facade Self-Clean Matt, vous obtenez une fa\u00e7ade qui reste propre plus longtemps et r\u00e9siste aux \u00e9l\u00e9ments.<\/p>\n<h3>Principaux avantages<\/h3>\n<ul>\n<li><strong>Excellente durabilit\u00e9 en ext\u00e9rieur<\/strong> : Offre une protection durable contre les influences climatiques.<\/li>\n<li><strong>Adh\u00e9rence minimale de la terre gr\u00e2ce \u00e0 la technologie NPS\u00ae<\/strong> : La nanotechnologie r\u00e9duit le risque d\u2019attirer la salet\u00e9, gardant votre fa\u00e7ade propre plus longtemps.<\/li>\n<li><strong>Inhibiteur de carbonatation<\/strong> : Emp\u00eache les effets nocifs du CO2 sur le b\u00e9ton.<\/li>\n<li><strong>Insolvable<\/strong> : La peinture reste intacte m\u00eame expos\u00e9e aux conditions m\u00e9t\u00e9orologiques.<\/li>\n<li><strong>Bonne perm\u00e9abilit\u00e9 \u00e0 la vapeur d\u2019eau<\/strong> : Permet \u00e0 la fa\u00e7ade de respirer et \u00e9vite les probl\u00e8mes d\u2019humidit\u00e9.<\/li>\n<li><strong>Tr\u00e8s bonne r\u00e9tention des couleurs<\/strong> : La peinture conserve sa couleur m\u00eame apr\u00e8s une exposition prolong\u00e9e au soleil et \u00e0 la pluie.<\/li>\n<li><strong>Excellente \u00e9tanche \u00e0 la pluie<\/strong> : Prot\u00e8ge contre l\u2019infiltration d\u2019eau, ce qui prolonge la dur\u00e9e de vie de votre fa\u00e7ade.<\/li>\n<\/ul>\n<h3>De quelle quantit\u00e9 de mat Sigma Facade Self-Clean dois-je avoir besoin ?<\/h3>\n<p>La consommation de <strong>Sigma Facade Self-Clean Matt<\/strong> Cela d\u00e9pend de la nature et de la structure du sous-sol. Le rendement th\u00e9orique est :<\/p>\n<ul>\n<li><strong>6 \u00e0 9 m\u00b2 par litre<\/strong> par couche.<\/li>\n<\/ul>\n<details>\n<summary>Plus d'informations<\/summary>\n<section>\n<h3>Sigma Facade Self-Clean Matt en couleur<\/h3>\n<p><strong>Sigma Facade Self-Clean Matt<\/strong> est disponible dans <strong>Blanc<\/strong> et presque toutes les autres couleurs. Cette peinture offre une finition mate et peut \u00eatre personnalis\u00e9e selon vos besoins en utilisant le <strong>Syst\u00e8me de couleurs Sigma<\/strong> pour des couleurs sur mesure.<\/p>\n<p>Les couleurs <strong>RAL 9010<\/strong> (blanc) et <strong>RAL 9016<\/strong> (couleur blanche de la circulation) peut \u00eatre facilement m\u00e9lang\u00e9e, ainsi que presque toutes les autres couleurs de diff\u00e9rentes collections.<\/p>\n<h3>Application du tapis auto-nettoyage Sigma Facade<\/h3>\n<p><strong>Sigma Facade Self-Clean Matt<\/strong>  convient \u00e0 la finition du b\u00e9ton, de la ma\u00e7onnerie, du b\u00e9ton a\u00e9r\u00e9, du pl\u00e2tre et des feuilles li\u00e9es au ciment. Il peut \u00e9galement \u00eatre utilis\u00e9 pour peindre sur des couches de peinture existantes \u00e0 partir de la dispersion de r\u00e9sine synth\u00e9tique.<\/p>\n<h3>Temps de s\u00e9chage du mat auto-net Sigma Facade<\/h3>\n<ul>\n<li><strong>Sans adh\u00e9sif<\/strong> na <strong>environ 2 heures<\/strong>.<\/li>\n<li><strong>A peindre<\/strong> na <strong>environ 6 heures<\/strong>.<\/li>\n<\/ul>\n<h3>Emballage du mat auto-nettoyant Sigma Facade<\/h3>\n<p><strong>Sigma Facade Self-Clean Matt<\/strong> est disponible dans un <strong>Seau en plastique de 10 litres<\/strong>.<\/p>\n<h3>Durabilit\u00e9 du mat auto-propre de la fa\u00e7ade Sigma<\/h3>\n<p><strong>Sigma Facade Self-Clean Matt<\/strong> A une dur\u00e9e de conservation d\u2019au moins <strong>2 ans<\/strong>, \u00e0 condition qu\u2019il soit conserv\u00e9 \u00e0 sec dans l\u2019emballage d\u2019origine ferm\u00e9 \u00e0 une temp\u00e9rature entre <strong>5\u00b0C et 30\u00b0C<\/strong>. \u00c9vitez l\u2019exposition directe au soleil.<\/p>\n<h3>Retour du mat auto-net de fa\u00e7ade Sigma<\/h3>\n<p>L\u2019efficacit\u00e9 de <strong>Sigma Facade Self-Clean Matt<\/strong> d\u00e9pend de la surface, mais elle se situe entre les <strong>6 \u00e0 9 m\u00b2 par litre<\/strong>.<\/p>\n<h3>Profitez des offres pour le mat Sigma Facade Self-Clean<\/h3>\n<p>Op <strong>Paintstore.be<\/strong> vous pouvez <strong>Sigma Facade Self-Clean Matt<\/strong>  Achetez \u00e0 des prix comp\u00e9titifs. Commandez rapidement et facilement en ligne, profitez de notre livraison rapide et de notre excellent service client.<\/p>\n<h3>Pourquoi acheter le mat auto-propre Sigma Facade chez Paintstore.be ?<\/h3>\n<p>Au <strong>Paintstore.be<\/strong>  Nous proposons non seulement des produits de qualit\u00e9, mais aussi des conseils d\u2019experts pour vos projets de peinture. Commandez facilement en ligne et profitez d\u2019une livraison rapide et d\u2019un service de premier ordre !<\/p>\n<\/section>\n<\/details>\n<p><a href=\"https:\/\/paintstore.be\/wp-content\/uploads\/2025\/10\/Sigma-Faade-Topcoat-Self-clean-Matt-technische-fiche.pdf\" title=\"Fiche technique\" target=\"_blank\" rel=\"noopener\">Cliquez ici pour t\u00e9l\u00e9charger la fiche technique &gt;&gt;<br \/><\/a><\/p>","protected":false},"excerpt":{"rendered":"<p>Waarom kiezen voor Sigma Facade Self-Clean Matt? Sigma Facade Self-Clean Matt is een watergedragen, zelfreinigende gevelverf op basis van 100% acrylaatdispersie en NPS\u00ae technologie. Deze verf is ideaal voor het afwerken van beton, metselwerk, cellenbeton, pleisterwerk en cementgebonden plaatmaterialen, en het overschilderen van bestaande muurverflagen op basis van kunstharsdispersie. Met Sigma Facade Self-Clean Matt heeft [&hellip;]<\/p>\n","protected":false},"featured_media":1036,"comment_status":"open","ping_status":"closed","template":"","meta":[],"product_brand":[90],"product_cat":[127,53,31],"product_tag":[],"class_list":{"0":"post-750","1":"product","2":"type-product","3":"status-publish","4":"has-post-thumbnail","6":"product_brand-sigma-coatings","7":"product_cat-verf-muurverf-buiten-buitenmuur-verf","8":"product_cat-muurverf-buiten","9":"product_cat-verf","10":"pa_binnen-buiten-buiten","11":"pa_eigenschappen-vuilafstotend","12":"pa_glansgraad-mat","13":"pa_inhoud-10l","14":"pa_inhoud-5l","15":"pa_kleur-gekleurd","16":"pa_kleur-wit","17":"pa_merk-sigma-coatings","18":"pa_ondergrond-oude-verflagen","19":"pa_overschilderbaar-vanaf-6-uur","20":"pa_upc-688","22":"first","23":"instock","24":"shipping-taxable","25":"purchasable","26":"product-type-variable"},"_links":{"self":[{"href":"https:\/\/medv-design.org\/fr\/wp-json\/wp\/v2\/product\/750","targetHints":{"allow":["GET"]}}],"collection":[{"href":"https:\/\/medv-design.org\/fr\/wp-json\/wp\/v2\/product"}],"about":[{"href":"https:\/\/medv-design.org\/fr\/wp-json\/wp\/v2\/types\/product"}],"replies":[{"embeddable":true,"href":"https:\/\/medv-design.org\/fr\/wp-json\/wp\/v2\/comments?post=750"}],"wp:featuredmedia":[{"embeddable":true,"href":"https:\/\/medv-design.org\/fr\/wp-json\/wp\/v2\/media\/1036"}],"wp:attachment":[{"href":"https:\/\/medv-design.org\/fr\/wp-json\/wp\/v2\/media?parent=750"}],"wp:term":[{"taxonomy":"product_brand","embeddable":true,"href":"https:\/\/medv-design.org\/fr\/wp-json\/wp\/v2\/product_brand?post=750"},{"taxonomy":"product_cat","embeddable":true,"href":"https:\/\/medv-design.org\/fr\/wp-json\/wp\/v2\/product_cat?post=750"},{"taxonomy":"product_tag","embeddable":true,"href":"https:\/\/medv-design.org\/fr\/wp-json\/wp\/v2\/product_tag?post=750"}],"curies":[{"name":"wp","href":"https:\/\/api.w.org\/{rel}","templated":true}]}}