{"id":748,"date":"2025-12-08T20:00:57","date_gmt":"2025-12-08T20:00:57","guid":{"rendered":"https:\/\/medv-design.org\/product\/sigma-facade-topcoat-matt\/"},"modified":"2026-02-07T15:44:37","modified_gmt":"2026-02-07T15:44:37","slug":"sigma-facade-topcoat-matt","status":"publish","type":"product","link":"https:\/\/medv-design.org\/fr\/produit\/sigma-facade-topcoat-matt\/","title":{"rendered":"Sigma Fa\u00e7ade Topcoat Matt"},"content":{"rendered":"<p><a href=\"https:\/\/paintstore.be\/kleuren\/\" target=\"_blank\" rel=\"noopener\">Voir les diff\u00e9rentes cartes de couleurs ici<\/a><\/p>\n<h2><\/h2>\n<h3>Pourquoi choisir Sigma Facade Topcoat Matt ?<\/h3>\n<p><strong>Sigma Fa\u00e7ade Topcoat Matt<\/strong> est une peinture de fa\u00e7ade rapidement r\u00e9sistante \u00e0 la pluie qui offre une excellente durabilit\u00e9 ext\u00e9rieure. Cette peinture, bas\u00e9e sur une dispersion acrylique \u00e0 100 % avec la technologie de r\u00e9sistance rapide \u00e0 la pluie, est id\u00e9ale pour la finition du b\u00e9ton, de la ma\u00e7onnerie, du b\u00e9ton a\u00e9r\u00e9, du pl\u00e2tre et des t\u00f4les ciment\u00e9es. Il offre une protection fiable pour votre fa\u00e7ade m\u00eame par temps impr\u00e9visible et convient \u00e0 l\u2019entretien 4 saisons.<\/p>\n<h3>Principaux avantages<\/h3>\n<ul>\n<li><strong>Technologie de r\u00e9sistance rapide \u00e0 la pluie<\/strong> : \u00c0 l\u2019\u00e9preuve de la pluie \u00e0 l\u2019int\u00e9rieur <strong>20 minutes<\/strong> Au <strong>23\u00b0C<\/strong>.<\/li>\n<li><strong>Excellent pour l\u2019entretien 4 saisons<\/strong> : Adapt\u00e9 \u00e0 une utilisation dans des conditions variables de <strong>2\u00b0C \u00e0 35\u00b0C<\/strong> et jusqu\u2019\u00e0 ce que <strong>90 % d\u2019humidit\u00e9<\/strong>.<\/li>\n<li><strong>Excellente durabilit\u00e9 en ext\u00e9rieur<\/strong> : Prot\u00e8ge la fa\u00e7ade des \u00e9l\u00e9ments.<\/li>\n<li><strong>Imperm\u00e9able<\/strong> : Offre une protection durable contre la pluie.<\/li>\n<li><strong>R\u00e9duction de l\u2019adh\u00e9rence de la salet\u00e9<\/strong> : La peinture maintient la fa\u00e7ade propre gr\u00e2ce \u00e0 une moindre absorption de salet\u00e9.<\/li>\n<li><strong>Inhibiteur de carbonatation<\/strong> : Prot\u00e8ge contre la d\u00e9gradation du b\u00e9ton par le dioxyde de carbone.<\/li>\n<li><strong>Bonne perm\u00e9abilit\u00e9 \u00e0 la vapeur<\/strong> : Permet au mur de respirer et \u00e9vite les probl\u00e8mes d\u2019humidit\u00e9.<\/li>\n<li><strong>Conservation des couleurs<\/strong> : La peinture conserve sa couleur et son \u00e9clat m\u00eame avec une exposition prolong\u00e9e au soleil et \u00e0 la pluie.<\/li>\n<li><strong>Insolvable<\/strong> : La peinture offre une protection durable sans contaminer.<\/li>\n<\/ul>\n<h3>De quelle quantit\u00e9 de mat Sigma Facade est-il n\u00e9cessaire ?<\/h3>\n<p>La couverture th\u00e9orique de <strong>Sigma Fa\u00e7ade Topcoat Matt<\/strong> Cela d\u00e9pend de la nature et de la structure du sous-sol. Le rendement estim\u00e9 est :<\/p>\n<ul>\n<li><strong>6-7 m\u00b2\/litre<\/strong> par couche.<\/li>\n<\/ul>\n<details>\n<summary>Plus d'informations<br \/><\/summary>\n<section>\n<h3>Sigma Fasade Topcoat mat en couleur<\/h3>\n<p><strong>Sigma Fa\u00e7ade Topcoat Matt<\/strong> est disponible dans <strong>Blanc<\/strong> et pratiquement toutes les couleurs, et propose un <strong>mat<\/strong>  Finition pour un look styl\u00e9. La peinture convient \u00e0 la cr\u00e9ation de couleurs sur mesure et est id\u00e9ale pour entretenir des fa\u00e7ades n\u00e9cessitant une finition fra\u00eeche et mate.<\/p>\n<p>Les couleurs <strong>RAL 9010<\/strong> (blanc) et <strong>RAL 9016<\/strong>  (Traffic White) peut \u00eatre m\u00e9lang\u00e9, ainsi que presque toutes les autres couleurs de diff\u00e9rents \u00e9ventails, afin que votre fa\u00e7ade obtienne exactement la couleur que vous souhaitez.<\/p>\n<h3>Application du mat de fa\u00e7ade Sigma<\/h3>\n<p><strong>Sigma Fa\u00e7ade Topcoat Matt<\/strong>  a \u00e9t\u00e9 sp\u00e9cialement d\u00e9velopp\u00e9e pour les finitions de fa\u00e7ades en b\u00e9ton, ma\u00e7onnerie, b\u00e9ton a\u00e9r\u00e9, pl\u00e2tre et t\u00f4les cimentaires.  Cette peinture est parfaite pour peindre par-dessus des couches de peinture murale existantes et intacte et offre une protection durable contre les conditions m\u00e9t\u00e9orologiques, la salet\u00e9 et d\u2019autres influences ext\u00e9rieures.<\/p>\n<h3>Temps de s\u00e9chage du mat Sigma Facade<\/h3>\n<ul>\n<li><strong>\u00c9tanche \u00e0 la pluie<\/strong> apr\u00e8s environ <strong>20 minutes<\/strong> (\u00e0 23\u00b0C).<\/li>\n<li><strong>Sans adh\u00e9sif<\/strong> na <strong>environ 1 heure<\/strong>.<\/li>\n<li><strong>A peindre<\/strong> na <strong>environ 5 heures<\/strong>.<\/li>\n<\/ul>\n<p><em>Veuillez noter : \u00e0 basse temp\u00e9rature, la couche de peinture met plus de temps \u00e0 \u00eatre imperm\u00e9able.<\/em><\/p>\n<h3>Disponibilit\u00e9 du manteau de fa\u00e7ade Sigma<\/h3>\n<p><strong>Sigma Fa\u00e7ade Topcoat Matt<\/strong> est disponible dans l\u2019emballage de <strong>5 et <\/strong><strong>10 litres<\/strong>, ce qui est id\u00e9al pour des projets plus importants ou pour l\u2019entretien de surfaces de fa\u00e7ade plus grandes.<\/p>\n<h3>Profitez des offres pour le mat de finition Sigma Fa\u00e7ade<\/h3>\n<p>Op <strong>Paintstore.be<\/strong> vous pouvez <strong>Sigma Fa\u00e7ade Topcoat Matt<\/strong> Achetez \u00e0 des prix abordables. Commandez rapidement et facilement en ligne et profitez d\u2019une livraison rapide et d\u2019un excellent service client.<\/p>\n<h3>Pourquoi acheter le mat Sigma Facade Topcoat chez Paintstore.be ?<\/h3>\n<p>Au <strong>Paintstore.be<\/strong>  Vous recevrez non seulement des produits de qualit\u00e9, mais aussi des conseils d\u2019experts pour vos projets de peinture. Il suffit de commander en ligne et de b\u00e9n\u00e9ficier d\u2019une livraison rapide et d\u2019un excellent service client !<\/p>\n<\/section>\n<\/details>\n<p><a href=\"https:\/\/paintstore.be\/wp-content\/uploads\/2025\/10\/Sigma-Facade-Topcoat-Matt-technische-fiche.pdf\" title=\"Couche de fa\u00e7ade Matt\" target=\"_blank\" rel=\"noopener\">Cliquez ici pour t\u00e9l\u00e9charger la fiche technique &gt;&gt;<br \/><\/a><\/p>\n<p><strong><br \/><\/strong><\/p>","protected":false},"excerpt":{"rendered":"<p>Bekijk hier de verschillende kleurenkaarten Waarom kiezen voor Sigma Facade Topcoat Matt? Sigma Facade Topcoat Matt is een snel regenbestendige gevelverf die uitstekende buitenduurzaamheid biedt. Deze verf, op basis van 100% acrylaatdispersie met de Quick Rain Resistance Technology, is ideaal voor het afwerken van beton, metselwerk, cellenbeton, pleisterwerk en cementgebonden plaatmaterialen. Het biedt een betrouwbare [&hellip;]<\/p>\n","protected":false},"featured_media":890,"comment_status":"open","ping_status":"closed","template":"","meta":[],"product_brand":[90],"product_cat":[127,53,31],"product_tag":[],"class_list":{"0":"post-748","1":"product","2":"type-product","3":"status-publish","4":"has-post-thumbnail","6":"product_brand-sigma-coatings","7":"product_cat-verf-muurverf-buiten-buitenmuur-verf","8":"product_cat-muurverf-buiten","9":"product_cat-verf","10":"pa_basis-waterbasis","11":"pa_binnen-buiten-buiten","12":"pa_eigenschappen-waterdampdoorlatend","13":"pa_glansgraad-mat","14":"pa_inhoud-10l","15":"pa_inhoud-5l","16":"pa_kleur-gekleurd","17":"pa_kleur-wit","18":"pa_merk-sigma-coatings","19":"pa_ondergrond-oude-verflagen","20":"pa_overschilderbaar-vanaf-5-uur","21":"pa_upc-699","23":"first","24":"instock","25":"shipping-taxable","26":"purchasable","27":"product-type-variable"},"_links":{"self":[{"href":"https:\/\/medv-design.org\/fr\/wp-json\/wp\/v2\/product\/748","targetHints":{"allow":["GET"]}}],"collection":[{"href":"https:\/\/medv-design.org\/fr\/wp-json\/wp\/v2\/product"}],"about":[{"href":"https:\/\/medv-design.org\/fr\/wp-json\/wp\/v2\/types\/product"}],"replies":[{"embeddable":true,"href":"https:\/\/medv-design.org\/fr\/wp-json\/wp\/v2\/comments?post=748"}],"wp:featuredmedia":[{"embeddable":true,"href":"https:\/\/medv-design.org\/fr\/wp-json\/wp\/v2\/media\/890"}],"wp:attachment":[{"href":"https:\/\/medv-design.org\/fr\/wp-json\/wp\/v2\/media?parent=748"}],"wp:term":[{"taxonomy":"product_brand","embeddable":true,"href":"https:\/\/medv-design.org\/fr\/wp-json\/wp\/v2\/product_brand?post=748"},{"taxonomy":"product_cat","embeddable":true,"href":"https:\/\/medv-design.org\/fr\/wp-json\/wp\/v2\/product_cat?post=748"},{"taxonomy":"product_tag","embeddable":true,"href":"https:\/\/medv-design.org\/fr\/wp-json\/wp\/v2\/product_tag?post=748"}],"curies":[{"name":"wp","href":"https:\/\/api.w.org\/{rel}","templated":true}]}}