{"id":747,"date":"2025-12-08T20:00:57","date_gmt":"2025-12-08T20:00:57","guid":{"rendered":"https:\/\/medv-design.org\/product\/sigma-facade-quartz-matt\/"},"modified":"2026-02-07T15:44:40","modified_gmt":"2026-02-07T15:44:40","slug":"sigma-facade-quartz-matt","status":"publish","type":"product","link":"https:\/\/medv-design.org\/fr\/produit\/sigma-facade-quartz-matt\/","title":{"rendered":"Sigma Fa\u00e7ade Quartz Matt"},"content":{"rendered":"<h3>Pourquoi choisir Sigma Facade Quartz Matt ?<\/h3>\n<p><strong>Sigma Fa\u00e7ade Quartz Matt<\/strong> est une peinture de fa\u00e7ade copolym\u00e8re acrylique \u00e0 base d'eau enrichie de particules de quartz. Cette peinture est id\u00e9ale pour le b\u00e9ton brut, le b\u00e9ton cellulaire, la brique, la brique silico-calcaire et le pl\u00e2tre, et peut \u00eatre appliqu\u00e9e sur des surfaces neuves ou d\u00e9j\u00e0 trait\u00e9es. En outre, cette peinture convient comme couche de fond pour les enduits textur\u00e9s et d\u00e9coratifs, ce qui en fait un excellent choix pour la r\u00e9novation et la finition des fa\u00e7ades.<\/p>\n<h3>Principaux avantages<\/h3>\n<ul>\n<li><strong>Structure ronde \u00e0 grains fins<\/strong> La texture de la peau est tr\u00e8s fine, mais elle est aussi tr\u00e8s ferme.<\/li>\n<li><strong>Grande durabilit\u00e9 \u00e0 l'ext\u00e9rieur<\/strong> Les panneaux d'habillage : Parfaitement r\u00e9sistants aux intemp\u00e9ries, ils sont id\u00e9aux pour les murs ext\u00e9rieurs.<\/li>\n<li><strong>Elastique<\/strong> Le produit s'adapte au substrat, \u00e9vitant ainsi les d\u00e9chirures.<\/li>\n<li><strong>Remplissage<\/strong> : Couvre les irr\u00e9gularit\u00e9s de la surface.<\/li>\n<li><strong>Insolvable<\/strong> : Prot\u00e8ge la fa\u00e7ade contre les intemp\u00e9ries dues \u00e0 l'eau de pluie.<\/li>\n<li><strong>Bonne perm\u00e9abilit\u00e9 \u00e0 la vapeur<\/strong> Permettre \u00e0 l'humidit\u00e9 de s'\u00e9chapper du mur (Sd300H2O = 0,32 m).<\/li>\n<li><strong>Inhibiteur de carbonatation<\/strong> Le produit peut \u00eatre utilis\u00e9 pour le traitement des eaux us\u00e9es, des eaux pluviales et des eaux de ruissellement. Il emp\u00eache l'acidification du sous-sol (classe C1 selon la norme EN 1062-6).<\/li>\n<li><strong>Excellente imperm\u00e9abilit\u00e9 \u00e0 la pluie<\/strong> La fa\u00e7ade reste s\u00e8che et prot\u00e9g\u00e9e de la pluie.<\/li>\n<li><strong>Bonne aptitude \u00e0 la transformation<\/strong> Les produits sont faciles \u00e0 appliquer au pinceau, au rouleau ou \u00e0 l'aide d'un pulv\u00e9risateur pneumatique.<\/li>\n<\/ul>\n<h3>De quelle quantit\u00e9 de Sigma Facade Quartz Matt ai-je besoin ?<\/h3>\n<p>L'efficacit\u00e9 th\u00e9orique de la <strong>Sigma Fa\u00e7ade Quartz Matt<\/strong> d\u00e9pend de l'application :<\/p>\n<ul>\n<li><strong>Avec la seringue d'air<\/strong>: Au moins <strong>900 g\/m\u00b2<\/strong> en une seule couche.<\/li>\n<li><strong>Au pinceau ou au rouleau<\/strong>:\n<ul>\n<li><strong>Premi\u00e8re couche<\/strong>: A propos de <strong>450 g\/m\u00b2<\/strong>.<\/li>\n<li><strong>Deuxi\u00e8me couche<\/strong>: A propos de <strong>500 g\/m\u00b2<\/strong>.<\/li>\n<li>Au total, au moins <strong>900 g\/m\u00b2<\/strong> sont appliqu\u00e9es.<\/li>\n<\/ul>\n<\/li>\n<\/ul>\n<p>Le rendement pratique peut varier en fonction du support et de la m\u00e9thode d'application. Veillez \u00e0 disposer d'une quantit\u00e9 suffisante de peinture pour assurer une bonne couverture.<\/p>\n<details>\n<summary>Plus d'informations<\/summary>\n<section>\n<h3>Sigma Facade Quartz en couleur mate<\/h3>\n<p><strong>Sigma Fa\u00e7ade Quartz Matt<\/strong> est disponible en <strong>naturel<\/strong> et pratiquement toutes les couleurs de la <strong>Gamme Sigma C21.3<\/strong>.  N'oubliez pas que la peinture a une finition mate, ce qui peut affecter l'aspect final des couleurs. De l\u00e9g\u00e8res variations de couleur peuvent \u00e9galement se produire en raison de la composition et de la technologie sp\u00e9cifiques de la peinture.<\/p>\n<p>Les couleurs <strong>RAL 9010<\/strong> (blanc) et <strong>RAL 9016<\/strong>  (white verkehr) sont \u00e9galement disponibles, offrant un aspect classique et frais \u00e0 toute fa\u00e7ade. Outre ces couleurs standard, il est possible de cr\u00e9er presque toutes les autres couleurs d'autres marques ou collections de couleurs.<\/p>\n<h3>Application de Sigma Facade Quartz Matt<\/h3>\n<p><strong>Sigma Fa\u00e7ade Quartz Matt<\/strong>  est destin\u00e9e \u00e0 \u00eatre utilis\u00e9e sur des supports min\u00e9raux tels que le b\u00e9ton, le b\u00e9ton cellulaire, la brique, la brique silico-calcaire et le pl\u00e2tre. La peinture offre une excellente protection et convient particuli\u00e8rement \u00e0 l'entretien des fa\u00e7ades existantes et \u00e0 l'application d'enduits d\u00e9coratifs et d'effets textur\u00e9s sur les murs ext\u00e9rieurs.<\/p>\n<h3>Temps de s\u00e9chage de Sigma Facade Quartz Matt<\/h3>\n<p>A une temp\u00e9rature de <strong>23\u00b0C<\/strong> en <strong>50% d'humidit\u00e9<\/strong>:<\/p>\n<ul>\n<li><strong>Sans adh\u00e9sif<\/strong> apr\u00e8s environ <strong>2 heures<\/strong>.<\/li>\n<li><strong>S\u00e9ch\u00e9 par<\/strong> apr\u00e8s environ <strong>6 heures<\/strong>.<\/li>\n<li><strong>A peindre<\/strong> apr\u00e8s environ <strong>16 heures<\/strong>.<\/li>\n<\/ul>\n<p>N'oubliez pas que le temps de s\u00e9chage peut varier en fonction de la temp\u00e9rature et de l'humidit\u00e9.<\/p>\n<h3>Disponibilit\u00e9 de Sigma Facade Quartz Matt<\/h3>\n<p><strong>Sigma Fa\u00e7ade Quartz Matt<\/strong> est disponible dans les quantit\u00e9s suivantes :<\/p>\n<ul>\n<li><strong>2,5 litres<\/strong> - Convient aux r\u00e9novations de fa\u00e7ades plus modestes ou aux surfaces plus petites.<\/li>\n<li><strong>10 litres<\/strong> - Parfait pour les grands projets de fa\u00e7ade.<\/li>\n<\/ul>\n<h3>Profitez des offres de Sigma Facade Quartz Matt<\/h3>\n<p>Op <strong>Paintstore.be<\/strong> vous pouvez <strong>Sigma Fa\u00e7ade Quartz Matt<\/strong>  acheter \u00e0 des prix comp\u00e9titifs, avec une livraison rapide directement \u00e0 votre domicile. Commandez maintenant et donnez \u00e0 votre fa\u00e7ade la protection et l'aspect qu'elle m\u00e9rite !<\/p>\n<h3>Pourquoi acheter Sigma Facade Quartz Matt chez Paintstore.fr ?<\/h3>\n<p>Au <strong>Paintstore.be<\/strong>  vous b\u00e9n\u00e9ficiez non seulement de produits de haute qualit\u00e9, mais aussi de conseils d'experts pour tous vos travaux de peinture. Commandez simplement en ligne et recevez votre peinture rapidement et en toute s\u00e9curit\u00e9 !<\/p>\n<\/section>\n<\/details>\n<p><span class=\"redactor-invisible-space\" style=\"text-decoration-line: line-through;\"><\/span><a title=\"Fiche technique\" href=\"https:\/\/paintstore.be\/wp-content\/uploads\/2025\/10\/Sigma-Facade-Quartz-Matt-technische-fiche.pdf\" target=\"_blank\" rel=\"noopener\">Cliquez ici pour t\u00e9l\u00e9charger la fiche technique<\/a><\/p>","protected":false},"excerpt":{"rendered":"<p>Waarom kiezen voor Sigma Facade Quartz Matt? Sigma Facade Quartz Matt is een watergedragen gevelverf op basis van acrylaat-copolymeer, verrijkt met kwartsdeeltjes. Deze verf is ideaal voor onbehandeld beton, cellenbeton, baksteen, kalkzandsteen en pleisterwerk, en kan zowel op nieuwe als reeds eerder behandelde oppervlakken worden aangebracht. Bovendien is deze verf geschikt als grondlaag voor structuur- [&hellip;]<\/p>\n","protected":false},"featured_media":946,"comment_status":"open","ping_status":"closed","template":"","meta":[],"product_brand":[90],"product_cat":[127,55,53],"product_tag":[],"class_list":{"0":"post-747","1":"product","2":"type-product","3":"status-publish","4":"has-post-thumbnail","6":"product_brand-sigma-coatings","7":"product_cat-verf-muurverf-buiten-buitenmuur-verf","8":"product_cat-kwartshoudende-verf","9":"product_cat-muurverf-buiten","10":"pa_basis-waterbasis","11":"pa_binnen-buiten-buiten","12":"pa_eigenschappen-waterdampdoorlatend","13":"pa_glansgraad-mat","14":"pa_inhoud-10l","15":"pa_inhoud-2-5l","16":"pa_kleur-gekleurd","17":"pa_kleur-wit","18":"pa_merk-sigma-coatings","19":"pa_ondergrond-oude-verflagen","20":"pa_overschilderbaar-vanaf-16-uur","21":"pa_upc-593","23":"first","24":"instock","25":"shipping-taxable","26":"purchasable","27":"product-type-variable"},"_links":{"self":[{"href":"https:\/\/medv-design.org\/fr\/wp-json\/wp\/v2\/product\/747","targetHints":{"allow":["GET"]}}],"collection":[{"href":"https:\/\/medv-design.org\/fr\/wp-json\/wp\/v2\/product"}],"about":[{"href":"https:\/\/medv-design.org\/fr\/wp-json\/wp\/v2\/types\/product"}],"replies":[{"embeddable":true,"href":"https:\/\/medv-design.org\/fr\/wp-json\/wp\/v2\/comments?post=747"}],"wp:featuredmedia":[{"embeddable":true,"href":"https:\/\/medv-design.org\/fr\/wp-json\/wp\/v2\/media\/946"}],"wp:attachment":[{"href":"https:\/\/medv-design.org\/fr\/wp-json\/wp\/v2\/media?parent=747"}],"wp:term":[{"taxonomy":"product_brand","embeddable":true,"href":"https:\/\/medv-design.org\/fr\/wp-json\/wp\/v2\/product_brand?post=747"},{"taxonomy":"product_cat","embeddable":true,"href":"https:\/\/medv-design.org\/fr\/wp-json\/wp\/v2\/product_cat?post=747"},{"taxonomy":"product_tag","embeddable":true,"href":"https:\/\/medv-design.org\/fr\/wp-json\/wp\/v2\/product_tag?post=747"}],"curies":[{"name":"wp","href":"https:\/\/api.w.org\/{rel}","templated":true}]}}