{"id":746,"date":"2025-12-08T20:00:57","date_gmt":"2025-12-08T20:00:57","guid":{"rendered":"https:\/\/medv-design.org\/product\/sigma-facade-prim-syn-10l\/"},"modified":"2026-02-07T15:44:43","modified_gmt":"2026-02-07T15:44:43","slug":"sigma-facade-prim-syn-10l","status":"publish","type":"product","link":"https:\/\/medv-design.org\/fr\/produit\/sigma-facade-prim-syn-10l\/","title":{"rendered":"Sigma Facade Prim Syn 10l"},"content":{"rendered":"<h3>Pourquoi choisir Sigma Fasade Fix Syn ?<\/h3>\n<p>De <strong>Sigma Facade Fix Syn<\/strong> est un appr\u00eat et fixateur de fa\u00e7ade pigment\u00e9 contenant un solvant, \u00e0 base de r\u00e9sine acrylique. Ce produit est sp\u00e9cifiquement con\u00e7u pour fixer des substrats min\u00e9raux poreux, l\u00e9g\u00e8rement poudreux et l\u00e9g\u00e8rement d\u00e9connect\u00e9s. Il agit comme un excellent appr\u00eat pour les peintures de fa\u00e7ade \u00e0 base d\u2019eau et est id\u00e9al pour servir de support pour le <strong>Sigma Fa\u00e7ade Topcoat Flex Matt<\/strong>syst\u00e8me. Cette appr\u00eat augmente l\u2019adh\u00e9rence et prolonge la dur\u00e9e de vie de l\u2019ensemble du syst\u00e8me de peinture, am\u00e9liorant consid\u00e9rablement la durabilit\u00e9 de votre projet de peinture de fa\u00e7ade.<\/p>\n<h3>Principaux avantages de la syn\u00e9tique fixe de fa\u00e7ade Sigma<\/h3>\n<ul>\n<li><strong>Augmente l\u2019adh\u00e9rence<\/strong> : Assure une meilleure adh\u00e9rence de la couche de finition au substrat.<\/li>\n<li><strong>Prolonge la dur\u00e9e de vie<\/strong> : Contribue \u00e0 une dur\u00e9e de vie plus longue du syst\u00e8me de peinture en am\u00e9liorant l\u2019adh\u00e9rence.<\/li>\n<li><strong>P\u00e9n\u00e9tration profonde<\/strong> : P\u00e9n\u00e8tre profond\u00e9ment dans le substrat pour une fixation optimale.<\/li>\n<li><strong>Sp\u00e9cifique pour la fa\u00e7ade Sigma Topcoat Flex Matt<\/strong> : Parfait pour combiner avec le <strong>Sigma Fa\u00e7ade Topcoat Flex Matt<\/strong>syst\u00e8me pour obtenir de meilleurs r\u00e9sultats.<\/li>\n<li><strong>Insolvable<\/strong> : Offre une excellente protection sans formation de savon.<\/li>\n<li><strong>Semi-opaque<\/strong> : Offre une couverture semi-opaque id\u00e9ale pour les substrats min\u00e9raux.<\/li>\n<\/ul>\n<h3>Combien de syn Sigma Fixe Facade dois-je avoir ?<\/h3>\n<p>Le <strong>Rendement pratique<\/strong> de <strong>Sigma Facade Fix Syn<\/strong> se trouve entre les <strong>5 et 7 m\u00b2 par litre<\/strong>, selon la nature et la structure du sous-sol. Veuillez noter que la couverture r\u00e9elle peut varier en fonction de la surface et de l\u2019application.<\/p>\n<details>\n<summary>Plus d'informations<\/summary>\n<section>\n<h3>Sigma Facade Fix Syn et Couleurs personnalis\u00e9es<\/h3>\n<p>De <strong>Sigma Facade Fix Syn<\/strong> is <strong>Blanc<\/strong> de couleur et poss\u00e8de un <strong>mat<\/strong> Finir. Ce produit convient comme appr\u00eat pour toutes les peintures de fa\u00e7ade \u00e0 base d\u2019eau, y compris les plus populaires <strong>Sigma Fa\u00e7ade Topcoat Flex Matt<\/strong>. C\u2019est un excellent choix pour cr\u00e9er une finition durable et professionnelle sur des substrats min\u00e9raux.<\/p>\n<h3>Disponibilit\u00e9 de la syn\u00e9tique Sigma Facade Fix<\/h3>\n<p><strong>Sigma Facade Fix Syn<\/strong> n\u2019est disponible que dans un <strong>10 litres<\/strong> un emballage, ce qui le rend parfait pour des projets de fa\u00e7ade plus importants.<\/p>\n<h3>Profitez de nos offres pour Sigma Fasade Fix Syn<\/h3>\n<p>Ordre le <strong>Sigma Facade Fix Syn<\/strong> via <strong>Paintstore.be<\/strong>. Nous proposons les meilleurs prix et une livraison rapide, afin que votre projet puisse d\u00e9marrer sans d\u00e9lai.<\/p>\n<h3>Pourquoi acheter Sigma Facade Fix Syn chez Paintstore.be ?<\/h3>\n<p>Au <strong>Paintstore.be<\/strong>  Vous b\u00e9n\u00e9ficiez non seulement de produits de la plus haute qualit\u00e9, mais aussi de conseils d\u2019experts et d\u2019un excellent service client. Commandez votre <strong>Sigma Facade Fix Syn<\/strong> Et profitez de la commodit\u00e9 d\u2019acheter de la peinture en ligne !<\/p>\n<\/section>\n<\/details>\n<p><a href=\"https:\/\/paintstore.be\/wp-content\/uploads\/2025\/10\/Sigma-Facade-prim-syn-technische-fiche.pdf\" target=\"_blank\" rel=\"noopener\">Cliquez ici pour t\u00e9l\u00e9charger la fiche technique &gt;&gt;<br \/><\/a><\/p>","protected":false},"excerpt":{"rendered":"<p>Waarom kiezen voor Sigma Facade Fix Syn? De Sigma Facade Fix Syn is een oplosmiddelhoudende, gepigmenteerde gevelprimer en fixeerder op basis van acrylaathars. Dit product is specifiek ontworpen voor het fixeren van poreuze, licht poederende en licht onsamenhangende minerale ondergronden. Het fungeert als een uitstekende grondlaag voor watergedragen gevelverven en is ideaal voor gebruik als [&hellip;]<\/p>\n","protected":false},"featured_media":1035,"comment_status":"open","ping_status":"closed","template":"","meta":[],"product_brand":[90],"product_cat":[127,47,31],"product_tag":[],"class_list":{"0":"post-746","1":"product","2":"type-product","3":"status-publish","4":"has-post-thumbnail","6":"product_brand-sigma-coatings","7":"product_cat-verf-muurverf-buiten-buitenmuur-verf","8":"product_cat-grondverf-primers","9":"product_cat-verf","10":"pa_basis-solventbasis","11":"pa_binnen-buiten-buiten","12":"pa_eigenschappen-egaliserend","13":"pa_glansgraad-mat","14":"pa_merk-sigma-coatings","15":"pa_ondergrond-oude-verflagen","16":"pa_overschilderbaar-vanaf-24-uur","17":"pa_upc-683","19":"first","20":"instock","21":"shipping-taxable","22":"purchasable","23":"product-type-simple"},"_links":{"self":[{"href":"https:\/\/medv-design.org\/fr\/wp-json\/wp\/v2\/product\/746","targetHints":{"allow":["GET"]}}],"collection":[{"href":"https:\/\/medv-design.org\/fr\/wp-json\/wp\/v2\/product"}],"about":[{"href":"https:\/\/medv-design.org\/fr\/wp-json\/wp\/v2\/types\/product"}],"replies":[{"embeddable":true,"href":"https:\/\/medv-design.org\/fr\/wp-json\/wp\/v2\/comments?post=746"}],"wp:featuredmedia":[{"embeddable":true,"href":"https:\/\/medv-design.org\/fr\/wp-json\/wp\/v2\/media\/1035"}],"wp:attachment":[{"href":"https:\/\/medv-design.org\/fr\/wp-json\/wp\/v2\/media?parent=746"}],"wp:term":[{"taxonomy":"product_brand","embeddable":true,"href":"https:\/\/medv-design.org\/fr\/wp-json\/wp\/v2\/product_brand?post=746"},{"taxonomy":"product_cat","embeddable":true,"href":"https:\/\/medv-design.org\/fr\/wp-json\/wp\/v2\/product_cat?post=746"},{"taxonomy":"product_tag","embeddable":true,"href":"https:\/\/medv-design.org\/fr\/wp-json\/wp\/v2\/product_tag?post=746"}],"curies":[{"name":"wp","href":"https:\/\/api.w.org\/{rel}","templated":true}]}}