{"id":745,"date":"2025-12-08T20:00:56","date_gmt":"2025-12-08T20:00:56","guid":{"rendered":"https:\/\/medv-design.org\/product\/sigma-facade-prim-aqua\/"},"modified":"2026-02-07T15:44:46","modified_gmt":"2026-02-07T15:44:46","slug":"sigma-facade-prim-aqua","status":"publish","type":"product","link":"https:\/\/medv-design.org\/fr\/produit\/sigma-facade-prim-aqua\/","title":{"rendered":"Sigma Fa\u00e7ade Prim Aqua"},"content":{"rendered":"<p><a href=\"https:\/\/paintstore.be\/kleuren\/\" target=\"_blank\" rel=\"noopener\">Voir les diff\u00e9rentes cartes de couleurs ici<br \/><\/a><\/p>\n<p><span style=\"font-size: 24px;\"><strong>Pourquoi choisir Sigma Facade Prim Aqua ?<\/strong><\/span><\/p>\n<p>De <strong>Sigma Fa\u00e7ade Prim Aqua<\/strong> est un appr\u00eat de fa\u00e7ade de haute qualit\u00e9, rapidement r\u00e9sistant \u00e0 la pluie, bas\u00e9 sur une dispersion acrylique \u00e0 100 %. Ce produit a \u00e9t\u00e9 sp\u00e9cialement d\u00e9velopp\u00e9 pour le traitement de substrats min\u00e9raux l\u00e9gers \u00e0 mod\u00e9r\u00e9ment absorbants et porteurs, et peut \u00eatre utilis\u00e9 sur des peintures de fa\u00e7ade existantes \u00e0 partir de dispersion et de r\u00e9sine synth\u00e9tique en bon \u00e9tat. Gr\u00e2ce \u00e0 l\u2019innovation <strong>Technologie de r\u00e9sistance rapide \u00e0 la pluie<\/strong> Il est id\u00e9al pour les projets de peinture qui doivent \u00eatre r\u00e9alis\u00e9s rapidement, m\u00eame dans des conditions m\u00e9t\u00e9orologiques changeantes.<\/p>\n<h3>Principaux avantages de Sigma Facade Prim Aqua<\/h3>\n<ul>\n<li><strong>Efficace et \u00e9conomique<\/strong>: Permet d\u2019\u00e9conomiser du temps et des co\u00fbts gr\u00e2ce \u00e0 des r\u00e9sultats rapides et \u00e0 une \u00e9paisseur de couche r\u00e9duite.<\/li>\n<li><strong>\u00c9tanche apr\u00e8s 25 minutes<\/strong>Merci \u00e0 l'\u00e9quipe d'experts de l'UE. <strong>Technologie de r\u00e9sistance rapide \u00e0 la pluie<\/strong> le produit est \u00e9tanche apr\u00e8s seulement 25 minutes (\u00e0 23\u00b0C).<\/li>\n<li><strong>Applicable dans diverses conditions m\u00e9t\u00e9orologiques<\/strong>: Adapt\u00e9 \u00e0 une utilisation de 2\u00b0C \u00e0 35\u00b0C, avec une humidit\u00e9 allant jusqu\u2019\u00e0 90\u00a0%.<\/li>\n<li><strong>Excellente couverture<\/strong>: Offre une excellente couverture m\u00eame sur des surfaces difficiles.<\/li>\n<li><strong>Capacit\u00e9 de remplissage \u00e9lev\u00e9e<\/strong>: R\u00e9duit les diff\u00e9rences d\u2019absorption du substrat.<\/li>\n<li><strong>L\u00e9ger \u00e0 traiter<\/strong>: Tr\u00e8s facile \u00e0 utiliser, ce qui facilite l\u2019application.<\/li>\n<li><strong>Favorise l\u2019adh\u00e9rence<\/strong>: Am\u00e9liore l\u2019adh\u00e9rence de la couche de finition au substrat.<\/li>\n<li><strong>A peindre<\/strong>: Peut \u00eatre repeint avec des peintures dispersantes et silox pour fa\u00e7ade.<\/li>\n<li><strong>R\u00e9sistant aux alcalins<\/strong>: Adapt\u00e9 aux surfaces alcalines.<\/li>\n<li><strong>R\u00e9sistant \u00e0 un l\u00e9ger saignement de sel<\/strong>: Id\u00e9al pour les fa\u00e7ades en zones c\u00f4ti\u00e8res ou industrielles.<\/li>\n<\/ul>\n<h3>De combien de Sigma Facade Prim Aqua ai-je besoin ?<\/h3>\n<p>Le <strong>Rendement pratique<\/strong> de la <strong>Sigma Fa\u00e7ade Prim Aqua<\/strong> is <strong>8 \u00e0 10 m\u00b2 par litre<\/strong>. Cela peut varier selon le substrat, la m\u00e9thode d\u2019application et les conditions environnementales.<\/p>\n<details>\n<summary>Plus d'informations<\/summary>\n<section>\n<h3>Sigma Facade Prim Aqua et couleurs personnalis\u00e9es<\/h3>\n<p>De <strong>Sigma Fa\u00e7ade Prim Aqua<\/strong> est disponible en <strong>Blanc<\/strong> et peuvent \u00eatre m\u00e9lang\u00e9s dans <strong>Couleurs claires du blanc<\/strong>.  Ce produit peut \u00e9galement \u00eatre fabriqu\u00e9 dans une large gamme de couleurs provenant d\u2019autres marques de peintures et collections de couleurs, garantissant ainsi une flexibilit\u00e9 dans tout projet. Pour des besoins sp\u00e9cifiques, il est possible d\u2019utiliser l\u2019amorce dans <strong>RAL 9010<\/strong> (blanc pur) et <strong>RAL 9016<\/strong>  (blanc de la circulation), des couleurs \u00e0 la fois classiques et modernes et souvent utilis\u00e9es pour les fa\u00e7ades. Gr\u00e2ce \u00e0 ces options, vous pouvez cr\u00e9er l\u2019apparence parfaite pour votre fa\u00e7ade.<\/p>\n<h3>Disponibilit\u00e9 du Sigma Facade Prim Aqua<\/h3>\n<p>De <strong>Sigma Fa\u00e7ade Prim Aqua<\/strong> est disponible en <strong>5 litres<\/strong> en <strong>10 litres<\/strong> un emballage, afin que le produit convienne aussi bien aux petits projets de peinture qu\u2019aux plus grands.<\/p>\n<h3>Profitez de nos offres pour Sigma Facade Prim Aqua<\/h3>\n<p>Ordre le <strong>Sigma Fa\u00e7ade Prim Aqua<\/strong> Rapidement et facilement via <strong>Paintstore.be<\/strong>. Nous vous proposons le meilleur prix et une livraison rapide, afin que vous puissiez commencer votre travail de peinture imm\u00e9diatement.<\/p>\n<h3>Pourquoi acheter Sigma Facade Prim Aqua chez Paintstore.be ?<\/h3>\n<p>Au <strong>Paintstore.be<\/strong>  Vous b\u00e9n\u00e9ficiez non seulement de produits de la plus haute qualit\u00e9, mais aussi de conseils d\u2019experts et d\u2019un excellent service client. Commandez votre <strong>Sigma Fa\u00e7ade Prim Aqua<\/strong> Et d\u00e9couvrez la commodit\u00e9 des achats en ligne pour tous vos besoins en peinture !<\/p>\n<\/section>\n<\/details>\n<p><a href=\"https:\/\/paintstore.be\/wp-content\/uploads\/2025\/10\/Sigma-Facade-Prim-Aqua-technische-fiche.pdf\" title=\"Fiche technique \" target=\"_blank\" rel=\"noopener\">Cliquez ici pour t\u00e9l\u00e9charger la fiche technique<br \/><\/a><\/p>","protected":false},"excerpt":{"rendered":"<p>Bekijk hier de verschillende kleurenkaarten Waarom kiezen voor Sigma Facade Prim Aqua? De Sigma Facade Prim Aqua is een hoogwaardige, snel regenbestendige gevelprimer op basis van 100% acrylaatdispersie. Dit product is speciaal ontwikkeld voor het behandelen van licht tot matig zuigende en draagkrachtige minerale ondergronden, en kan worden gebruikt op bestaande gevelverven op basis van [&hellip;]<\/p>\n","protected":false},"featured_media":945,"comment_status":"open","ping_status":"closed","template":"","meta":[],"product_brand":[90],"product_cat":[47,53,31],"product_tag":[],"class_list":{"0":"post-745","1":"product","2":"type-product","3":"status-publish","4":"has-post-thumbnail","6":"product_brand-sigma-coatings","7":"product_cat-grondverf-primers","8":"product_cat-muurverf-buiten","9":"product_cat-verf","10":"pa_basis-waterbasis","11":"pa_binnen-buiten-buiten","12":"pa_eigenschappen-weerbestendig","13":"pa_glansgraad-mat","14":"pa_inhoud-10l","15":"pa_inhoud-5l","16":"pa_kleur-gekleurd","17":"pa_kleur-wit","18":"pa_merk-sigma-coatings","19":"pa_ondergrond-oude-verflagen","20":"pa_overschilderbaar-vanaf-8-uur","21":"pa_upc-586","23":"first","24":"instock","25":"shipping-taxable","26":"purchasable","27":"product-type-variable"},"_links":{"self":[{"href":"https:\/\/medv-design.org\/fr\/wp-json\/wp\/v2\/product\/745","targetHints":{"allow":["GET"]}}],"collection":[{"href":"https:\/\/medv-design.org\/fr\/wp-json\/wp\/v2\/product"}],"about":[{"href":"https:\/\/medv-design.org\/fr\/wp-json\/wp\/v2\/types\/product"}],"replies":[{"embeddable":true,"href":"https:\/\/medv-design.org\/fr\/wp-json\/wp\/v2\/comments?post=745"}],"wp:featuredmedia":[{"embeddable":true,"href":"https:\/\/medv-design.org\/fr\/wp-json\/wp\/v2\/media\/945"}],"wp:attachment":[{"href":"https:\/\/medv-design.org\/fr\/wp-json\/wp\/v2\/media?parent=745"}],"wp:term":[{"taxonomy":"product_brand","embeddable":true,"href":"https:\/\/medv-design.org\/fr\/wp-json\/wp\/v2\/product_brand?post=745"},{"taxonomy":"product_cat","embeddable":true,"href":"https:\/\/medv-design.org\/fr\/wp-json\/wp\/v2\/product_cat?post=745"},{"taxonomy":"product_tag","embeddable":true,"href":"https:\/\/medv-design.org\/fr\/wp-json\/wp\/v2\/product_tag?post=745"}],"curies":[{"name":"wp","href":"https:\/\/api.w.org\/{rel}","templated":true}]}}