{"id":744,"date":"2025-12-08T20:00:56","date_gmt":"2025-12-08T20:00:56","guid":{"rendered":"https:\/\/medv-design.org\/product\/sigma-facade-flex-matt\/"},"modified":"2026-02-07T15:44:49","modified_gmt":"2026-02-07T15:44:49","slug":"sigma-facade-flex-matt","status":"publish","type":"product","link":"https:\/\/medv-design.org\/fr\/produit\/sigma-facade-flex-matt\/","title":{"rendered":"Sigma Facade Flex Matt"},"content":{"rendered":"<p><span style=\"font-size: 24px;\"><strong>Pourquoi choisir Sigma Facade Flex Matt ?<\/strong><\/span><\/p>\n<p><strong>Sigma Facade Flex Matt<\/strong> c\u2019est une peinture de fa\u00e7ade \u00e0 base d\u2019eau, velout\u00e9e, mate et \u00e9lastique, sp\u00e9cialement d\u00e9velopp\u00e9e pour le traitement des murs ext\u00e9rieurs. Cette peinture offre d\u2019excellentes propri\u00e9t\u00e9s imperm\u00e9ables et repose sur des dispersions acryliques en copolym\u00e8re r\u00e9ticulant les UV, rendant la peinture tr\u00e8s r\u00e9sistante au r\u00e9tr\u00e9cissement du peu, aux fissures fines et aux d\u00e9chirures, m\u00eame dans des conditions m\u00e9t\u00e9orologiques extr\u00eames. C\u2019est la solution id\u00e9ale pour la ma\u00e7onnerie, le b\u00e9ton, le b\u00e9ton a\u00e9r\u00e9, les pl\u00e2tres et les peintures de fa\u00e7ade, ce qui en fait un produit polyvalent pour l\u2019entretien et la r\u00e9novation de fa\u00e7ades.<\/p>\n<h3>Principaux avantages<\/h3>\n<ul>\n<li><strong>Syst\u00e8me \u00e0 un seul pot<\/strong> : Pas besoin d\u2019appr\u00eats ou couches de finition s\u00e9par\u00e9es, tout-en-un.<\/li>\n<li><strong>R\u00e9duction de l\u2019adh\u00e9rence de la salet\u00e9<\/strong> : Gr\u00e2ce \u00e0 la r\u00e9ticulation UV, la peinture reste propre plus longtemps.<\/li>\n<li><strong>Excellente imperm\u00e9abilit\u00e9 \u00e0 la pluie<\/strong> : Offre une protection contre l\u2019eau gr\u00e2ce \u00e0 une excellente \u00e9tanch\u00e9it\u00e9 (P = 0,05 kg\/(m\u00b2,h1\/2) ; EN 1062-3).<\/li>\n<li><strong>Bonne r\u00e9tention des couleurs<\/strong> : La peinture conserve bien sa couleur m\u00eame lorsqu\u2019elle est expos\u00e9e au soleil et aux conditions m\u00e9t\u00e9orologiques.<\/li>\n<li><strong>Insolvable<\/strong> : Prot\u00e8ge contre les effets nocifs de l\u2019eau de pluie.<\/li>\n<li><strong>Excellente \u00e9lasticit\u00e9 et r\u00e9sistance \u00e0 la d\u00e9chirure<\/strong> : La peinture peut combler les fissures et les retractions allant de -20\u00b0C \u00e0 +40\u00b0C.<\/li>\n<li><strong>Excellente adh\u00e9rence<\/strong> : La peinture adh\u00e8re bien \u00e0 la plupart des surfaces, m\u00eame apr\u00e8s plusieurs ann\u00e9es.<\/li>\n<li><strong>Bonne perm\u00e9abilit\u00e9 \u00e0 la vapeur d\u2019eau<\/strong> : Permet au mur de respirer, \u00e9vitant les probl\u00e8mes d\u2019humidit\u00e9 (Sd160H2O = 0,5 m ; EN 1062-2).<\/li>\n<li><strong>Inhibiteur de carbonatation<\/strong> : Prot\u00e8ge contre l\u2019alt\u00e9ration du b\u00e9ton et de la ma\u00e7onnerie (Sd160CO2 = 67 m ; EN 1062-6).<\/li>\n<li><strong>Pontage de fissures<\/strong> : Pontage des fissures de A1 \u00e0 A3 selon EN 1062-7.<\/li>\n<\/ul>\n<h3>De quelle quantit\u00e9 de tapis Sigma Facade Flex faut-il ?<\/h3>\n<p>L\u2019efficacit\u00e9 de <strong>Sigma Facade Flex Matt<\/strong> Cela d\u00e9pend de la m\u00e9thode d\u2019application et du substrat. La consommation par couche selon le syst\u00e8me est :<\/p>\n<ul>\n<li><strong>250-400 g\/m\u00b2<\/strong> par couche, selon le substrat et le type d\u2019application.<\/li>\n<\/ul>\n<details>\n<summary>Plus d'informations<\/summary>\n<section>\n<h3>Sigma Facade Flex Matt en couleur<\/h3>\n<p><strong>Sigma Facade Flex Matt<\/strong> est disponible dans <strong>Blanc<\/strong> et pratiquement toutes les couleurs de la <strong>Sigma C21.3<\/strong> en <strong>PPG Voice of Colour (La voix de la couleur)<\/strong> Des ventilateurs en couleur. La peinture est disponible en un <strong>Velours mat<\/strong> finition, qui donne un aspect subtil et luxueux.<\/p>\n<p>Les couleurs <strong>RAL 9010<\/strong> (blanc pur) et <strong>RAL 9016<\/strong>  (teinture blanche) peut aussi \u00eatre m\u00e9lang\u00e9e pour un look frais et classique. De plus, presque toutes les couleurs d\u2019autres marques ou collections de couleurs peuvent \u00e9galement \u00eatre cr\u00e9\u00e9es sur demande.<\/p>\n<h3>Application du tapis flexible Sigma Facade<\/h3>\n<p><strong>Sigma Facade Flex Matt<\/strong>  a \u00e9t\u00e9 sp\u00e9cialement d\u00e9velopp\u00e9e pour la protection et la finition des fa\u00e7ades, notamment la ma\u00e7onnerie, le b\u00e9ton, le b\u00e9ton a\u00e9r\u00e9, le pl\u00e2tre ciment et les peintures existantes pour les fa\u00e7ades. La peinture offre une protection durable contre les conditions m\u00e9t\u00e9orologiques extr\u00eames et emp\u00eache la formation de fissures, ce qui en fait un excellent choix pour la r\u00e9novation et l\u2019entretien de la fa\u00e7ade.<\/p>\n<h3>Temps de s\u00e9chage du mat Sigma Facade Flex<\/h3>\n<ul>\n<li><strong>Pluie<\/strong> apr\u00e8s environ <strong>2 heures<\/strong>.<\/li>\n<li><strong>A peindre<\/strong> apr\u00e8s environ <strong>24 heures sur 24<\/strong>.<\/li>\n<li><strong>Compl\u00e8tement sec<\/strong> na <strong>3 semaines<\/strong>.<\/li>\n<\/ul>\n<p>Veuillez noter que les temps de s\u00e9chage peuvent varier selon les conditions m\u00e9t\u00e9orologiques.<\/p>\n<h3>Disponibilit\u00e9 du mat Sigma Facade Flex<\/h3>\n<p><strong>Sigma Facade Flex Matt<\/strong> est disponible dans les quantit\u00e9s suivantes :<\/p>\n<ul>\n<li><strong>10 litres<\/strong> \u2013 Parfait pour des travaux de fa\u00e7ade plus volumineux.<\/li>\n<\/ul>\n<h3>Profitez des offres pour Sigma Facade Flex Matt<\/h3>\n<p>Au <strong>Paintstore.be<\/strong> vous pouvez <strong>Sigma Facade Flex Matt<\/strong>  Achetez \u00e0 des prix comp\u00e9titifs. Commandez rapidement et facilement en ligne et b\u00e9n\u00e9ficiez d\u2019une livraison rapide \u00e0 domicile. Offrez \u00e0 votre fa\u00e7ade la protection qu\u2019elle m\u00e9rite !<\/p>\n<h3>Pourquoi acheter le Sigma Facade Flex Matt chez Paintstore.be ?<\/h3>\n<p>Au <strong>Paintstore.be<\/strong>  Vous b\u00e9n\u00e9ficierez non seulement de produits de la meilleure qualit\u00e9, mais aussi de conseils d\u2019experts pour tous vos travaux de peinture. Commandez facilement votre peinture en ligne et profitez d\u2019une livraison rapide et d\u2019un excellent service client !<\/p>\n<\/section>\n<\/details>\n<p><a href=\"https:\/\/sigmatech.be\/download?kind=default&#038;file=\/assets_be\/TF\/NL\/Sigma\/Sigma%20Facade%20Flex%20Matt_TF_NL_5877BE.pdf\" target=\"_blank\" rel=\"noopener\"><br \/><\/a><\/p>\n<p><a href=\"https:\/\/paintstore.be\/wp-content\/uploads\/2025\/10\/sigma-facade-flex-matt-technische-fiche.pdf\" target=\"_blank\" rel=\"noopener\">Cliquez ici pour t\u00e9l\u00e9charger la fiche technique<br \/><\/a><\/p>","protected":false},"excerpt":{"rendered":"<p>Waarom kiezen voor Sigma Facade Flex Matt ? Sigma Facade Flex Matt is een watergedragen, fluweelmatte en elastische gevelverf die speciaal is ontwikkeld voor het behandelen van buitenmuren. Deze verf biedt uitstekende waterdichte eigenschappen en is gebaseerd op UV-vernetende acrylcopolymeerdispersies, waardoor de verf uitmuntend bestand is tegen krimp-, haarscheurtjes en scheuren, zelfs onder extreme weersomstandigheden. [&hellip;]<\/p>\n","protected":false},"featured_media":989,"comment_status":"open","ping_status":"closed","template":"","meta":[],"product_brand":[90],"product_cat":[127,53,31],"product_tag":[],"class_list":{"0":"post-744","1":"product","2":"type-product","3":"status-publish","4":"has-post-thumbnail","6":"product_brand-sigma-coatings","7":"product_cat-verf-muurverf-buiten-buitenmuur-verf","8":"product_cat-muurverf-buiten","9":"product_cat-verf","10":"pa_basis-waterbasis","11":"pa_binnen-buiten-buiten","12":"pa_eigenschappen-elastisch","13":"pa_glansgraad-mat","14":"pa_inhoud-10l","15":"pa_kleur-gekleurd","16":"pa_kleur-wit","17":"pa_merk-sigma-coatings","18":"pa_ondergrond-oude-verflagen","19":"pa_overschilderbaar-vanaf-12-uur","20":"pa_upc-584","22":"first","23":"instock","24":"shipping-taxable","25":"purchasable","26":"product-type-variable"},"_links":{"self":[{"href":"https:\/\/medv-design.org\/fr\/wp-json\/wp\/v2\/product\/744","targetHints":{"allow":["GET"]}}],"collection":[{"href":"https:\/\/medv-design.org\/fr\/wp-json\/wp\/v2\/product"}],"about":[{"href":"https:\/\/medv-design.org\/fr\/wp-json\/wp\/v2\/types\/product"}],"replies":[{"embeddable":true,"href":"https:\/\/medv-design.org\/fr\/wp-json\/wp\/v2\/comments?post=744"}],"wp:featuredmedia":[{"embeddable":true,"href":"https:\/\/medv-design.org\/fr\/wp-json\/wp\/v2\/media\/989"}],"wp:attachment":[{"href":"https:\/\/medv-design.org\/fr\/wp-json\/wp\/v2\/media?parent=744"}],"wp:term":[{"taxonomy":"product_brand","embeddable":true,"href":"https:\/\/medv-design.org\/fr\/wp-json\/wp\/v2\/product_brand?post=744"},{"taxonomy":"product_cat","embeddable":true,"href":"https:\/\/medv-design.org\/fr\/wp-json\/wp\/v2\/product_cat?post=744"},{"taxonomy":"product_tag","embeddable":true,"href":"https:\/\/medv-design.org\/fr\/wp-json\/wp\/v2\/product_tag?post=744"}],"curies":[{"name":"wp","href":"https:\/\/api.w.org\/{rel}","templated":true}]}}