{"id":743,"date":"2025-12-08T20:00:56","date_gmt":"2025-12-08T20:00:56","guid":{"rendered":"https:\/\/medv-design.org\/product\/sigma-facade-coat-matt\/"},"modified":"2026-02-07T15:44:52","modified_gmt":"2026-02-07T15:44:52","slug":"sigma-facade-coat-matt","status":"publish","type":"product","link":"https:\/\/medv-design.org\/fr\/produit\/sigma-facade-coat-matt\/","title":{"rendered":"Sigma Fa\u00e7ade Coat Matt"},"content":{"rendered":"<p><a href=\"https:\/\/paintstore.be\/kleuren\/\" target=\"_blank\" rel=\"noopener\">Voir les diff\u00e9rentes cartes de couleurs ici<\/a><\/p>\n<p><strong><span style=\"font-size: 20px;\"><\/span><\/strong><\/p>\n<div>\n<div>\n<h3>Pourquoi choisir Sigma Fatade Coat Matt ?<\/h3>\n<p><strong>Sigma Fa\u00e7ade Coat Matt<\/strong> est une peinture de fa\u00e7ade \u00e0 base d\u2019eau avec un l\u00e9ger effet de perles d\u2019eau, bas\u00e9e sur une dispersion acrylique renforc\u00e9e de siloxanes. Cette peinture a \u00e9t\u00e9 sp\u00e9cialement d\u00e9velopp\u00e9e pour les substrats min\u00e9raux tels que la ma\u00e7onnerie et les enduits, et convient id\u00e9alement \u00e0 l\u2019entretien des surfaces structur\u00e9es, comme les syst\u00e8mes d\u2019isolation des murs ext\u00e9rieurs. Gr\u00e2ce \u00e0 son excellente durabilit\u00e9 ext\u00e9rieure et \u00e0 sa bonne r\u00e9sistance \u00e0 la pluie, cette peinture est id\u00e9ale pour les fa\u00e7ades qui doivent r\u00e9sister \u00e0 diff\u00e9rentes conditions m\u00e9t\u00e9orologiques.<\/p>\n<h3>Principaux avantages<\/h3>\n<ul>\n<li><strong>Bonne durabilit\u00e9 en ext\u00e9rieur<\/strong> : R\u00e9sistant \u00e0 diverses conditions m\u00e9t\u00e9orologiques, ce qui le rend id\u00e9al pour les murs ext\u00e9rieurs.<\/li>\n<li><strong>Bonne \u00e9tanch\u00e9it\u00e9 \u00e0 la pluie<\/strong> : Prot\u00e8ge les fa\u00e7ades de la pluie, avec un l\u00e9ger effet de perles d\u2019eau.<\/li>\n<li><strong>Faible adh\u00e9rence \u00e0 la terre<\/strong> : Gr\u00e2ce \u00e0 la capacit\u00e9 de perler, la salet\u00e9 colle moins bien, ce qui maintient la fa\u00e7ade propre.<\/li>\n<li><strong>Haute perm\u00e9abilit\u00e9 \u00e0 la vapeur d\u2019eau<\/strong> : Conforme \u00e0 la classe V1 selon la norme EN 1062-2, ce qui signifie qu\u2019il peut bien \u00e9vacuer l\u2019humidit\u00e9.<\/li>\n<li><strong>Surtout pour les substrats textur\u00e9s<\/strong> : Particuli\u00e8rement adapt\u00e9 \u00e0 l\u2019entretien des syst\u00e8mes d\u2019isolation des murs ext\u00e9rieurs et des surfaces textur\u00e9es.<\/li>\n<li><strong>Savonnable<\/strong> : Facile \u00e0 nettoyer.<\/li>\n<\/ul>\n<h3>De combien de Sigma Fa\u00e7ade Coat Matt ai-je besoin ?<\/h3>\n<p>L'efficacit\u00e9 th\u00e9orique de la <strong>Sigma Fa\u00e7ade Coat Matt<\/strong> is <strong>11 m\u00b2 par litre<\/strong> pour une \u00e9paisseur de film sec de 40 microm\u00e8tres. Selon le type de substrat, l\u2019efficacit\u00e9 peut varier :<\/p>\n<ul>\n<li><strong>Sur des surfaces glissantes<\/strong>: A propos de <strong>8 \u00e0 10 m\u00b2 par litre<\/strong>.<\/li>\n<li><strong>Sur des substrats textur\u00e9s<\/strong>: A propos de <strong>3 \u2013 5 m\u00b2 par litre<\/strong>.<\/li>\n<\/ul>\n<p>Par exemple, pour une surface de 10 m\u00b2 sur une surface lisse, vous avez <strong>1 litre<\/strong> Peindre. Ajustez la quantit\u00e9 de peinture en fonction de la taille de la surface \u00e0 traiter et du type de substrat.<\/p>\n<details>\n<summary>Plus d'informations<\/summary>\n<section>\n<h3>Manteau de fa\u00e7ade Sigma mat en couleur<\/h3>\n<p>De <strong>Sigma Fa\u00e7ade Coat Matt<\/strong> est disponible en blanc et presque toutes les couleurs du <strong>Gamme Sigma C21.3<\/strong>.  Gardez \u00e0 l\u2019esprit que la peinture a une finition mate, ce qui peut affecter l\u2019aspect des couleurs. De l\u00e9g\u00e8res variations de couleur peuvent survenir en raison de la composition sp\u00e9cifique et de la technologie de teinture de la peinture.<\/p>\n<h3>Application du manteau de fa\u00e7ade Sigma<\/h3>\n<p>Le tapis de rev\u00eatement Sigma Facade est appliqu\u00e9 sur des substrats min\u00e9raux tels que la ma\u00e7onnerie, les pl\u00e2tres li\u00e9s au ciment et le b\u00e9ton sain. Il est parfait pour l\u2019entretien de substrats min\u00e9raux d\u00e9j\u00e0 trait\u00e9s et pour l\u2019embellissement des fa\u00e7ades en b\u00e9ton, mais pas adapt\u00e9 \u00e0 la protection du b\u00e9ton. La peinture peut \u00eatre utilis\u00e9e sur des surfaces textur\u00e9es telles que les syst\u00e8mes d\u2019isolation des murs ext\u00e9rieurs, ce qui la rend id\u00e9ale pour les r\u00e9novations et travaux d\u2019entretien.<\/p>\n<h3>Il est temps de s\u00e9cher le manteau de fa\u00e7ade Sigma Matt<\/h3>\n<p>A une temp\u00e9rature de <strong>20\u00b0C<\/strong> en <strong>65 % d\u2019humidit\u00e9<\/strong>:<\/p>\n<ul>\n<li><strong>Sans adh\u00e9sif<\/strong> apr\u00e8s environ <strong>1 heure<\/strong>.<\/li>\n<li><strong>A peindre<\/strong> apr\u00e8s environ <strong>6 heures<\/strong>.<\/li>\n<\/ul>\n<p>Veuillez noter : le temps de s\u00e9chage peut varier en fonction de la temp\u00e9rature, de l\u2019humidit\u00e9 et de l\u2019\u00e9paisseur de la couche appliqu\u00e9e.<\/p>\n<h3>Disponibilit\u00e9 du manteau de fa\u00e7ade Sigma Matt<\/h3>\n<p>Le manteau mat Sigma Facade est disponible en diff\u00e9rentes quantit\u00e9s selon la taille de votre projet :<\/p>\n<ul>\n<li><strong>5 litres<\/strong> \u2013 Pour des r\u00e9novations et travaux d\u2019entretien de taille moyenne.<\/li>\n<li><strong>10 litres<\/strong> \u2013 Id\u00e9al pour des projets plus importants comme la peinture d\u2019une fa\u00e7ade.<\/li>\n<\/ul>\n<h3>Profitez des offres pour Sigma Fa\u00e7ade Coat Matt<\/h3>\n<p>Op <strong>Paintstore.be<\/strong>  Vous pouvez acheter Sigma Facade Coat Matt \u00e0 des prix comp\u00e9titifs, avec une livraison rapide. Commandez d\u00e8s maintenant et offrez \u00e0 vos fa\u00e7ades la protection et l\u2019apparence qu\u2019elles m\u00e9ritent !<\/p>\n<h3>Pourquoi acheter Sigma Facade Coat Matt sur Paintstore.be ?<\/h3>\n<p>Op <strong>Paintstore.be<\/strong>  Vous b\u00e9n\u00e9ficierez non seulement de produits de qualit\u00e9, mais aussi de conseils d\u2019experts pour tous vos travaux de peinture. Il vous suffit de commander en ligne et de faire livrer votre peinture rapidement \u00e0 votre domicile !<\/section>\n<\/details>\n<\/div>\n<\/div>\n<div>\n<div>\n<div><span class=\"\"><\/span><a href=\"https:\/\/paintstore.be\/wp-content\/uploads\/2025\/10\/Sigma-Facade-Coat-Matt-technische-fiche.pdf\" title=\"Fiche technique\" target=\"_blank\" rel=\"noopener\">Cliquez ici pour t\u00e9l\u00e9charger la fiche technique<\/a><\/div>\n<\/div>\n<\/div>","protected":false},"excerpt":{"rendered":"<p>Bekijk hier de verschillende kleurenkaarten Waarom kiezen voor Sigma Facade Coat Matt? Sigma Facade Coat Matt is een watergedragen gevelverf met een licht waterparelend effect, gebaseerd op acrylaatdispersie versterkt met siloxanen. Deze verf is speciaal ontwikkeld voor minerale ondergronden zoals metselwerk en cementgebonden pleisters en is bij uitstek geschikt voor het onderhoud van gestructureerde oppervlakken, [&hellip;]<\/p>\n","protected":false},"featured_media":944,"comment_status":"open","ping_status":"closed","template":"","meta":[],"product_brand":[90],"product_cat":[127,53,31],"product_tag":[],"class_list":{"0":"post-743","1":"product","2":"type-product","3":"status-publish","4":"has-post-thumbnail","6":"product_brand-sigma-coatings","7":"product_cat-verf-muurverf-buiten-buitenmuur-verf","8":"product_cat-muurverf-buiten","9":"product_cat-verf","10":"pa_basis-waterbasis","11":"pa_binnen-buiten-buiten","12":"pa_eigenschappen-waterdampdoorlatend","13":"pa_glansgraad-mat","14":"pa_inhoud-10l","15":"pa_inhoud-5l","16":"pa_kleur-gekleurd","17":"pa_kleur-wit","18":"pa_merk-sigma-coatings","19":"pa_ondergrond-oude-verflagen","20":"pa_overschilderbaar-vanaf-6-uur","21":"pa_upc-712","23":"first","24":"instock","25":"shipping-taxable","26":"purchasable","27":"product-type-variable"},"_links":{"self":[{"href":"https:\/\/medv-design.org\/fr\/wp-json\/wp\/v2\/product\/743","targetHints":{"allow":["GET"]}}],"collection":[{"href":"https:\/\/medv-design.org\/fr\/wp-json\/wp\/v2\/product"}],"about":[{"href":"https:\/\/medv-design.org\/fr\/wp-json\/wp\/v2\/types\/product"}],"replies":[{"embeddable":true,"href":"https:\/\/medv-design.org\/fr\/wp-json\/wp\/v2\/comments?post=743"}],"wp:featuredmedia":[{"embeddable":true,"href":"https:\/\/medv-design.org\/fr\/wp-json\/wp\/v2\/media\/944"}],"wp:attachment":[{"href":"https:\/\/medv-design.org\/fr\/wp-json\/wp\/v2\/media?parent=743"}],"wp:term":[{"taxonomy":"product_brand","embeddable":true,"href":"https:\/\/medv-design.org\/fr\/wp-json\/wp\/v2\/product_brand?post=743"},{"taxonomy":"product_cat","embeddable":true,"href":"https:\/\/medv-design.org\/fr\/wp-json\/wp\/v2\/product_cat?post=743"},{"taxonomy":"product_tag","embeddable":true,"href":"https:\/\/medv-design.org\/fr\/wp-json\/wp\/v2\/product_tag?post=743"}],"curies":[{"name":"wp","href":"https:\/\/api.w.org\/{rel}","templated":true}]}}