{"id":742,"date":"2025-12-08T20:00:56","date_gmt":"2025-12-08T20:00:56","guid":{"rendered":"https:\/\/medv-design.org\/product\/sigma-colour-tester\/"},"modified":"2026-02-07T15:44:55","modified_gmt":"2026-02-07T15:44:55","slug":"sigma-colour-tester","status":"publish","type":"product","link":"https:\/\/medv-design.org\/fr\/produit\/sigma-colour-tester\/","title":{"rendered":"Testeur de couleurs Sigma"},"content":{"rendered":"<p><a href=\"https:\/\/paintstore.be\/kleuren\/\" target=\"_blank\" rel=\"noopener\">Voir les diff\u00e9rentes cartes de couleurs ici<\/a><\/p>\n<p>Sigma Colour Tester vous aide \u00e0 choisir la bonne couleur. En plus du tableau des couleurs d\u00e9j\u00e0 disponible de la Voix de la couleur, du tableau des couleurs de la Voix de la couleur et du scanner PPG Colour Reader, ce testeur offre encore plus de certitude lors du choix de la bonne couleur.<\/p>\n<p>Le Sigma Colour Tester Matt 250 ml peut \u00eatre m\u00e9lang\u00e9 dans n\u2019importe quelle couleur souhait\u00e9e sur la machine \u00e0 m\u00e9langer PPG. Ainsi, vous pouvez facilement tester la couleur sur le mur pour voir si elle vous convient, puis commencer le travail en toute tranquillit\u00e9 d\u2019esprit avec la bonne couleur.<\/p>\n<ul>\n<li>Colorable dans Voice of Colour, PPG Master Colours, NCS RAL,...<\/li>\n<li>Qualit\u00e9 mate<\/li>\n<li>Taille : 250 ml<\/li>\n<li>Disponible en couleurs claires et fonc\u00e9es<\/li>\n<li>Bon pour une surface de 2 m\u00b2 \u00e0 2,5 m\u00b2 par couche<\/li>\n<li>Sec \u00e0 la poussi\u00e8re apr\u00e8s 1 heure, peut \u00eatre repeint apr\u00e8s 4 heures<\/li>\n<li>Ne peut \u00eatre utilis\u00e9 qu\u2019\u00e0 l\u2019int\u00e9rieur<\/li>\n<\/ul>\n<h3><strong>Sigma Color Tester Matt \u2013 Parfait pour le choix des couleurs<\/strong><\/h3>\n<p>De <strong>Sigma Colour Tester Matt<\/strong> 0,25 ml est un moyen pratique et pratique de choisir la couleur parfaite pour votre projet de peinture. Ce testeur de couleur vous permet de voir la peinture dans la couleur souhait\u00e9e sur votre mur ou votre surface, afin que vous puissiez prendre une d\u00e9cision \u00e9clair\u00e9e avant de faire l\u2019achat important.<\/p>\n<p>Avec une finition mate de haute qualit\u00e9, le testeur de couleur Sigma offre une image r\u00e9aliste de ce \u00e0 quoi ressemblera la couleur dans votre espace. Ce petit emballage facile \u00e0 utiliser permet d\u2019essayer facilement diff\u00e9rentes couleurs sans avoir \u00e0 acheter une grande quantit\u00e9 de peinture.<\/p>\n<h3><strong>Pourquoi choisir Sigma Color Tester Matt ?<\/strong><\/h3>\n<ul>\n<li><strong>Exp\u00e9rience couleur<\/strong>: Profitez d\u2019une repr\u00e9sentation fid\u00e8le de la couleur sur votre surface avant de faire un choix final.<\/li>\n<li><strong>Facile \u00e0 utiliser<\/strong>: Le petit paquet 0,25 ml est parfait pour tester diff\u00e9rentes couleurs sans trop de d\u00e9sordre.<\/li>\n<li><strong>Finition mate<\/strong>: La peinture a une finition mate qui correspond \u00e0 la peinture finale, ce qui permet d\u2019\u00e9valuer correctement l\u2019aspect.<\/li>\n<li><strong>Id\u00e9al pour tout espace<\/strong>: Que vous souhaitiez peindre un mur, un plafond ou un meuble, ce testeur de couleur vous aidera \u00e0 choisir la bonne couleur.<\/li>\n<li><strong>Rapide et efficace<\/strong>: Le Sigma Colour Tester vous permet d\u2019essayer rapidement diff\u00e9rentes couleurs, \u00e9conomisant du temps et de l\u2019argent.<\/li>\n<\/ul>\n<h3><strong>Commandez facilement le testeur de couleur Sigma Matt en ligne<\/strong><\/h3>\n<p>Au Paintstore.be, vous pouvez commander rapidement et facilement le Sigma Color Tester Matt en ligne. Avec une large gamme de couleurs au choix, vous trouverez toujours la teinte parfaite pour votre projet. Faites un choix \u00e9clair\u00e9 et assurez-vous que votre peinture soit parfaite !<\/p>","protected":false},"excerpt":{"rendered":"<p>Bekijk hier de verschillende kleurenkaarten Sigma Colour Tester helpt jouw bij het kiezen van de juiste kleur. Naast de reeds beschikbare Voice of Colour kleurenwaaier, de Voice of Colour kleurenkaart en de PPG Colour Reader scanner, biedt deze tester nog meer zekerheid bij het kiezen van de juiste kleur. De Sigma Colour Tester Matt 250ml [&hellip;]<\/p>\n","protected":false},"featured_media":1034,"comment_status":"open","ping_status":"closed","template":"","meta":[],"product_brand":[90],"product_cat":[124,125,31],"product_tag":[],"class_list":{"0":"post-742","1":"product","2":"type-product","3":"status-publish","4":"has-post-thumbnail","6":"product_brand-sigma-coatings","7":"product_cat-verf-muurverf-binnen-kleurentester","8":"product_cat-verf-muurverf-binnen","9":"product_cat-verf","10":"pa_basis-waterbasis","11":"pa_binnen-buiten-binnen","12":"pa_eigenschappen-kleurentester","13":"pa_glansgraad-mat","14":"pa_merk-sigma-coatings","15":"pa_upc-581","17":"first","18":"instock","19":"shipping-taxable","20":"purchasable","21":"product-type-simple"},"_links":{"self":[{"href":"https:\/\/medv-design.org\/fr\/wp-json\/wp\/v2\/product\/742","targetHints":{"allow":["GET"]}}],"collection":[{"href":"https:\/\/medv-design.org\/fr\/wp-json\/wp\/v2\/product"}],"about":[{"href":"https:\/\/medv-design.org\/fr\/wp-json\/wp\/v2\/types\/product"}],"replies":[{"embeddable":true,"href":"https:\/\/medv-design.org\/fr\/wp-json\/wp\/v2\/comments?post=742"}],"wp:featuredmedia":[{"embeddable":true,"href":"https:\/\/medv-design.org\/fr\/wp-json\/wp\/v2\/media\/1034"}],"wp:attachment":[{"href":"https:\/\/medv-design.org\/fr\/wp-json\/wp\/v2\/media?parent=742"}],"wp:term":[{"taxonomy":"product_brand","embeddable":true,"href":"https:\/\/medv-design.org\/fr\/wp-json\/wp\/v2\/product_brand?post=742"},{"taxonomy":"product_cat","embeddable":true,"href":"https:\/\/medv-design.org\/fr\/wp-json\/wp\/v2\/product_cat?post=742"},{"taxonomy":"product_tag","embeddable":true,"href":"https:\/\/medv-design.org\/fr\/wp-json\/wp\/v2\/product_tag?post=742"}],"curies":[{"name":"wp","href":"https:\/\/api.w.org\/{rel}","templated":true}]}}