{"id":741,"date":"2025-12-08T20:00:56","date_gmt":"2025-12-08T20:00:56","guid":{"rendered":"https:\/\/medv-design.org\/product\/sigma-cleaner-250-ml\/"},"modified":"2026-02-07T15:44:58","modified_gmt":"2026-02-07T15:44:58","slug":"sigma-cleaner-250-ml","status":"publish","type":"product","link":"https:\/\/medv-design.org\/fr\/produit\/sigma-cleaner-250-ml\/","title":{"rendered":"Sigma Cleaner 250 ML"},"content":{"rendered":"<p><span style=\"font-size: 20px;\"><strong>Description<\/strong><\/span><\/p>\n<p>Agent nettoyant sp\u00e9cial pour nettoyer Sigmapearl Clean Matt, Sigmapearl Clean Satin et Sigmaresist Immun Matt.<\/p>\n<p><span style=\"font-size: 20px;\"><strong>But de l'utilisation <\/strong><\/span><\/p>\n<p>Enlever les taches tenaces sur Sigmapearl Clean Matt, Sigmapearl Clean Satin et Sigmaresist Immun Matt.<br \/>Le Sigma Cleaner ne doit pas \u00eatre utilis\u00e9 sur d\u2019autres peintures murales.<\/p>\n<p><span style=\"font-size: 20px;\"><strong>Principales caract\u00e9ristiques<\/strong><\/span><\/p>\n<p style=\"margin-left: 20px;\">\u2022 Test\u00e9 pour \u00e9liminer une large gamme de contaminants<\/p>\n<p style=\"margin-left: 20px;\">\u2022 Diverses taches tenaces peuvent \u00eatre facilement enlev\u00e9es<\/p>\n<p style=\"margin-left: 20px;\">\u2022 En combinaison avec de l\u2019huile de tournesol ou de l\u2019huile d\u2019olive, les taches grasses peuvent \u00eatre \u00e9limin\u00e9es<\/p>\n<p><a href=\"http:\/\/max.ppg.com\/adaptivemedia\/rendition?id=3f53baeeef06e1dc5d28faf198725274da65adcd\" target=\"_blank\" rel=\"noopener\">Cliquez ici pour t\u00e9l\u00e9charger la fiche technique &gt;&gt;<\/a><\/p>","protected":false},"excerpt":{"rendered":"<p>Omschrijving Speciaal reinigingsmiddel voor het reinigen van Sigmapearl Clean Matt, Sigmapearl Clean Satin en Sigmaresist Immun Matt. Gebruiksdoel Het verwijderen van hardnekkige vlekken op Sigmapearl Clean Matt, Sigmapearl Clean Satin en Sigmaresist Immun Matt.Sigma Cleaner niet gebuiken op andere muurverven. Voornaamste kenmerken \u2022 Getest op het verwijderen van een groot aantal verontreinigingen \u2022 Diverse hardnekkige [&hellip;]<\/p>\n","protected":false},"featured_media":1033,"comment_status":"open","ping_status":"closed","template":"","meta":[],"product_brand":[],"product_cat":[100],"product_tag":[],"class_list":{"0":"post-741","1":"product","2":"type-product","3":"status-publish","4":"has-post-thumbnail","6":"product_cat-schildersbenodigdheden-reiniging-en-verdunning","7":"pa_upc-677","9":"first","10":"instock","11":"shipping-taxable","12":"purchasable","13":"product-type-simple"},"_links":{"self":[{"href":"https:\/\/medv-design.org\/fr\/wp-json\/wp\/v2\/product\/741","targetHints":{"allow":["GET"]}}],"collection":[{"href":"https:\/\/medv-design.org\/fr\/wp-json\/wp\/v2\/product"}],"about":[{"href":"https:\/\/medv-design.org\/fr\/wp-json\/wp\/v2\/types\/product"}],"replies":[{"embeddable":true,"href":"https:\/\/medv-design.org\/fr\/wp-json\/wp\/v2\/comments?post=741"}],"wp:featuredmedia":[{"embeddable":true,"href":"https:\/\/medv-design.org\/fr\/wp-json\/wp\/v2\/media\/1033"}],"wp:attachment":[{"href":"https:\/\/medv-design.org\/fr\/wp-json\/wp\/v2\/media?parent=741"}],"wp:term":[{"taxonomy":"product_brand","embeddable":true,"href":"https:\/\/medv-design.org\/fr\/wp-json\/wp\/v2\/product_brand?post=741"},{"taxonomy":"product_cat","embeddable":true,"href":"https:\/\/medv-design.org\/fr\/wp-json\/wp\/v2\/product_cat?post=741"},{"taxonomy":"product_tag","embeddable":true,"href":"https:\/\/medv-design.org\/fr\/wp-json\/wp\/v2\/product_tag?post=741"}],"curies":[{"name":"wp","href":"https:\/\/api.w.org\/{rel}","templated":true}]}}