{"id":740,"date":"2025-12-08T20:00:56","date_gmt":"2025-12-08T20:00:56","guid":{"rendered":"https:\/\/medv-design.org\/product\/sigma-amarol-triol-satin\/"},"modified":"2026-02-07T15:45:00","modified_gmt":"2026-02-07T15:45:00","slug":"sigma-amarol-triol-satin","status":"publish","type":"product","link":"https:\/\/medv-design.org\/fr\/produit\/sigma-amarol-triol-satin\/","title":{"rendered":"Sigma Amarol Triol Satin"},"content":{"rendered":"<p><a href=\"https:\/\/paintstore.be\/kleuren\/\" target=\"_blank\" rel=\"noopener\">Voir les diff\u00e9rentes cartes de couleurs ici<\/a><\/p>\n<h3>Pourquoi choisir Sigma Amarol Triol Satin\u00a0?<\/h3>\n<p>Sigma Amarol Triol Satin est une peinture laqu\u00e9e \u00e0 base de solvant \u00e0 base de soie, brillante, con\u00e7ue aussi bien pour des applications int\u00e9rieures qu\u2019ext\u00e9rieures. Cette peinture utilise la technologie avanc\u00e9e Power Tech 3, la rendant extr\u00eamement durable et r\u00e9sistante \u00e0 la salet\u00e9. Id\u00e9al pour l\u2019appr\u00eat, le pr\u00e9-rev\u00eatement et la finition du bois, et adapt\u00e9 aux constructions en acier. Gr\u00e2ce \u00e0 son excellente adh\u00e9rence et \u00e9lasticit\u00e9, cette peinture offre une protection durable avec un aspect professionnel.<\/p>\n<h3>Principaux avantages<\/h3>\n<ul>\n<li><strong>Extr\u00eamement r\u00e9sistant \u00e0 la salet\u00e9<\/strong>: \u00c7a arr\u00eate la salet\u00e9, gardant la finition propre plus longtemps.<\/li>\n<li><strong>Durable<\/strong>: R\u00e9sistant \u00e0 diverses intemp\u00e9ries et adapt\u00e9 \u00e0 un usage int\u00e9rieur et ext\u00e9rieur.<\/li>\n<li><strong>Bonne \u00e9lasticit\u00e9<\/strong>: Reste flexible, emp\u00eachant la couche de peinture de se fissurer ou de s\u2019\u00e9cailler.<\/li>\n<li><strong>R\u00e9gulation de l\u2019humidit\u00e9<\/strong>: \u00c9vite les probl\u00e8mes d\u2019humidit\u00e9 et prot\u00e8ge la surface.<\/li>\n<li><strong>\u00c9tanche aux intemp\u00e9ries<\/strong>: Tr\u00e8s adapt\u00e9 aux conditions m\u00e9t\u00e9orologiques changeantes.<\/li>\n<li><strong>Forte adh\u00e9sion<\/strong>: Offre une excellente adh\u00e9rence aux structures en bois et en acier.<\/li>\n<li><strong>Facile \u00e0 appliquer<\/strong>: Lisse \u00e0 traiter pour une finition uniforme.<\/li>\n<li><strong>Puissance de camouflage \u00e9lev\u00e9e<\/strong>: Offre une excellente couverture m\u00eame sur la premi\u00e8re couche.<\/li>\n<li><strong>Reste bien sur les bords<\/strong>: \u00c9vite les bavures et offre une finition lisse, m\u00eame sur les bords.<\/li>\n<\/ul>\n<h3>Combien de Sigma Amarol Triol Satin ai-je besoin ?<\/h3>\n<p>Avec une efficacit\u00e9 th\u00e9orique de 16 m\u00b2 par litre et une \u00e9paisseur de film sec de 40 microm\u00e8tres, vous pouvez facilement calculer la quantit\u00e9 de peinture n\u00e9cessaire. Par exemple, pour une surface de 16 m\u00b2, vous avez :<\/p>\n<ul>\n<li><strong>1 litre<\/strong>: Couvre environ 16 m\u00b2.<\/li>\n<li><strong>2,5 litres<\/strong>: Couvre environ 40 m\u00b2, selon le substrat et la m\u00e9thode d\u2019application.<\/li>\n<li><strong>5 litres<\/strong>: Couvre environ 80 m\u00b2, id\u00e9al pour des projets plus importants.<\/li>\n<\/ul>\n<details>\n<summary>Plus d'informations<\/summary>\n<section>\n<h3>Sigma Amarol Triol Satin sur m\u00e9lange color\u00e9<\/h3>\n<p>Le Sigma Amarol Triol Satin peut \u00eatre m\u00e9lang\u00e9 par couleur sp\u00e9cialement pour vous. En plus des couleurs de la gamme Sigma C21.3, des teintes populaires telles que <strong>RAL 9010 (blanc pur)<\/strong> en <strong>RAL 9016 (blanc trafic)<\/strong> . Ainsi que des couleurs d\u2019autres marques et\/ou d\u2019autres collections de couleurs. Avec cette peinture mix\u00e9e sur mesure, vous pouvez choisir la couleur parfaite pour votre projet.<\/p>\n<h3>Comment utiliser le satin Sigma Amarol Triol ?<\/h3>\n<p>Pour une finition optimale, nous recommandons d\u2019utiliser des accessoires de peinture professionnels. Pour les surfaces plus grandes, il est pr\u00e9f\u00e9rable d\u2019utiliser un rouleau en microfibre, tandis qu\u2019un pinceau de qualit\u00e9 convient aux coins et aux bords. Pr\u00e9parez bien la surface pour obtenir un r\u00e9sultat durable et uniforme.<\/p>\n<h3>Volumes disponibles de Sigma Amarol Triol Satin<\/h3>\n<p>Sigma Amarol Triol Satin est disponible dans les volumes suivants :<\/p>\n<ul>\n<li><strong>1 litre<\/strong> \u2013 Adapt\u00e9 aux surfaces plus petites ou aux retouches.<\/li>\n<li><strong>2,5 litres<\/strong> \u2013 Id\u00e9al pour les surfaces de taille moyenne telles que les cadres de fen\u00eatres et les portes.<\/li>\n<li><strong>5 litres<\/strong> \u2013 Parfait pour des projets plus volumineux, comme plusieurs pi\u00e8ces ou fa\u00e7ades.<\/li>\n<\/ul>\n<h3>Temps de s\u00e9chage du satin Sigma Amarol Triol<\/h3>\n<p>Le Sigma Amarol Triol Satin est s\u00e8che apr\u00e8s environ 2 heures, sans adh\u00e9rence apr\u00e8s 2,5 heures et peut \u00eatre repeint par-dessus apr\u00e8s environ 16 heures, selon la temp\u00e9rature et l\u2019humidit\u00e9.<\/p>\n<h3>Profitez de nos offres Sigma Amarol Triol Satin<\/h3>\n<p>Sur Paintstore.be, vous pouvez profiter de r\u00e9ductions attractives sur le satin Sigma Amarol Triol. De cette fa\u00e7on, vous achetez cette peinture de haute qualit\u00e9 \u00e0 un prix encore meilleur.<\/p>\n<h3>Pourquoi acheter le Sigma Amarol Triol Satin chez Paintstore.be ?<\/h3>\n<p>Chez Paintstore.be, vous b\u00e9n\u00e9ficiez d\u2019une livraison rapide, de conseils d\u2019experts et d\u2019un excellent service client. Nous veillons \u00e0 ce que votre projet de peinture se d\u00e9roule sans encombre, de la commande \u00e0 la finition.<\/p>\n<\/section>\n<\/details>\n<p><a href=\"https:\/\/paintstore.be\/wp-content\/uploads\/2025\/10\/Sigma-Amarol-Triol-Satin-technische-fiche.pdf\" target=\"_blank\" rel=\"noopener\">Cliquez ici pour t\u00e9l\u00e9charger la fiche technique<br \/><\/a><\/p>","protected":false},"excerpt":{"rendered":"<p>Bekijk hier de verschillende kleurenkaarten Waarom kiezen voor Sigma Amarol Triol Satin? Sigma Amarol Triol Satin is een zijdeglanzende, solventgedragen lakverf, ontworpen voor zowel binnen- als buitentoepassingen. Deze verf maakt gebruik van geavanceerde Power Tech 3-technologie, waardoor hij uitermate duurzaam en vuilbestendig is. Ideaal voor het gronden, voorlakken en afwerken van hout en geschikt voor [&hellip;]<\/p>\n","protected":false},"featured_media":943,"comment_status":"open","ping_status":"closed","template":"","meta":[],"product_brand":[90],"product_cat":[766,123,31],"product_tag":[],"class_list":{"0":"post-740","1":"product","2":"type-product","3":"status-publish","4":"has-post-thumbnail","6":"product_brand-sigma-coatings","7":"product_cat-766","8":"product_cat-grondverf-primers-primer-lakverf","9":"product_cat-verf","10":"pa_basis-solventbasis","11":"pa_binnen-buiten-buiten","12":"pa_eigenschappen-weerbestendig","13":"pa_glansgraad-zijdeglans","14":"pa_inhoud-0-5l","15":"pa_inhoud-1l","16":"pa_inhoud-2-5l","17":"pa_inhoud-5l","18":"pa_kleur-gekleurd","19":"pa_kleur-wit","20":"pa_merk-sigma-coatings","21":"pa_ondergrond-metaal","22":"pa_overschilderbaar-vanaf-16-uur","23":"pa_upc-684","25":"first","26":"instock","27":"shipping-taxable","28":"purchasable","29":"product-type-variable"},"_links":{"self":[{"href":"https:\/\/medv-design.org\/fr\/wp-json\/wp\/v2\/product\/740","targetHints":{"allow":["GET"]}}],"collection":[{"href":"https:\/\/medv-design.org\/fr\/wp-json\/wp\/v2\/product"}],"about":[{"href":"https:\/\/medv-design.org\/fr\/wp-json\/wp\/v2\/types\/product"}],"replies":[{"embeddable":true,"href":"https:\/\/medv-design.org\/fr\/wp-json\/wp\/v2\/comments?post=740"}],"wp:featuredmedia":[{"embeddable":true,"href":"https:\/\/medv-design.org\/fr\/wp-json\/wp\/v2\/media\/943"}],"wp:attachment":[{"href":"https:\/\/medv-design.org\/fr\/wp-json\/wp\/v2\/media?parent=740"}],"wp:term":[{"taxonomy":"product_brand","embeddable":true,"href":"https:\/\/medv-design.org\/fr\/wp-json\/wp\/v2\/product_brand?post=740"},{"taxonomy":"product_cat","embeddable":true,"href":"https:\/\/medv-design.org\/fr\/wp-json\/wp\/v2\/product_cat?post=740"},{"taxonomy":"product_tag","embeddable":true,"href":"https:\/\/medv-design.org\/fr\/wp-json\/wp\/v2\/product_tag?post=740"}],"curies":[{"name":"wp","href":"https:\/\/api.w.org\/{rel}","templated":true}]}}