{"id":739,"date":"2025-12-08T20:00:55","date_gmt":"2025-12-08T20:00:55","guid":{"rendered":"https:\/\/medv-design.org\/product\/sigma-amarol-triol-aqua-satin\/"},"modified":"2026-02-07T15:45:05","modified_gmt":"2026-02-07T15:45:05","slug":"sigma-amarol-triol-aqua-satin","status":"publish","type":"product","link":"https:\/\/medv-design.org\/fr\/produit\/sigma-amarol-triol-aqua-satin\/","title":{"rendered":"Sigma Amarol Triol Aqua Satin"},"content":{"rendered":"<p><a href=\"https:\/\/paintstore.be\/kleuren\/\" target=\"_blank\" rel=\"noopener\">Voir les diff\u00e9rentes cartes de couleurs ici<\/a><\/p>\n<h3>Pourquoi choisir Sigma Amarol Triol Aqua Satin\u00e9 ?<\/h3>\n<p>Sigma Amarol Triol Aqua Satin est une peinture soie-brillante \u00e0 base d\u2019eau qui peut \u00eatre utilis\u00e9e comme appr\u00eat, interm\u00e9diaire et couche de finition. Ce syst\u00e8me en un seul pot en fait une peinture extr\u00eamement polyvalente pour un usage int\u00e9rieur et ext\u00e9rieur, id\u00e9ale pour le bois, les anciennes couches de peinture (y compris \u00e0 base de r\u00e9sine alkydique) et les m\u00e9taux trait\u00e9s avec un appr\u00eat appropri\u00e9. Cette peinture offre une protection durable et un r\u00e9sultat professionnel.<\/p>\n<h3>Principaux avantages<\/h3>\n<ul>\n<li><strong>Syst\u00e8me \u00e0 un seul pot<\/strong>: \u00c0 utiliser comme appr\u00eat, couche interm\u00e9diaire et finale, ce qui simplifie le processus de peinture.<\/li>\n<li><strong>Excellente conservation de la couleur et de la brillance<\/strong>: Reste belle m\u00eame expos\u00e9e aux \u00e9l\u00e9ments.<\/li>\n<li><strong>Durabilit\u00e9 en plein air<\/strong>: Offre une protection durable contre les intemp\u00e9ries.<\/li>\n<li><strong>Facile \u00e0 traiter<\/strong>: Glisse en douceur pour une fin uniforme.<\/li>\n<li><strong>R\u00e9gulation de l\u2019humidit\u00e9<\/strong>: Aide \u00e0 r\u00e9duire les probl\u00e8mes d\u2019humidit\u00e9 dans le bois.<\/li>\n<li><strong>R\u00e9tention d\u2019\u00e9lasticit\u00e9<\/strong>: Reste flexible et emp\u00eache les d\u00e9chirures.<\/li>\n<li><strong>Assemblage rapide<\/strong>: Plusieurs couches peuvent \u00eatre appliqu\u00e9es en une seule journ\u00e9e.<\/li>\n<li><strong>Adapt\u00e9 \u00e0 un usage int\u00e9rieur<\/strong>: Avec une bonne r\u00e9sistance m\u00e9canique, id\u00e9ale pour les surfaces tr\u00e8s utilis\u00e9es.<\/li>\n<\/ul>\n<h3>Combien de Sigma Amarol Triol Aqua Satin ai-je besoin ?<\/h3>\n<p>Avec une efficacit\u00e9 th\u00e9orique de 12 m\u00b2 par litre et une \u00e9paisseur de couche de 35 microm\u00e8tres, vous pouvez facilement calculer la quantit\u00e9 de peinture n\u00e9cessaire. Par exemple, pour une surface de 12 m\u00b2, vous avez :<\/p>\n<ul>\n<li><strong>1 litre<\/strong>: Couvre environ 12 m\u00b2.<\/li>\n<li><strong>2,5 litres<\/strong>: Couvre environ 30 m\u00b2 selon le substrat et la m\u00e9thode d\u2019application.<\/li>\n<\/ul>\n<details>\n<summary>Plus d'informations<\/summary>\n<section>\n<h3>Sigma Amarol Triol Aqua Satin sur m\u00e9lange de couleur<\/h3>\n<p>Le Sigma Amarol Triol Aqua Satin peut \u00eatre m\u00e9lang\u00e9 par couleur sp\u00e9cialement pour vous. En plus des nombreuses couleurs du Sigma C21.3 et du PPG Voice of Colour Charts, des nuances populaires telles que <strong>RAL 9010 (blanc pur)<\/strong> en <strong>RAL 9016 (blanc trafic)<\/strong>  disponible. Cela vous permet de choisir la couleur parfaite pour votre projet et de cr\u00e9er un look harmonieux.<\/p>\n<h3>Comment utiliser Sigma Amarol Triol Aqua Satin ?<\/h3>\n<p>Pour de meilleurs r\u00e9sultats, nous recommandons d\u2019utiliser des accessoires de peinture professionnels. Pour les zones plus grandes, un rouleau en microfibre est id\u00e9al, tandis qu\u2019un pinceau de qualit\u00e9 convient aux coins et aux bords.  Assurez-vous que la surface est bien pr\u00e9par\u00e9e avant de commencer \u00e0 peindre.<\/p>\n<h3>Volumes disponibles de Sigma Amarol Triol Aqua Satin<\/h3>\n<p>Sigma Amarol Triol Aqua Satin est disponible dans les volumes suivants :<\/p>\n<ul>\n<li><strong>1 litre<\/strong> \u2013 Adapt\u00e9 aux petites surfaces ou \u00e0 la retouche de petites zones.<\/li>\n<li><strong>2,5 litres<\/strong> \u2013 Id\u00e9al pour les surfaces de taille moyenne telles que les cadres de fen\u00eatres et les portes.<\/li>\n<\/ul>\n<h3>Temps de s\u00e9chage du Sigma Amarol Triol Aqua Satin<\/h3>\n<p>Le Sigma Amarol Triol Aqua Satin s\u00e8che rapidement : apr\u00e8s environ 30 minutes, la peinture est s\u00e8che en poussi\u00e8re, sans adh\u00e9rence apr\u00e8s 1,5 heure et peut \u00eatre repeinte apr\u00e8s environ 5 heures, selon la temp\u00e9rature et l\u2019humidit\u00e9.<\/p>\n<h3>Profitez de nos offres Sigma Amarol Triol Aqua Satin<\/h3>\n<p>\u00c0 Paintstore.be vous pouvez acheter du Sigma Amarol Triol Aqua Satin avec des r\u00e9ductions attractives, ce qui vous permet d\u2019obtenir une peinture de haute qualit\u00e9 \u00e0 un prix abordable.<\/p>\n<h3>Pourquoi acheter le Sigma Amarol Triol Aqua Satin \u00e0 Paintstore.be ?<\/h3>\n<p>Avec Paintstore.be, vous b\u00e9n\u00e9ficierez d\u2019une livraison rapide, de conseils d\u2019experts et d\u2019un excellent service client. Nous vous aidons \u00e0 r\u00e9ussir votre projet de peinture du d\u00e9but \u00e0 la fin.<\/p>\n<\/section>\n<\/details>\n<p><a href=\"https:\/\/paintstore.be\/wp-content\/uploads\/2025\/10\/Sigma-Amarol-Triol-Aqua-Satin-technische-fiche.pdf\" target=\"_blank\" rel=\"noopener\">Cliquez ici pour t\u00e9l\u00e9charger la fiche technique<br \/><\/a><\/p>","protected":false},"excerpt":{"rendered":"<p>Bekijk hier de verschillende kleurenkaarten Waarom kiezen voor Sigma Amarol Triol Aqua Satin? Sigma Amarol Triol Aqua Satin is een zijdeglanzende, watergedragen verf die zowel als grond-, tussen- en aflak kan worden gebruikt. Dankzij dit \u00e9\u00e9n-pot-systeem is het een uiterst veelzijdige verf voor binnen en buiten, ideaal voor hout, oude verflagen (ook op alkydharsbasis), en [&hellip;]<\/p>\n","protected":false},"featured_media":942,"comment_status":"open","ping_status":"closed","template":"","meta":[],"product_brand":[90],"product_cat":[121,50,31],"product_tag":[],"class_list":{"0":"post-739","1":"product","2":"type-product","3":"status-publish","4":"has-post-thumbnail","6":"product_brand-sigma-coatings","7":"product_cat-verf-lakverf-lakverf-binnen","8":"product_cat-sneldrogende-buitenlak","9":"product_cat-verf","10":"pa_basis-waterbasis","11":"pa_binnen-buiten-buiten","12":"pa_eigenschappen-vochtregulerend","13":"pa_glansgraad-zijdeglans","14":"pa_inhoud-1l","15":"pa_inhoud-2-5l","16":"pa_kleur-gekleurd","17":"pa_kleur-wit","18":"pa_merk-sigma-coatings","19":"pa_ondergrond-radiatoren","20":"pa_overschilderbaar-vanaf-5-uur","21":"pa_upc-706","23":"first","24":"instock","25":"shipping-taxable","26":"purchasable","27":"product-type-variable"},"_links":{"self":[{"href":"https:\/\/medv-design.org\/fr\/wp-json\/wp\/v2\/product\/739","targetHints":{"allow":["GET"]}}],"collection":[{"href":"https:\/\/medv-design.org\/fr\/wp-json\/wp\/v2\/product"}],"about":[{"href":"https:\/\/medv-design.org\/fr\/wp-json\/wp\/v2\/types\/product"}],"replies":[{"embeddable":true,"href":"https:\/\/medv-design.org\/fr\/wp-json\/wp\/v2\/comments?post=739"}],"wp:featuredmedia":[{"embeddable":true,"href":"https:\/\/medv-design.org\/fr\/wp-json\/wp\/v2\/media\/942"}],"wp:attachment":[{"href":"https:\/\/medv-design.org\/fr\/wp-json\/wp\/v2\/media?parent=739"}],"wp:term":[{"taxonomy":"product_brand","embeddable":true,"href":"https:\/\/medv-design.org\/fr\/wp-json\/wp\/v2\/product_brand?post=739"},{"taxonomy":"product_cat","embeddable":true,"href":"https:\/\/medv-design.org\/fr\/wp-json\/wp\/v2\/product_cat?post=739"},{"taxonomy":"product_tag","embeddable":true,"href":"https:\/\/medv-design.org\/fr\/wp-json\/wp\/v2\/product_tag?post=739"}],"curies":[{"name":"wp","href":"https:\/\/api.w.org\/{rel}","templated":true}]}}