{"id":738,"date":"2025-12-08T20:00:55","date_gmt":"2025-12-08T20:00:55","guid":{"rendered":"https:\/\/medv-design.org\/product\/sigma-amarol-primer\/"},"modified":"2026-02-07T15:45:08","modified_gmt":"2026-02-07T15:45:08","slug":"sigma-amarol-primer","status":"publish","type":"product","link":"https:\/\/medv-design.org\/fr\/produit\/sigma-amarol-primer\/","title":{"rendered":"Sigma Amarol Primer"},"content":{"rendered":"<p><span style=\"font-size: 20px;\"><\/span><\/p>\n<h3>Pourquoi choisir la base Sigma Amarol ?<\/h3>\n<p>De <strong>Sigma Amarol Primer<\/strong> est un appr\u00eat de haute qualit\u00e9, s\u00e9ch\u00e9 \u00e0 l\u2019air, \u00e0 base de solvant, destin\u00e9 \u00e0 des applications int\u00e9rieures et ext\u00e9rieures. Cette appr\u00eat \u00e0 base de r\u00e9sine alkyde est id\u00e9al pour l\u2019appr\u00eatage et le surappr\u00eat du bois, mais peut aussi \u00eatre utilis\u00e9 pour l\u2019acier et les m\u00e9taux non ferreux \u00e9quip\u00e9s d\u2019un syst\u00e8me d\u2019amor\u00e7age appropri\u00e9. L\u2019excellente adh\u00e9rence et l\u2019opacit\u00e9 font de cet appr\u00eat le choix id\u00e9al pour cr\u00e9er une base solide pour d\u2019autres traitements de peinture.<\/p>\n<h3>Principaux avantages de l\u2019appr\u00eat Sigma Amarol<\/h3>\n<ul>\n<li><strong>\u00c9tanche aux intemp\u00e9ries<\/strong> : Une couche offre jusqu\u2019\u00e0 1 an de protection en ext\u00e9rieur.<\/li>\n<li><strong>R\u00e9gulation de l\u2019humidit\u00e9<\/strong> : L\u2019appr\u00eat aide \u00e0 r\u00e9guler les probl\u00e8mes d\u2019humidit\u00e9 et \u00e0 pr\u00e9venir les dommages au substrat.<\/li>\n<li><strong>Excellente adh\u00e9rence<\/strong> : Am\u00e9liore l\u2019adh\u00e9rence de la peinture aux surfaces en bois et en m\u00e9tal.<\/li>\n<li><strong>Puissance de camouflage \u00e9lev\u00e9e<\/strong> : Offre une bonne couverture avec moins de couches de peinture.<\/li>\n<li><strong>Bonne couverture des bords<\/strong> : Id\u00e9al pour couvrir les bords et les coins.<\/li>\n<li><strong>Facile \u00e0 utiliser<\/strong> : Facile \u00e0 appliquer pour des r\u00e9sultats optimaux.<\/li>\n<\/ul>\n<h3>De combien de sous-couche Sigma Amarol ai-je besoin ?<\/h3>\n<p>Le <strong>Rendement pratique<\/strong> de la <strong>Sigma Amarol Primer<\/strong> is <strong>16 m\u00b2 par litre<\/strong>. L\u2019efficacit\u00e9 r\u00e9elle peut varier selon le substrat, la m\u00e9thode d\u2019application et les conditions environnementales.<\/p>\n<details>\n<summary>Plus d'informations<\/summary>\n<section>\n<h3>Appr\u00eat Sigma Amarol et couleurs de m\u00e9lange<\/h3>\n<p><strong>Sigma Amarol Primer<\/strong> est disponible dans <strong>Blanc<\/strong> et dans <strong>Couleurs mixtes<\/strong>. Ce produit est disponible dans une large gamme de couleurs, notamment <strong>RAL 9010<\/strong> (blanc pur) et <strong>RAL 9016<\/strong>  (Circulation blanche). Il est \u00e9galement possible d\u2019obtenir l\u2019appr\u00eat en couleurs d\u2019autres marques et collections de peintures, ce qui offre de nombreuses possibilit\u00e9s d\u2019adapter le produit aux besoins sp\u00e9cifiques de votre projet.<\/p>\n<h3>Disponibilit\u00e9 de l\u2019amorce Sigma Amarol<\/h3>\n<p><strong>Sigma Amarol Primer<\/strong> est disponible en <strong>1 litre<\/strong> en <strong>2,5 litres<\/strong> Emballage. Cela le rend adapt\u00e9 aussi bien aux petits comme aux grands travaux de peinture.<\/p>\n<h3>Profitez de nos offres d\u2019appr\u00eat Sigma Amarol<\/h3>\n<p>Achetez le <strong>Sigma Amarol Primer<\/strong> \u00e0 un prix comp\u00e9titif sur <strong>Paintstore.be<\/strong>. Gr\u00e2ce \u00e0 notre livraison rapide, vous pouvez commencer votre projet de peinture imm\u00e9diatement.<\/p>\n<h3>Pourquoi acheter un appr\u00eat Sigma Amarol chez Paintstore.be ?<\/h3>\n<p>Au <strong>Paintstore.be<\/strong> Vous b\u00e9n\u00e9ficiez non seulement de produits de qualit\u00e9, mais aussi de conseils d\u2019experts et d\u2019un excellent service client. Ordre le <strong>Sigma Amarol Primer<\/strong> Et d\u00e9couvrez \u00e0 quel point le shopping en ligne peut \u00eatre facile !<\/p>\n<\/section>\n<\/details>\n<p><a href=\"https:\/\/paintstore.be\/wp-content\/uploads\/2025\/10\/Sigma-Amarol-Primer-technische-fiche.pdf\" target=\"_blank\" rel=\"noopener\">Cliquez ici pour t\u00e9l\u00e9charger la fiche technique &gt;&gt;<br \/><\/a><\/p>","protected":false},"excerpt":{"rendered":"<p>Waarom kiezen voor Sigma Amarol Primer? De Sigma Amarol Primer is een hoogwaardige, luchtgedroogde solventgedragen grondlak voor zowel binnen- als buitentoepassingen. Deze primer op basis van alkydhars is ideaal voor het gronden en overgronden van hout, maar kan ook worden gebruikt voor staal en non-ferrometalen die voorzien zijn van een geschikt primersysteem. De uitstekende hechting [&hellip;]<\/p>\n","protected":false},"featured_media":941,"comment_status":"open","ping_status":"closed","template":"","meta":[],"product_brand":[90],"product_cat":[47,118,31],"product_tag":[],"class_list":{"0":"post-738","1":"product","2":"type-product","3":"status-publish","4":"has-post-thumbnail","6":"product_brand-sigma-coatings","7":"product_cat-grondverf-primers","8":"product_cat-verf-grondverf-primers-primer-voor-mdf","9":"product_cat-verf","10":"pa_basis-solventbasis","11":"pa_binnen-buiten-buiten","12":"pa_eigenschappen-uitstekende-hechting","13":"pa_glansgraad-zijdeglans","14":"pa_inhoud-1l","15":"pa_inhoud-2-5l","16":"pa_kleur-gekleurd","17":"pa_kleur-wit","18":"pa_merk-sigma-coatings","19":"pa_ondergrond-oude-verflagen","20":"pa_overschilderbaar-vanaf-16-uur","21":"pa_upc-697","23":"first","24":"instock","25":"shipping-taxable","26":"purchasable","27":"product-type-variable"},"_links":{"self":[{"href":"https:\/\/medv-design.org\/fr\/wp-json\/wp\/v2\/product\/738","targetHints":{"allow":["GET"]}}],"collection":[{"href":"https:\/\/medv-design.org\/fr\/wp-json\/wp\/v2\/product"}],"about":[{"href":"https:\/\/medv-design.org\/fr\/wp-json\/wp\/v2\/types\/product"}],"replies":[{"embeddable":true,"href":"https:\/\/medv-design.org\/fr\/wp-json\/wp\/v2\/comments?post=738"}],"wp:featuredmedia":[{"embeddable":true,"href":"https:\/\/medv-design.org\/fr\/wp-json\/wp\/v2\/media\/941"}],"wp:attachment":[{"href":"https:\/\/medv-design.org\/fr\/wp-json\/wp\/v2\/media?parent=738"}],"wp:term":[{"taxonomy":"product_brand","embeddable":true,"href":"https:\/\/medv-design.org\/fr\/wp-json\/wp\/v2\/product_brand?post=738"},{"taxonomy":"product_cat","embeddable":true,"href":"https:\/\/medv-design.org\/fr\/wp-json\/wp\/v2\/product_cat?post=738"},{"taxonomy":"product_tag","embeddable":true,"href":"https:\/\/medv-design.org\/fr\/wp-json\/wp\/v2\/product_tag?post=738"}],"curies":[{"name":"wp","href":"https:\/\/api.w.org\/{rel}","templated":true}]}}