{"id":737,"date":"2025-12-08T20:00:55","date_gmt":"2025-12-08T20:00:55","guid":{"rendered":"https:\/\/medv-design.org\/product\/sigma-air-pure-supermatt\/"},"modified":"2026-04-02T09:24:45","modified_gmt":"2026-04-02T09:24:45","slug":"sigma-air-pure-supermatt","status":"publish","type":"product","link":"https:\/\/medv-design.org\/fr\/produit\/sigma-air-pure-supermatt\/","title":{"rendered":"Sigma Air Pure Supermatt"},"content":{"rendered":"<p><a href=\"https:\/\/paintstore.be\/kleuren\/\" target=\"_blank\" rel=\"noopener\">Voir les diff\u00e9rentes cartes de couleurs ici<\/a><\/p>\n<h3>Pourquoi choisir Sigma Air Pure Supermatt ?<\/h3>\n<p>Sigma Air Pure Supermatt est une peinture murale de haute qualit\u00e9 \u00e0 base d\u2019eau pour int\u00e9rieur, qui offre une excellente finition aux murs et aux plafonds. Gr\u00e2ce \u00e0 son effet neutralisant le formald\u00e9hyde, cette peinture contribue \u00e0 un meilleur climat int\u00e9rieur et est id\u00e9ale pour les pi\u00e8ces o\u00f9 la qualit\u00e9 de l\u2019air est importante.<\/p>\n<h4>Principaux avantages :<\/h4>\n<ul>\n<li><strong>Effet neutralisant du formald\u00e9hyde<\/strong>: R\u00e9duit jusqu\u2019\u00e0 70 % de formald\u00e9hyde dans l\u2019air.<\/li>\n<li><strong>Bio-bas\u00e9 et durable<\/strong>: 45 % des mati\u00e8res premi\u00e8res sont renouvelables, selon l\u2019ASTM D686.<\/li>\n<li><strong>Finition super mate<\/strong>: Offre un aspect \u00e9l\u00e9gant sans \u00e9clat, id\u00e9al pour les int\u00e9rieurs modernes.<\/li>\n<li><strong>Traitement de la lumi\u00e8re<\/strong>: Facile \u00e0 faire avec une excellente couverture (classe 2).<\/li>\n<li><strong>Faible odeur et d\u00e9ployable rapidement<\/strong>: Les pi\u00e8ces sont imm\u00e9diatement remises en service apr\u00e8s la peinture.<\/li>\n<li><strong>Perm\u00e9able \u00e0 la vapeur d'eau<\/strong>: Adapt\u00e9 aux surfaces respirantes.<\/li>\n<li><strong>Classe de nettoyage 2 (EN 13300)<\/strong>: Durable et facile \u00e0 entretenir.<\/li>\n<\/ul>\n<h3>De combien de Sigma Air Pure Supermatt ai-je besoin ?<\/h3>\n<p>Avec un rendement de 7,5 \u00e0 10 m\u00b2 par litre, vous pouvez calculer la quantit\u00e9 de peinture requise. Par exemple, pour un mur de 100 m\u00b2, vous avez :<\/p>\n<ul>\n<li><strong>2,5 litres<\/strong>: Couvre environ 18 \u00e0 25 m\u00b2.<\/li>\n<li><strong>10 litres<\/strong>: Couvre environ 75 \u00e0 100 m\u00b2, selon le substrat et la m\u00e9thode d\u2019application.<\/li>\n<\/ul>\n<details>\n<section>\n<h3>Sigma Air Pure Supermatt m\u00e9lang\u00e9 par couleur<\/h3>\n<p>Sigma Air Pure Supermatt peut \u00eatre estomp\u00e9 en couleurs sp\u00e9cialement pour vous, afin que vous puissiez choisir la teinte parfaite pour votre projet. Cela s\u2019applique \u00e0 presque toutes les couleurs, tant que le code couleur ou le nom est transmis. Que vous choisissiez une couleur populaire comme <strong>RAL 9010 (blanc pur)<\/strong> of <strong>RAL 9016 (blanc trafic)<\/strong>, la peinture est pr\u00e9cis\u00e9ment adapt\u00e9e \u00e0 votre projet. Avec cette palette de couleurs \u00e9tendue, vous pouvez cr\u00e9er l\u2019atmosph\u00e8re d\u00e9sir\u00e9e qui convient \u00e0 votre int\u00e9rieur.<\/p>\n<h3>Sigma Colour Tester Matt<\/h3>\n<p>Vous ne savez pas quelle couleur choisir pour votre projet ? Puis ordonner le <strong>Sigma Colour Tester Matt 0.25L<\/strong>. Cela permet de tester n\u2019importe quelle couleur depuis le ventilateur du syst\u00e8me Sigma Color System ou d\u2019autres syst\u00e8mes de couleur. En transmettant le code couleur ou le nom, nous pouvons cr\u00e9er la couleur d\u00e9sir\u00e9e pour vous. Cela vous donne l\u2019occasion d\u2019essayer la peinture sur une petite surface et d\u2019\u00eatre s\u00fbr de votre choix, avant de commander une plus grande quantit\u00e9.<\/p>\n<h3>Comment utiliser Sigma Air Pure Supermatt ?<\/h3>\n<p>Pour une finition parfaite, nous recommandons l\u2019utilisation d\u2019accessoires de peinture professionnels. Utilisez un rouleau en microfibre pour les surfaces plus grandes et un pinceau de qualit\u00e9 pour une finition pr\u00e9cise des coins et des bords.<\/p>\n<h3>Volumes disponibles de Sigma Air Pure Supermatt<\/h3>\n<p>Sigma Air Pure Supermatt est disponible en volumes suivants :<\/p>\n<ul>\n<li><strong>2,5 litres<\/strong> \u2013 Pour des espaces de petite \u00e0 moyenne taille, comme un salon ou une chambre.<\/li>\n<li><strong>10 litres<\/strong> \u2013 Id\u00e9al pour les espaces plus vastes, par exemple pour une grande pi\u00e8ce ou plusieurs pi\u00e8ces.<\/li>\n<\/ul>\n<h3>Temps de s\u00e9chage du Sigma Air Pure Supermatt<\/h3>\n<p>La peinture s\u00e8che apr\u00e8s environ une heure, ne se retrouve plus au bout de 4 heures et peut \u00eatre repeinte apr\u00e8s 4 heures, selon l\u2019\u00e9paisseur de la couche et la temp\u00e9rature ambiante. Pour les couleurs fonc\u00e9es, le temps de s\u00e9chage peut \u00eatre l\u00e9g\u00e8rement plus long.<\/p>\n<h3>Profitez de nos offres Sigma Air Pure Supermatt<\/h3>\n<p>Avec des r\u00e9ductions attractives, vous pouvez d\u00e9sormais profiter de prix suppl\u00e9mentaires pour Sigma Air Pure Supermatt. Ainsi, vous pouvez acheter de la peinture de haute qualit\u00e9 \u00e0 un prix encore meilleur.<\/p>\n<h3>Pourquoi acheter Sigma Air Pure Supermatt chez Paintstore.be ?<\/h3>\n<p>Nous offrons une livraison rapide, la satisfaction client et un service fiable. Avec Paintstore.be, vous \u00eates assur\u00e9 d\u2019une exp\u00e9rience d\u2019achat sans souci, d\u2019une livraison rapide et de conseils d\u2019experts.<\/p>\n<\/section>\n<\/details>\n<p><a href=\"https:\/\/paintstore.be\/wp-content\/uploads\/2025\/10\/sigma-airpure-matt-technische-fiche.pdf\" target=\"_blank\" rel=\"noopener\">Cliquez ici pour t\u00e9l\u00e9charger la fiche technique<br \/>\n<\/a><\/p>","protected":false},"excerpt":{"rendered":"<p>Bekijk hier de verschillende kleurenkaarten Waarom kiezen voor Sigma Air Pure Supermatt? Sigma Air Pure Supermatt is een hoogwaardige, watergedragen muurverf voor binnen die zorgt voor een uitstekende afwerking van wanden en plafonds. Dankzij de formaldehyde-neutraliserende werking draagt deze verf bij aan een beter binnenklimaat en is hij ideaal voor ruimtes waar luchtkwaliteit belangrijk is. [&hellip;]<\/p>\n","protected":false},"featured_media":940,"comment_status":"open","ping_status":"closed","template":"","meta":[],"product_brand":[90],"product_cat":[117,116,31],"product_tag":[],"class_list":{"0":"post-737","1":"product","2":"type-product","3":"status-publish","4":"has-post-thumbnail","6":"product_brand-sigma-coatings","7":"product_cat-verf-muurverf-binnen-muurverf","8":"product_cat-verf-muurverf-binnen-plafondverf","9":"product_cat-verf","10":"pa_basis-waterbasis","11":"pa_binnen-buiten-binnen","12":"pa_certificering-cradle-to-cradle-silver","13":"pa_eigenschappen-zeer-goede-dekking","14":"pa_glansgraad-supermat","15":"pa_inhoud-10l","16":"pa_inhoud-2-5l","17":"pa_kleur-gekleurd","18":"pa_kleur-wit","19":"pa_merk-sigma-coatings","20":"pa_ondergrond-oude-verflagen","21":"pa_overschilderbaar-vanaf-4-uur","22":"pa_schrobklasse-klasse-2-goede-schrobvastheid-2","23":"pa_upc-690","25":"first","26":"instock","27":"shipping-taxable","28":"purchasable","29":"product-type-variable"},"_links":{"self":[{"href":"https:\/\/medv-design.org\/fr\/wp-json\/wp\/v2\/product\/737","targetHints":{"allow":["GET"]}}],"collection":[{"href":"https:\/\/medv-design.org\/fr\/wp-json\/wp\/v2\/product"}],"about":[{"href":"https:\/\/medv-design.org\/fr\/wp-json\/wp\/v2\/types\/product"}],"replies":[{"embeddable":true,"href":"https:\/\/medv-design.org\/fr\/wp-json\/wp\/v2\/comments?post=737"}],"wp:featuredmedia":[{"embeddable":true,"href":"https:\/\/medv-design.org\/fr\/wp-json\/wp\/v2\/media\/940"}],"wp:attachment":[{"href":"https:\/\/medv-design.org\/fr\/wp-json\/wp\/v2\/media?parent=737"}],"wp:term":[{"taxonomy":"product_brand","embeddable":true,"href":"https:\/\/medv-design.org\/fr\/wp-json\/wp\/v2\/product_brand?post=737"},{"taxonomy":"product_cat","embeddable":true,"href":"https:\/\/medv-design.org\/fr\/wp-json\/wp\/v2\/product_cat?post=737"},{"taxonomy":"product_tag","embeddable":true,"href":"https:\/\/medv-design.org\/fr\/wp-json\/wp\/v2\/product_tag?post=737"}],"curies":[{"name":"wp","href":"https:\/\/api.w.org\/{rel}","templated":true}]}}