{"id":736,"date":"2025-12-08T20:00:55","date_gmt":"2025-12-08T20:00:55","guid":{"rendered":"https:\/\/medv-design.org\/product\/red-devil-one-time\/"},"modified":"2026-02-07T15:45:15","modified_gmt":"2026-02-07T15:45:15","slug":"red-devil-one-time","status":"publish","type":"product","link":"https:\/\/medv-design.org\/fr\/produit\/red-devil-one-time\/","title":{"rendered":"Diable rouge une fois"},"content":{"rendered":"<h3>Pourquoi choisir la p\u00e2te Onetime ?<\/h3>\n<p>Diable Rouge <strong>Mastic \u00e0 usage unique<\/strong> est la solution si vous souhaitez r\u00e9parer les trous, les coutures et les fissures rapidement et sans effort. Cette p\u00e2te de r\u00e9novation tr\u00e8s l\u00e9g\u00e8re, pr\u00eate \u00e0 l\u2019emploi, est pr\u00eate \u00e0 l\u2019emploi, facile \u00e0 traiter et peut \u00eatre utilis\u00e9e aussi bien \u00e0 l\u2019int\u00e9rieur qu\u2019\u00e0 l\u2019ext\u00e9rieur. Gr\u00e2ce \u00e0 un faible r\u00e9tr\u00e9cissement et \u00e0 une grande capacit\u00e9 de remplissage, vous obtenez toujours un r\u00e9sultat lisse et durable.<\/p>\n<p><strong>Principaux avantages<\/strong><\/p>\n<ul>\n<li> <strong>Super l\u00e9ger et facile \u00e0 manipuler<\/strong><\/li>\n<li> <strong>S\u00e9chage rapide<\/strong>: peut \u00eatre repeint apr\u00e8s environ 2 heures<\/li>\n<li> <strong>Adapt\u00e9 \u00e0 un usage int\u00e9rieur et ext\u00e9rieur<\/strong><\/li>\n<li> <strong>Faible retrait et r\u00e9sultat sans d\u00e9chirure<\/strong><\/li>\n<li> <strong>On peut finir de fa\u00e7on fluide avec une spatule ou un couteau \u00e0 mastic<\/strong><\/li>\n<\/ul>\n<p>\ud83d\udc49 Ordre <strong>Mastic \u00e0 usage unique<\/strong> Facilement en ligne \u00e0 Paintstore.be et profitez d\u2019une livraison rapide et de prix comp\u00e9titifs.<\/p>\n<p><a href=\"https:\/\/paintstore.be\/wp-content\/uploads\/2025\/09\/Red-Devil-ONETIME-plamuur.pdf\" target=\"_blank\" rel=\"noopener\">Cliquez ici pour t\u00e9l\u00e9charger la fiche technique<\/a><\/p>\n<hr>\n<details>\n<summary>\n<h2>\ud83d\udd39 En savoir plus<\/h2>\n<\/summary>\n<section>\n<h3>Qu\u2019est-ce que la p\u00e2te Onetime ?<\/h3>\n<p>Une masticle \u00e0 usage unique est une <strong>P\u00e2te l\u00e9g\u00e8re pour r\u00e9novation<\/strong>  \u00c7a vient tout pr\u00eat \u00e0 partir de la marmite. Le produit a \u00e9t\u00e9 d\u00e9velopp\u00e9 pour combler facilement les trous, les joints et les fissures des murs et des plafonds. Gr\u00e2ce \u00e0 la formule sp\u00e9ciale, la p\u00e2te est beaucoup plus l\u00e9g\u00e8re que les variantes traditionnelles, donc il faut moins de force et travaille plus vite.<\/p>\n<h3>Applications de la mastic \u00e0 usage unique<\/h3>\n<ul>\n<li> Se r\u00e9tablir de <strong>Trous et fissures<\/strong> dans les murs et les plafonds.<\/li>\n<li> Remplissage <strong>Coutures et fissures<\/strong> dans divers substrats tels que le pl\u00e2tre et le b\u00e9ton.<\/li>\n<li> Peut \u00eatre utilis\u00e9 \u00e0 l\u2019int\u00e9rieur comme \u00e0 l\u2019ext\u00e9rieur (toujours repeindre au moins 2 fois en ext\u00e9rieur).<\/li>\n<\/ul>\n<h3>Comment utilise-t-on la p\u00e2te Onetime ?<\/h3>\n<ol>\n<li> Assurez-vous que la surface <strong>Sec, propre et sans poussi\u00e8re<\/strong> .<\/li>\n<li> Appliquez le produit de comblement avec un <strong>Couteau \u00e0 mastic ou spatule en acier inoxydable<\/strong>.<\/li>\n<li>En cas de trous profonds ou de dommages, il est pr\u00e9f\u00e9rable de les boucher grossi\u00e8rement avec un produit de remplissage appropri\u00e9 d\u2019abord. Ensuite, vous pouvez rendre la finition parfaitement lisse avec de la p\u00e2te Onetime.<\/li>\n<li> Appuyez fermement sur la p\u00e2te \u00e0 mastic dans l\u2019ouverture et lissez-la.<\/li>\n<li> Ponce l\u00e9g\u00e8rement apr\u00e8s s\u00e9chage pour obtenir un r\u00e9sultat parfaitement homog\u00e8ne.<\/li>\n<\/ol>\n<p>\ud83d\udca1 Conseil : En cas de l\u00e9ger s\u00e9chage du produit, une goutte d\u2019eau peut \u00eatre ajout\u00e9e pour am\u00e9liorer sa facilit\u00e9 de transformation.<\/p>\n<h3>Temps de s\u00e9chage et peinture<\/h3>\n<ul>\n<li> Temps de s\u00e9chage : environ 3 heures<\/li>\n<li> Pon\u00e7able : environ 2 heures<\/li>\n<li> Colorable :\n<ul>\n<li> Apr\u00e8s environ 2 heures avec <strong>Peinture \u00e0 base d\u2019eau<\/strong><\/li>\n<li> Apr\u00e8s environ 24 heures avec <strong>Peinture \u00e0 base de solvants<\/strong><\/li>\n<\/ul>\n<\/li>\n<li> Compl\u00e8tement gu\u00e9ri : environ 7 jours<\/li>\n<\/ul>\n<h3>Emballage disponible<\/h3>\n<p>La masticage \u00e0 usage unique est disponible en diff\u00e9rents volumes, adapt\u00e9e aux petits et grands travaux :<\/p>\n<ul>\n<li> <strong>0,25 L<\/strong> \u2013 id\u00e9al pour des r\u00e9parations mineures.<\/li>\n<li> <strong>1 L<\/strong> \u2013 adapt\u00e9 aux t\u00e2ches standard \u00e0 la maison.<\/li>\n<li> <strong>4 l<\/strong> \u2013 pour des r\u00e9novations plus importantes ou plusieurs pi\u00e8ces.<\/li>\n<\/ul>\n<h3>Foire aux questions sur la p\u00e2te Onetime<\/h3>\n<p><strong>Puis-je utiliser une p\u00e2te Onetime \u00e0 l\u2019ext\u00e9rieur ?<\/strong><br \/> Oui, mais repeindre toujours au moins deux fois pour un r\u00e9sultat durable.<\/p>\n<p><strong>Dois-je quand m\u00eame peindre par-dessus la p\u00e2te ?<\/strong><br \/> Oui, le produit peut facilement \u00eatre recouvert de peintures \u00e0 base d\u2019eau et \u00e0 base de solvant.<\/p>\n<p><strong>Quelle \u00e9paisseur puis-je appliquer d\u2019un coup ?<\/strong><br \/> On obtient les meilleurs r\u00e9sultats avec des couches comprises entre 5 et 30 mm.<\/p>\n<h3>Pourquoi acheter de la p\u00e2te Onetime \u00e0 Paintstore.be ?<\/h3>\n<ul>\n<li> <strong>Livraison rapide<\/strong> En rupture de stock<\/li>\n<li> <strong>Livraison gratuite \u00e0 partir de 75 \u20ac<\/strong><\/li>\n<li> <strong>Conseils fiables<\/strong> et se concentrer sur des produits de qualit\u00e9<\/li>\n<li> <strong>Prix comp\u00e9titifs<\/strong> par la coop\u00e9ration directe avec les fournisseurs<\/li>\n<\/ul>\n<p>\ud83d\udc49 Commandez votre <strong>Mastic \u00e0 usage unique<\/strong> et profitez d\u2019un r\u00e9sultat \u00e9pur\u00e9, uniforme et durable \u00e0 chaque r\u00e9paration.<\/p>\n<\/section>\n<\/details>","protected":false},"excerpt":{"rendered":"<p>Waarom kiezen voor Onetime plamuur? Red Devil Onetime plamuur is d\u00e9 oplossing als je snel en moeiteloos gaten, naden en barsten wilt herstellen. Deze superlichte, kant-en-klare renovatiepasta is direct gebruiksklaar, makkelijk te verwerken en zowel binnen als buiten toepasbaar. Dankzij de minimale krimp en het sterke vulvermogen krijg je altijd een strak en duurzaam resultaat. [&hellip;]<\/p>\n","protected":false},"featured_media":988,"comment_status":"open","ping_status":"closed","template":"","meta":[],"product_brand":[],"product_cat":[764,115,94,19],"product_tag":[],"class_list":{"0":"post-736","1":"product","2":"type-product","3":"status-publish","4":"has-post-thumbnail","6":"product_cat-764","7":"product_cat-schildersbenodigdheden-plamuur-vulmiddelen-lakplamuur-snelplamuur","8":"product_cat-schildersbenodigdheden-plamuur-vulmiddelen","9":"product_cat-schildersbenodigdheden","10":"pa_binnen-buiten-binnen","11":"pa_diepte-reparatie-per-laag-tot-30-mm","12":"pa_eigenschappen-krimpvrij","13":"pa_inhoud-0-250l","14":"pa_inhoud-1l","15":"pa_inhoud-4l","16":"pa_kleur-wit","17":"pa_ondergrond-hout","18":"pa_samenstelling-1-component","19":"pa_upc-582","21":"first","22":"instock","23":"shipping-taxable","24":"purchasable","25":"product-type-variable"},"_links":{"self":[{"href":"https:\/\/medv-design.org\/fr\/wp-json\/wp\/v2\/product\/736","targetHints":{"allow":["GET"]}}],"collection":[{"href":"https:\/\/medv-design.org\/fr\/wp-json\/wp\/v2\/product"}],"about":[{"href":"https:\/\/medv-design.org\/fr\/wp-json\/wp\/v2\/types\/product"}],"replies":[{"embeddable":true,"href":"https:\/\/medv-design.org\/fr\/wp-json\/wp\/v2\/comments?post=736"}],"wp:featuredmedia":[{"embeddable":true,"href":"https:\/\/medv-design.org\/fr\/wp-json\/wp\/v2\/media\/988"}],"wp:attachment":[{"href":"https:\/\/medv-design.org\/fr\/wp-json\/wp\/v2\/media?parent=736"}],"wp:term":[{"taxonomy":"product_brand","embeddable":true,"href":"https:\/\/medv-design.org\/fr\/wp-json\/wp\/v2\/product_brand?post=736"},{"taxonomy":"product_cat","embeddable":true,"href":"https:\/\/medv-design.org\/fr\/wp-json\/wp\/v2\/product_cat?post=736"},{"taxonomy":"product_tag","embeddable":true,"href":"https:\/\/medv-design.org\/fr\/wp-json\/wp\/v2\/product_tag?post=736"}],"curies":[{"name":"wp","href":"https:\/\/api.w.org\/{rel}","templated":true}]}}