{"id":735,"date":"2025-12-08T20:00:55","date_gmt":"2025-12-08T20:00:55","guid":{"rendered":"https:\/\/medv-design.org\/product\/progold-white-spirit-terpentine\/"},"modified":"2026-02-07T15:45:18","modified_gmt":"2026-02-07T15:45:18","slug":"progold-white-spirit-terpentine","status":"publish","type":"product","link":"https:\/\/medv-design.org\/fr\/produit\/progold-white-spirit-terpentine\/","title":{"rendered":"Progold white spirit \/ white spirit"},"content":{"rendered":"<h3>Description<\/h3>\n<p>Le white spirit Progold est un diluant pour les peintures synth\u00e9tiques telles que les appr\u00eats, les peintures soyeuses, les peintures brillantes, les vernis, les m\u00e9langes et les peintures murales synth\u00e9tiques. Il permet \u00e9galement d'\u00e9liminer les couches de cire sur les parquets.<\/p>\n<p>Diluant pour peintures synth\u00e9tiques et \u00e0 l'huile, nettoyant pour pinceaux, d\u00e9graissant pour m\u00e9taux.<\/p>\n<h3>Principales caract\u00e9ristiques<\/h3>\n<ul>\n<li>Dilution de divers types de peintures synth\u00e9tiques.<\/li>\n<li>Convient pour enlever les couches de cire sur les parquets.<\/li>\n<\/ul>","protected":false},"excerpt":{"rendered":"<p>Description La t\u00e9r\u00e9benthine Progold est un diluant pour les peintures synth\u00e9tiques telles que l\u2019appr\u00eat, la peinture satin\u00e9e, la peinture \u00e0 haute brillance, le vernis, la m\u00e9nie et la peinture murale synth\u00e9tique. Aussi pour enlever les couches de cire sur le parquet. Diluant pour peinture pour peintures synth\u00e9tiques et \u00e0 l\u2019huile, agent nettoyant pour pinceaux, d\u00e9graissant pour m\u00e9taux. Caract\u00e9ristiques principales : dilution de diff\u00e9rents types de peintures synth\u00e9tiques. Adapt\u00e9 pour enlever les couches de cire sur le parquet.<\/p>","protected":false},"featured_media":929,"comment_status":"open","ping_status":"closed","template":"","meta":[],"product_brand":[],"product_cat":[100,19],"product_tag":[],"class_list":{"0":"post-735","1":"product","2":"type-product","3":"status-publish","4":"has-post-thumbnail","6":"product_cat-schildersbenodigdheden-reiniging-en-verdunning","7":"product_cat-schildersbenodigdheden","8":"pa_inhoud-1l","9":"pa_inhoud-5l","10":"pa_upc-604","12":"first","13":"outofstock","14":"shipping-taxable","15":"purchasable","16":"product-type-variable"},"_links":{"self":[{"href":"https:\/\/medv-design.org\/fr\/wp-json\/wp\/v2\/product\/735","targetHints":{"allow":["GET"]}}],"collection":[{"href":"https:\/\/medv-design.org\/fr\/wp-json\/wp\/v2\/product"}],"about":[{"href":"https:\/\/medv-design.org\/fr\/wp-json\/wp\/v2\/types\/product"}],"replies":[{"embeddable":true,"href":"https:\/\/medv-design.org\/fr\/wp-json\/wp\/v2\/comments?post=735"}],"wp:featuredmedia":[{"embeddable":true,"href":"https:\/\/medv-design.org\/fr\/wp-json\/wp\/v2\/media\/929"}],"wp:attachment":[{"href":"https:\/\/medv-design.org\/fr\/wp-json\/wp\/v2\/media?parent=735"}],"wp:term":[{"taxonomy":"product_brand","embeddable":true,"href":"https:\/\/medv-design.org\/fr\/wp-json\/wp\/v2\/product_brand?post=735"},{"taxonomy":"product_cat","embeddable":true,"href":"https:\/\/medv-design.org\/fr\/wp-json\/wp\/v2\/product_cat?post=735"},{"taxonomy":"product_tag","embeddable":true,"href":"https:\/\/medv-design.org\/fr\/wp-json\/wp\/v2\/product_tag?post=735"}],"curies":[{"name":"wp","href":"https:\/\/api.w.org\/{rel}","templated":true}]}}