{"id":734,"date":"2025-12-08T20:00:55","date_gmt":"2025-12-08T20:00:55","guid":{"rendered":"https:\/\/medv-design.org\/product\/progold-wasbenzine\/"},"modified":"2026-02-07T15:45:21","modified_gmt":"2026-02-07T15:45:21","slug":"progold-wasbenzine","status":"publish","type":"product","link":"https:\/\/medv-design.org\/fr\/produit\/progold-wasbenzine\/","title":{"rendered":"Progold benz\u00e8ne"},"content":{"rendered":"<p><strong><span style=\"font-size: 20px;\">Description<br \/><\/span><\/strong><\/p>\n<p>Diluant pour peintures synth\u00e9tiques. D\u00e9graissant pour m\u00e9taux, d\u00e9tachant pour textiles.     <\/p>\n<ul>\n<li>Dilution de peintures synth\u00e9tiques<\/li>\n<li>nettoyage et d\u00e9graissage<\/li>\n<\/ul>\n<p><strong><span style=\"font-size: 20px;\"><\/span><\/strong><\/p>","protected":false},"excerpt":{"rendered":"<p>Description : Diluant pour peintures synth\u00e9tiques. D\u00e9graissant pour m\u00e9tal, enl\u00e8ve les taches dans les textiles. Dilution des peintures synth\u00e9tiques et des d\u00e9graisseurs<\/p>","protected":false},"featured_media":1003,"comment_status":"open","ping_status":"closed","template":"","meta":[],"product_brand":[88],"product_cat":[100,19],"product_tag":[],"class_list":{"0":"post-734","1":"product","2":"type-product","3":"status-publish","4":"has-post-thumbnail","6":"product_brand-progold","7":"product_cat-schildersbenodigdheden-reiniging-en-verdunning","8":"product_cat-schildersbenodigdheden","9":"pa_inhoud-1l","10":"pa_inhoud-5l","11":"pa_merk-progold","12":"pa_upc-605","14":"first","15":"instock","16":"shipping-taxable","17":"purchasable","18":"product-type-variable"},"_links":{"self":[{"href":"https:\/\/medv-design.org\/fr\/wp-json\/wp\/v2\/product\/734","targetHints":{"allow":["GET"]}}],"collection":[{"href":"https:\/\/medv-design.org\/fr\/wp-json\/wp\/v2\/product"}],"about":[{"href":"https:\/\/medv-design.org\/fr\/wp-json\/wp\/v2\/types\/product"}],"replies":[{"embeddable":true,"href":"https:\/\/medv-design.org\/fr\/wp-json\/wp\/v2\/comments?post=734"}],"wp:featuredmedia":[{"embeddable":true,"href":"https:\/\/medv-design.org\/fr\/wp-json\/wp\/v2\/media\/1003"}],"wp:attachment":[{"href":"https:\/\/medv-design.org\/fr\/wp-json\/wp\/v2\/media?parent=734"}],"wp:term":[{"taxonomy":"product_brand","embeddable":true,"href":"https:\/\/medv-design.org\/fr\/wp-json\/wp\/v2\/product_brand?post=734"},{"taxonomy":"product_cat","embeddable":true,"href":"https:\/\/medv-design.org\/fr\/wp-json\/wp\/v2\/product_cat?post=734"},{"taxonomy":"product_tag","embeddable":true,"href":"https:\/\/medv-design.org\/fr\/wp-json\/wp\/v2\/product_tag?post=734"}],"curies":[{"name":"wp","href":"https:\/\/api.w.org\/{rel}","templated":true}]}}