{"id":732,"date":"2025-12-08T20:00:54","date_gmt":"2025-12-08T20:00:54","guid":{"rendered":"https:\/\/medv-design.org\/product\/progold-vuilniszakken-120-l-10st-rol\/"},"modified":"2026-02-07T15:45:26","modified_gmt":"2026-02-07T15:45:26","slug":"progold-vuilniszakken-120-l-10st-rol","status":"publish","type":"product","link":"https:\/\/medv-design.org\/fr\/produit\/progold-vuilniszakken-120-l-10st-rol\/","title":{"rendered":"Progold Sacs \u00e0 ordures 120 L 10pcs\/roll"},"content":{"rendered":"<h3>Principales caract\u00e9ristiques<\/h3>\n<ul>\n<li>Tr\u00e8s forte<\/li>\n<li>10 sur une lanc\u00e9e<\/li>\n<li>120 L<\/li>\n<li>Bleu<\/li>\n<\/ul>","protected":false},"excerpt":{"rendered":"<p>Caract\u00e9ristiques principales : Tr\u00e8s solide 10 pi\u00e8ces sur rouleau 120 L Bleu<\/p>","protected":false},"featured_media":926,"comment_status":"open","ping_status":"closed","template":"","meta":[],"product_brand":[88],"product_cat":[107,19],"product_tag":[],"class_list":{"0":"post-732","1":"product","2":"type-product","3":"status-publish","4":"has-post-thumbnail","6":"product_brand-progold","7":"product_cat-schildersbenodigdheden-overige-producten","8":"product_cat-schildersbenodigdheden","9":"pa_merk-progold","10":"pa_upc-629","12":"first","13":"instock","14":"shipping-taxable","15":"purchasable","16":"product-type-simple"},"_links":{"self":[{"href":"https:\/\/medv-design.org\/fr\/wp-json\/wp\/v2\/product\/732","targetHints":{"allow":["GET"]}}],"collection":[{"href":"https:\/\/medv-design.org\/fr\/wp-json\/wp\/v2\/product"}],"about":[{"href":"https:\/\/medv-design.org\/fr\/wp-json\/wp\/v2\/types\/product"}],"replies":[{"embeddable":true,"href":"https:\/\/medv-design.org\/fr\/wp-json\/wp\/v2\/comments?post=732"}],"wp:featuredmedia":[{"embeddable":true,"href":"https:\/\/medv-design.org\/fr\/wp-json\/wp\/v2\/media\/926"}],"wp:attachment":[{"href":"https:\/\/medv-design.org\/fr\/wp-json\/wp\/v2\/media?parent=732"}],"wp:term":[{"taxonomy":"product_brand","embeddable":true,"href":"https:\/\/medv-design.org\/fr\/wp-json\/wp\/v2\/product_brand?post=732"},{"taxonomy":"product_cat","embeddable":true,"href":"https:\/\/medv-design.org\/fr\/wp-json\/wp\/v2\/product_cat?post=732"},{"taxonomy":"product_tag","embeddable":true,"href":"https:\/\/medv-design.org\/fr\/wp-json\/wp\/v2\/product_tag?post=732"}],"curies":[{"name":"wp","href":"https:\/\/api.w.org\/{rel}","templated":true}]}}