{"id":731,"date":"2025-12-08T20:00:54","date_gmt":"2025-12-08T20:00:54","guid":{"rendered":"https:\/\/medv-design.org\/product\/progold-vliesbehanglijm-7-kg\/"},"modified":"2026-02-07T15:45:29","modified_gmt":"2026-02-07T15:45:29","slug":"progold-vliesbehanglijm-7-kg","status":"publish","type":"product","link":"https:\/\/medv-design.org\/fr\/produit\/progold-vliesbehanglijm-7-kg\/","title":{"rendered":"Progold Vliesbehanglijm 7 Kg"},"content":{"rendered":"<h3>Description<\/h3>\n<div>ProGold Fleece Wallpaper Adhesive est une colle pr\u00eate \u00e0 l'emploi qui est excellente pour coller les papiers peints non tiss\u00e9s (jusqu'\u00e0 200gr\/m\u00b2 maximum), les papiers peints non tiss\u00e9s color\u00e9s et les papiers peints normaux \u00e0 dos de papier. S'utilise sur des supports absorbants normaux tels que : le pl\u00e2tre, les d\u00e9riv\u00e9s du pl\u00e2tre, les plaques de pl\u00e2tre, les panneaux en fibre de bois s'ils sont trait\u00e9s avec un appr\u00eat. Applicable sur les murs et les plafonds.<\/div>","protected":false},"excerpt":{"rendered":"<p>Description La colle non tiss\u00e9e ProGold est un adh\u00e9sif pr\u00eat \u00e0 l\u2019emploi, excellent pour coller du papier peint non tiss\u00e9 (jusqu\u2019\u00e0 maximum 200 gr\/m\u00b2), du papier peint non tiss\u00e9 color\u00e9 et du papier peint classique avec un support en papier. Peut \u00eatre trait\u00e9 sur des substrats normalement absorbants tels que : pl\u00e2tre, d\u00e9riv\u00e9s de pl\u00e2tre, plaques de pl\u00e2tre, pl\u00e2tre, panneaux de fibres de bois si trait\u00e9 avec un appr\u00eat. Applicable aux murs et plafonds.<\/p>","protected":false},"featured_media":917,"comment_status":"open","ping_status":"closed","template":"","meta":[],"product_brand":[88],"product_cat":[105,112,109],"product_tag":[],"class_list":{"0":"post-731","1":"product","2":"type-product","3":"status-publish","4":"has-post-thumbnail","6":"product_brand-progold","7":"product_cat-schildersbenodigdheden-kitten-lijmen","8":"product_cat-schildersbenodigdheden-lijm","9":"product_cat-schildersbenodigdheden-vliesbehang-en-benodigdheden","10":"pa_binnen-buiten-binnen","11":"pa_inhoud-7-kg","12":"pa_merk-progold","13":"pa_overschilderbaar-ja","14":"pa_toepassing-lijmen-en-monteren","15":"pa_toepassing-lijmen-monteren","16":"pa_type-product-lijm","17":"pa_upc-638","19":"first","20":"instock","21":"shipping-taxable","22":"product-type-variable"},"_links":{"self":[{"href":"https:\/\/medv-design.org\/fr\/wp-json\/wp\/v2\/product\/731","targetHints":{"allow":["GET"]}}],"collection":[{"href":"https:\/\/medv-design.org\/fr\/wp-json\/wp\/v2\/product"}],"about":[{"href":"https:\/\/medv-design.org\/fr\/wp-json\/wp\/v2\/types\/product"}],"replies":[{"embeddable":true,"href":"https:\/\/medv-design.org\/fr\/wp-json\/wp\/v2\/comments?post=731"}],"wp:featuredmedia":[{"embeddable":true,"href":"https:\/\/medv-design.org\/fr\/wp-json\/wp\/v2\/media\/917"}],"wp:attachment":[{"href":"https:\/\/medv-design.org\/fr\/wp-json\/wp\/v2\/media?parent=731"}],"wp:term":[{"taxonomy":"product_brand","embeddable":true,"href":"https:\/\/medv-design.org\/fr\/wp-json\/wp\/v2\/product_brand?post=731"},{"taxonomy":"product_cat","embeddable":true,"href":"https:\/\/medv-design.org\/fr\/wp-json\/wp\/v2\/product_cat?post=731"},{"taxonomy":"product_tag","embeddable":true,"href":"https:\/\/medv-design.org\/fr\/wp-json\/wp\/v2\/product_tag?post=731"}],"curies":[{"name":"wp","href":"https:\/\/api.w.org\/{rel}","templated":true}]}}