{"id":730,"date":"2025-12-08T20:00:54","date_gmt":"2025-12-08T20:00:54","guid":{"rendered":"https:\/\/medv-design.org\/product\/progold-vliesbehang-25x1m\/"},"modified":"2026-02-07T15:45:31","modified_gmt":"2026-02-07T15:45:31","slug":"progold-vliesbehang-25x1m","status":"publish","type":"product","link":"https:\/\/medv-design.org\/fr\/produit\/progold-vliesbehang-25x1m\/","title":{"rendered":"Papier peint intiss\u00e9 Progold 25x1m"},"content":{"rendered":"<h3>Description<\/h3>\n<p>Le papier peint intiss\u00e9 plat ProGold est un rev\u00eatement mural destin\u00e9 \u00e0 la finition des murs et des plafonds. Le papier peint intiss\u00e9 plat ProGold peut \u00eatre peint avec une peinture \u00e0 base d'eau ou de solvant.<\/p>\n<h3>Principales caract\u00e9ristiques <\/h3>\n<ul>\n<li>Joints et fissures des ponts<\/li>\n<li>R\u00e9sistant aux chocs<\/li>\n<li>Facile \u00e0 appliquer<\/li>\n<li>Un traitement sans faille<\/li>\n<li>A l'\u00e9preuve du feu<\/li>\n<li>Disponible en 130 et 150 g<\/li>\n<\/ul>","protected":false},"excerpt":{"rendered":"<p>Description Le papier peint plat non tiss\u00e9 ProGold est un rev\u00eatement mural destin\u00e9 \u00e0 la finition des murs et des plafonds. Le papier peint plat non tiss\u00e9 ProGold peut \u00eatre recouvert d\u2019une peinture \u00e0 base d\u2019eau ou \u00e0 base de solvant. Caract\u00e9ristiques principales Assemblages et fissures R\u00e9sistants aux impacts Faciles \u00e0 appliquer Sans couture \u00e0 proc\u00e9der R\u00e9sistants au feu Disponibles en 130 et 150 g<\/p>","protected":false},"featured_media":841,"comment_status":"open","ping_status":"closed","template":"","meta":[],"product_brand":[88],"product_cat":[19,109],"product_tag":[],"class_list":{"0":"post-730","1":"product","2":"type-product","3":"status-publish","4":"has-post-thumbnail","6":"product_brand-progold","7":"product_cat-schildersbenodigdheden","8":"product_cat-schildersbenodigdheden-vliesbehang-en-benodigdheden","9":"pa_gr-m-130-gr","10":"pa_gr-m-150-gr","11":"pa_merk-progold","12":"pa_upc-633","14":"first","15":"instock","16":"shipping-taxable","17":"purchasable","18":"product-type-variable"},"_links":{"self":[{"href":"https:\/\/medv-design.org\/fr\/wp-json\/wp\/v2\/product\/730","targetHints":{"allow":["GET"]}}],"collection":[{"href":"https:\/\/medv-design.org\/fr\/wp-json\/wp\/v2\/product"}],"about":[{"href":"https:\/\/medv-design.org\/fr\/wp-json\/wp\/v2\/types\/product"}],"replies":[{"embeddable":true,"href":"https:\/\/medv-design.org\/fr\/wp-json\/wp\/v2\/comments?post=730"}],"wp:featuredmedia":[{"embeddable":true,"href":"https:\/\/medv-design.org\/fr\/wp-json\/wp\/v2\/media\/841"}],"wp:attachment":[{"href":"https:\/\/medv-design.org\/fr\/wp-json\/wp\/v2\/media?parent=730"}],"wp:term":[{"taxonomy":"product_brand","embeddable":true,"href":"https:\/\/medv-design.org\/fr\/wp-json\/wp\/v2\/product_brand?post=730"},{"taxonomy":"product_cat","embeddable":true,"href":"https:\/\/medv-design.org\/fr\/wp-json\/wp\/v2\/product_cat?post=730"},{"taxonomy":"product_tag","embeddable":true,"href":"https:\/\/medv-design.org\/fr\/wp-json\/wp\/v2\/product_tag?post=730"}],"curies":[{"name":"wp","href":"https:\/\/api.w.org\/{rel}","templated":true}]}}