{"id":729,"date":"2025-12-08T20:00:54","date_gmt":"2025-12-08T20:00:54","guid":{"rendered":"https:\/\/medv-design.org\/product\/progold-vlakstrijkmes-dubbel-blad\/"},"modified":"2026-02-07T15:45:34","modified_gmt":"2026-02-07T15:45:34","slug":"progold-vlakstrijkmes-dubbel-blad","status":"publish","type":"product","link":"https:\/\/medv-design.org\/fr\/produit\/progold-vlakstrijkmes-dubbel-blad\/","title":{"rendered":"Couteau \u00e0 fer plat ProGold double lame"},"content":{"rendered":"<h1><span style=\"font-size: 20px;\">Description<\/span><\/h1>\n<div>     Pour lisser les surfaces de la p\u00e2te.     <\/div>\n<div>\n<ul>\n<li>Fabriqu\u00e9 en acier \u00e0 bande \u00e0 ressort d\u2019\u00e9paisseur de 0,3 mm<\/li>\n<li>Acier inoxydable<\/li>\n<li>Poign\u00e9e en bois<\/li>\n<li>Tailles 15, 20 et 27 cm<\/li>\n<\/ul><\/div>","protected":false},"excerpt":{"rendered":"<p>Description Pour lisser les surfaces de mastic. Fabriqu\u00e9 en acier \u00e0 bande \u00e0 ressort de 0,3 mm d\u2019\u00e9paisseur Manchette en bois en acier inoxydable Tailles 15, 20 et 27 cm<\/p>","protected":false},"featured_media":849,"comment_status":"open","ping_status":"closed","template":"","meta":[],"product_brand":[88],"product_cat":[111,109],"product_tag":[],"class_list":{"0":"post-729","1":"product","2":"type-product","3":"status-publish","4":"has-post-thumbnail","6":"product_brand-progold","7":"product_cat-schildersbenodigdheden-plamuurmessen","8":"product_cat-schildersbenodigdheden-vliesbehang-en-benodigdheden","9":"pa_maat-15-cm","10":"pa_maat-20-cm","11":"pa_maat-27-cm","12":"pa_merk-progold","13":"pa_upc-592","15":"first","16":"instock","17":"shipping-taxable","18":"purchasable","19":"product-type-variable"},"_links":{"self":[{"href":"https:\/\/medv-design.org\/fr\/wp-json\/wp\/v2\/product\/729","targetHints":{"allow":["GET"]}}],"collection":[{"href":"https:\/\/medv-design.org\/fr\/wp-json\/wp\/v2\/product"}],"about":[{"href":"https:\/\/medv-design.org\/fr\/wp-json\/wp\/v2\/types\/product"}],"replies":[{"embeddable":true,"href":"https:\/\/medv-design.org\/fr\/wp-json\/wp\/v2\/comments?post=729"}],"wp:featuredmedia":[{"embeddable":true,"href":"https:\/\/medv-design.org\/fr\/wp-json\/wp\/v2\/media\/849"}],"wp:attachment":[{"href":"https:\/\/medv-design.org\/fr\/wp-json\/wp\/v2\/media?parent=729"}],"wp:term":[{"taxonomy":"product_brand","embeddable":true,"href":"https:\/\/medv-design.org\/fr\/wp-json\/wp\/v2\/product_brand?post=729"},{"taxonomy":"product_cat","embeddable":true,"href":"https:\/\/medv-design.org\/fr\/wp-json\/wp\/v2\/product_cat?post=729"},{"taxonomy":"product_tag","embeddable":true,"href":"https:\/\/medv-design.org\/fr\/wp-json\/wp\/v2\/product_tag?post=729"}],"curies":[{"name":"wp","href":"https:\/\/api.w.org\/{rel}","templated":true}]}}