{"id":728,"date":"2025-12-08T20:00:54","date_gmt":"2025-12-08T20:00:54","guid":{"rendered":"https:\/\/medv-design.org\/product\/progold-verfverdunner-aromaatvrij\/"},"modified":"2026-02-07T15:45:37","modified_gmt":"2026-02-07T15:45:37","slug":"progold-verfverdunner-aromaatvrij","status":"publish","type":"product","link":"https:\/\/medv-design.org\/fr\/produit\/progold-verfverdunner-aromaatvrij\/","title":{"rendered":"Diluant \u00e0 peinture ProGold sans aromate"},"content":{"rendered":"<h1><span style=\"font-size: 20px;\">Description<\/span><\/h1>\n<div>     Diluant \u00e0 peinture sans parfum pour les laques synth\u00e9tiques et les peintures \u00e0 l\u2019huile.     <\/div>\n<div>\n<ul>\n<li>Diluant des peintures synth\u00e9tiques et des peintures \u00e0 l\u2019huile<\/li>\n<li>Agent d\u00e9graissant pour les m\u00e9taux<\/li>\n<li>Nettoyant pour pinceaux<\/li>\n<\/ul><\/div>","protected":false},"excerpt":{"rendered":"<p>Description : Diluant \u00e0 peinture sans parfum pour les laques synth\u00e9tiques et les peintures \u00e0 l\u2019huile. Dilution des peintures synth\u00e9tiques et des d\u00e9graissants \u00e0 l\u2019huile pour nettoyants \u00e0 pinceaux m\u00e9talliques<\/p>","protected":false},"featured_media":970,"comment_status":"open","ping_status":"closed","template":"","meta":[],"product_brand":[88],"product_cat":[100,19],"product_tag":[],"class_list":{"0":"post-728","1":"product","2":"type-product","3":"status-publish","4":"has-post-thumbnail","6":"product_brand-progold","7":"product_cat-schildersbenodigdheden-reiniging-en-verdunning","8":"product_cat-schildersbenodigdheden","9":"pa_inhoud-1l","10":"pa_inhoud-5l","11":"pa_merk-progold","12":"pa_upc-592","14":"first","15":"instock","16":"shipping-taxable","17":"purchasable","18":"product-type-variable"},"_links":{"self":[{"href":"https:\/\/medv-design.org\/fr\/wp-json\/wp\/v2\/product\/728","targetHints":{"allow":["GET"]}}],"collection":[{"href":"https:\/\/medv-design.org\/fr\/wp-json\/wp\/v2\/product"}],"about":[{"href":"https:\/\/medv-design.org\/fr\/wp-json\/wp\/v2\/types\/product"}],"replies":[{"embeddable":true,"href":"https:\/\/medv-design.org\/fr\/wp-json\/wp\/v2\/comments?post=728"}],"wp:featuredmedia":[{"embeddable":true,"href":"https:\/\/medv-design.org\/fr\/wp-json\/wp\/v2\/media\/970"}],"wp:attachment":[{"href":"https:\/\/medv-design.org\/fr\/wp-json\/wp\/v2\/media?parent=728"}],"wp:term":[{"taxonomy":"product_brand","embeddable":true,"href":"https:\/\/medv-design.org\/fr\/wp-json\/wp\/v2\/product_brand?post=728"},{"taxonomy":"product_cat","embeddable":true,"href":"https:\/\/medv-design.org\/fr\/wp-json\/wp\/v2\/product_cat?post=728"},{"taxonomy":"product_tag","embeddable":true,"href":"https:\/\/medv-design.org\/fr\/wp-json\/wp\/v2\/product_tag?post=728"}],"curies":[{"name":"wp","href":"https:\/\/api.w.org\/{rel}","templated":true}]}}