{"id":724,"date":"2025-12-08T20:00:53","date_gmt":"2025-12-08T20:00:53","guid":{"rendered":"https:\/\/medv-design.org\/product\/progold-verfrol-vilt\/"},"modified":"2026-02-07T15:45:49","modified_gmt":"2026-02-07T15:45:49","slug":"progold-verfrol-vilt","status":"publish","type":"product","link":"https:\/\/medv-design.org\/fr\/produit\/progold-verfrol-vilt\/","title":{"rendered":"Feutre pour rouleau de peinture Progold"},"content":{"rendered":"<h3>Description<\/h3>\n<p>Ce rouleau de peinture a \u00e9t\u00e9 con\u00e7u pour traiter les syst\u00e8mes de peinture \u00e0 base d'eau et de solvants. Comme la couche est cisaill\u00e9e tr\u00e8s court, la fibre reste bien droite et les peluches sont pratiquement \u00e9limin\u00e9es.<\/p>\n<h3>Principales caract\u00e9ristiques<\/h3>\n<ul>\n<li>Excellente capacit\u00e9 d'absorption et de d\u00e9collement de la peinture<\/li>\n<li>Sans peluche<\/li>\n<li>Pour une finition super lisse sur les surfaces lisses<\/li>\n<li>Pour une application et une distribution optimales sur les surfaces lisses<\/li>\n<li>Convient parfaitement \u00e0 l'application d'une couche de fond et d'une couche de finition<\/li>\n<li>Pour les peintures \u00e0 base d'eau et de solvants<\/li>\n<\/ul>","protected":false},"excerpt":{"rendered":"<p>Omschrijving Deze verfrol is ontwikkeld voor het verwerken van zowel watergedragen- als oplosmiddelhoudende laksystemen. Doordat de vacht zeer kort geschoren is, blijft de vezel mooi recht overeind staan en is pluizen nagenoeg uitgesloten. Voornaamste kenmerken Uitstekend verfopname- en verfafgiftevermogen Pluisvrij Voor een super strakke afwerking op gladde ondergronden Voor het optimaal aanbrengen en verdelen op [&hellip;]<\/p>\n","protected":false},"featured_media":846,"comment_status":"open","ping_status":"closed","template":"","meta":[],"product_brand":[88],"product_cat":[19,97],"product_tag":[],"class_list":{"0":"post-724","1":"product","2":"type-product","3":"status-publish","4":"has-post-thumbnail","6":"product_brand-progold","7":"product_cat-schildersbenodigdheden","8":"product_cat-schildersbenodigdheden-verfrollen-en-beugels","9":"pa_basis-water-en-solventbasis","10":"pa_breedte-10-cm","11":"pa_breedte-10-cm-dubbeldik","12":"pa_breedte-15-cm","13":"pa_breedte-15-cm-dubbeldik-2","14":"pa_breedte-18-cm","15":"pa_breedte-5cm","16":"pa_merk-progold","17":"pa_ondergrond-glad","18":"pa_type-roller-lakroller","19":"pa_upc-624","20":"pa_vachtlengte-5mm","21":"pa_vachtsoort-vilt","23":"first","24":"instock","25":"shipping-taxable","26":"purchasable","27":"product-type-variable"},"_links":{"self":[{"href":"https:\/\/medv-design.org\/fr\/wp-json\/wp\/v2\/product\/724","targetHints":{"allow":["GET"]}}],"collection":[{"href":"https:\/\/medv-design.org\/fr\/wp-json\/wp\/v2\/product"}],"about":[{"href":"https:\/\/medv-design.org\/fr\/wp-json\/wp\/v2\/types\/product"}],"replies":[{"embeddable":true,"href":"https:\/\/medv-design.org\/fr\/wp-json\/wp\/v2\/comments?post=724"}],"wp:featuredmedia":[{"embeddable":true,"href":"https:\/\/medv-design.org\/fr\/wp-json\/wp\/v2\/media\/846"}],"wp:attachment":[{"href":"https:\/\/medv-design.org\/fr\/wp-json\/wp\/v2\/media?parent=724"}],"wp:term":[{"taxonomy":"product_brand","embeddable":true,"href":"https:\/\/medv-design.org\/fr\/wp-json\/wp\/v2\/product_brand?post=724"},{"taxonomy":"product_cat","embeddable":true,"href":"https:\/\/medv-design.org\/fr\/wp-json\/wp\/v2\/product_cat?post=724"},{"taxonomy":"product_tag","embeddable":true,"href":"https:\/\/medv-design.org\/fr\/wp-json\/wp\/v2\/product_tag?post=724"}],"curies":[{"name":"wp","href":"https:\/\/api.w.org\/{rel}","templated":true}]}}