{"id":723,"date":"2025-12-08T20:00:53","date_gmt":"2025-12-08T20:00:53","guid":{"rendered":"https:\/\/medv-design.org\/product\/progold-verfrol-velvet\/"},"modified":"2026-02-07T15:45:52","modified_gmt":"2026-02-07T15:45:52","slug":"progold-verfrol-velvet","status":"publish","type":"product","link":"https:\/\/medv-design.org\/fr\/produit\/progold-verfrol-velvet\/","title":{"rendered":"Rouleau de peinture Progold Velvet"},"content":{"rendered":"<h3>Description<\/h3>\n<p>Rouleau de peinture en mousse de polyester r\u00e9ticul\u00e9e avec des fibres de tri-fr\u00e9nylon. Convient aux peintures \u00e0 base d'eau.<\/p>\n<h3>Principales caract\u00e9ristiques<\/h3>\n<ul>\n<li>Mousse de polyester r\u00e9ticul\u00e9e<\/li>\n<li>Avec des fibres en tri-frenylon<\/li>\n<li>Pour les peintures \u00e0 base d'eau<\/li>\n<\/ul>","protected":false},"excerpt":{"rendered":"<p>Description : Rouleau \u00e0 peinture en mousse de polyester recycl\u00e9e avec des fibres de nylon trifibre. Adapt\u00e9 aux peintures \u00e0 base d\u2019eau. Caract\u00e9ristiques principales : mousse polyester raffin\u00e9e avec fibres de nylon tri-fibres pour peintures \u00e0 base d\u2019eau<\/p>","protected":false},"featured_media":1017,"comment_status":"open","ping_status":"closed","template":"","meta":[],"product_brand":[88],"product_cat":[19,97],"product_tag":[],"class_list":{"0":"post-723","1":"product","2":"type-product","3":"status-publish","4":"has-post-thumbnail","6":"product_brand-progold","7":"product_cat-schildersbenodigdheden","8":"product_cat-schildersbenodigdheden-verfrollen-en-beugels","9":"pa_basis-waterbasis","10":"pa_breedte-10-cm-beugel-afgerond-2","11":"pa_breedte-10-dubbel-afgerond","12":"pa_breedte-5-cm-beugel-recht","13":"pa_merk-progold","14":"pa_ondergrond-glad","15":"pa_type-roller-lakroller","16":"pa_vachtsoort-schuim-nylonvezels","18":"first","19":"instock","20":"shipping-taxable","21":"purchasable","22":"product-type-variable"},"_links":{"self":[{"href":"https:\/\/medv-design.org\/fr\/wp-json\/wp\/v2\/product\/723","targetHints":{"allow":["GET"]}}],"collection":[{"href":"https:\/\/medv-design.org\/fr\/wp-json\/wp\/v2\/product"}],"about":[{"href":"https:\/\/medv-design.org\/fr\/wp-json\/wp\/v2\/types\/product"}],"replies":[{"embeddable":true,"href":"https:\/\/medv-design.org\/fr\/wp-json\/wp\/v2\/comments?post=723"}],"wp:featuredmedia":[{"embeddable":true,"href":"https:\/\/medv-design.org\/fr\/wp-json\/wp\/v2\/media\/1017"}],"wp:attachment":[{"href":"https:\/\/medv-design.org\/fr\/wp-json\/wp\/v2\/media?parent=723"}],"wp:term":[{"taxonomy":"product_brand","embeddable":true,"href":"https:\/\/medv-design.org\/fr\/wp-json\/wp\/v2\/product_brand?post=723"},{"taxonomy":"product_cat","embeddable":true,"href":"https:\/\/medv-design.org\/fr\/wp-json\/wp\/v2\/product_cat?post=723"},{"taxonomy":"product_tag","embeddable":true,"href":"https:\/\/medv-design.org\/fr\/wp-json\/wp\/v2\/product_tag?post=723"}],"curies":[{"name":"wp","href":"https:\/\/api.w.org\/{rel}","templated":true}]}}