{"id":722,"date":"2025-12-08T20:00:53","date_gmt":"2025-12-08T20:00:53","guid":{"rendered":"https:\/\/medv-design.org\/product\/progold-verfrol-velours\/"},"modified":"2026-02-07T15:45:55","modified_gmt":"2026-02-07T15:45:55","slug":"progold-verfrol-velours","status":"publish","type":"product","link":"https:\/\/medv-design.org\/fr\/produit\/progold-verfrol-velours\/","title":{"rendered":"Rouleau de peinture Progold Velours"},"content":{"rendered":"<h3>Description<\/h3>\n<p>Rouleau de peinture en imitation mohair, particuli\u00e8rement adapt\u00e9 au traitement des vernis appliqu\u00e9s en fines couches.<\/p>\n<h3>Principales caract\u00e9ristiques<\/h3>\n<ul>\n<li>Imitation mohair<\/li>\n<li>Sp\u00e9cialement pour le traitement des vernis appliqu\u00e9s en couches minces<\/li>\n<li>Finition lisse et non pelucheuse<\/li>\n<li>Taille 10 cm et 18 cm<\/li>\n<\/ul>","protected":false},"excerpt":{"rendered":"<p>Description : Rouleau \u00e0 peinture en imitation de mohair, particuli\u00e8rement adapt\u00e9 pour le traitement des vernis pos\u00e9s en couches fines. Caract\u00e9ristiques principales : Imitation de mohair, surtout pour le traitement des vernis pos\u00e9s en couches fines, finition lisse et sans peluches, taille 10 cm et 18 cm<\/p>","protected":false},"featured_media":859,"comment_status":"open","ping_status":"closed","template":"","meta":[],"product_brand":[88],"product_cat":[19,97],"product_tag":[],"class_list":{"0":"post-722","1":"product","2":"type-product","3":"status-publish","4":"has-post-thumbnail","6":"product_brand-progold","7":"product_cat-schildersbenodigdheden","8":"product_cat-schildersbenodigdheden-verfrollen-en-beugels","9":"pa_basis-water-en-solventbasis","10":"pa_breedte-10-cm","11":"pa_breedte-18-cm","12":"pa_merk-progold","13":"pa_ondergrond-glad","14":"pa_type-roller-lakroller","15":"pa_upc-615","16":"pa_vachtlengte-5mm","17":"pa_vachtsoort-velours-mohair","19":"first","20":"instock","21":"shipping-taxable","22":"purchasable","23":"product-type-variable"},"_links":{"self":[{"href":"https:\/\/medv-design.org\/fr\/wp-json\/wp\/v2\/product\/722","targetHints":{"allow":["GET"]}}],"collection":[{"href":"https:\/\/medv-design.org\/fr\/wp-json\/wp\/v2\/product"}],"about":[{"href":"https:\/\/medv-design.org\/fr\/wp-json\/wp\/v2\/types\/product"}],"replies":[{"embeddable":true,"href":"https:\/\/medv-design.org\/fr\/wp-json\/wp\/v2\/comments?post=722"}],"wp:featuredmedia":[{"embeddable":true,"href":"https:\/\/medv-design.org\/fr\/wp-json\/wp\/v2\/media\/859"}],"wp:attachment":[{"href":"https:\/\/medv-design.org\/fr\/wp-json\/wp\/v2\/media?parent=722"}],"wp:term":[{"taxonomy":"product_brand","embeddable":true,"href":"https:\/\/medv-design.org\/fr\/wp-json\/wp\/v2\/product_brand?post=722"},{"taxonomy":"product_cat","embeddable":true,"href":"https:\/\/medv-design.org\/fr\/wp-json\/wp\/v2\/product_cat?post=722"},{"taxonomy":"product_tag","embeddable":true,"href":"https:\/\/medv-design.org\/fr\/wp-json\/wp\/v2\/product_tag?post=722"}],"curies":[{"name":"wp","href":"https:\/\/api.w.org\/{rel}","templated":true}]}}