{"id":721,"date":"2025-12-08T20:00:53","date_gmt":"2025-12-08T20:00:53","guid":{"rendered":"https:\/\/medv-design.org\/product\/progold-verfrol-ultra-finish\/"},"modified":"2026-02-07T15:45:58","modified_gmt":"2026-02-07T15:45:58","slug":"progold-verfrol-ultra-finish","status":"publish","type":"product","link":"https:\/\/medv-design.org\/fr\/produit\/progold-verfrol-ultra-finish\/","title":{"rendered":"Rouleau de peinture Progold Ultra Finish"},"content":{"rendered":"<h3>Description<\/h3>\n<p>Rouleau de peinture en fil de nylon dens\u00e9ment tiss\u00e9, adapt\u00e9 \u00e0 l'application de rev\u00eatements de sol et de peintures murales au rouleau sur des surfaces lisses.<\/p>\n<h3>Principales caract\u00e9ristiques<\/h3>\n<ul>\n<li>Fil de nylon dens\u00e9ment tiss\u00e9.<\/li>\n<li>\u00c9paisseur de la couche : 13 mm.<\/li>\n<li>Exceptionnellement solide et non pelucheux.<\/li>\n<li>Pour les rev\u00eatements de sol et les peintures murales \u00e0 appliquer au rouleau sur des supports lisses<\/li>\n<\/ul>","protected":false},"excerpt":{"rendered":"<p>Description Rouleau de teinture fabriqu\u00e9 en fil de nylon dens\u00e9ment tiss\u00e9, adapt\u00e9 au traitement de rev\u00eatements de sol mobiles et de peintures murales sur des surfaces lisses. Caract\u00e9ristiques principales : Fil de nylon densement tiss\u00e9. \u00c9paisseur du pelage : 13 mm. Extraordinairement solide et sans peluches. Pour les rev\u00eatements de sol mobiles et les peintures murales sur des substrats lisses<\/p>","protected":false},"featured_media":1032,"comment_status":"open","ping_status":"closed","template":"","meta":[],"product_brand":[88],"product_cat":[19,97],"product_tag":[],"class_list":{"0":"post-721","1":"product","2":"type-product","3":"status-publish","4":"has-post-thumbnail","6":"product_brand-progold","7":"product_cat-schildersbenodigdheden","8":"product_cat-schildersbenodigdheden-verfrollen-en-beugels","9":"pa_basis-waterbasis","10":"pa_breedte-10-cm-13-mm-2","11":"pa_breedte-18-cm-13-mm-2","12":"pa_breedte-25-cm-13-mm-2","13":"pa_merk-progold","14":"pa_ondergrond-glad","15":"pa_type-roller-vloerroller","16":"pa_vachtlengte-13-mm","17":"pa_vachtsoort-nylon","19":"first","20":"instock","21":"shipping-taxable","22":"purchasable","23":"product-type-variable"},"_links":{"self":[{"href":"https:\/\/medv-design.org\/fr\/wp-json\/wp\/v2\/product\/721","targetHints":{"allow":["GET"]}}],"collection":[{"href":"https:\/\/medv-design.org\/fr\/wp-json\/wp\/v2\/product"}],"about":[{"href":"https:\/\/medv-design.org\/fr\/wp-json\/wp\/v2\/types\/product"}],"replies":[{"embeddable":true,"href":"https:\/\/medv-design.org\/fr\/wp-json\/wp\/v2\/comments?post=721"}],"wp:featuredmedia":[{"embeddable":true,"href":"https:\/\/medv-design.org\/fr\/wp-json\/wp\/v2\/media\/1032"}],"wp:attachment":[{"href":"https:\/\/medv-design.org\/fr\/wp-json\/wp\/v2\/media?parent=721"}],"wp:term":[{"taxonomy":"product_brand","embeddable":true,"href":"https:\/\/medv-design.org\/fr\/wp-json\/wp\/v2\/product_brand?post=721"},{"taxonomy":"product_cat","embeddable":true,"href":"https:\/\/medv-design.org\/fr\/wp-json\/wp\/v2\/product_cat?post=721"},{"taxonomy":"product_tag","embeddable":true,"href":"https:\/\/medv-design.org\/fr\/wp-json\/wp\/v2\/product_tag?post=721"}],"curies":[{"name":"wp","href":"https:\/\/api.w.org\/{rel}","templated":true}]}}