{"id":720,"date":"2025-12-08T20:00:53","date_gmt":"2025-12-08T20:00:53","guid":{"rendered":"https:\/\/medv-design.org\/product\/progold-verfrol-tex\/"},"modified":"2026-02-07T15:46:01","modified_gmt":"2026-02-07T15:46:01","slug":"progold-verfrol-tex","status":"publish","type":"product","link":"https:\/\/medv-design.org\/fr\/produit\/progold-verfrol-tex\/","title":{"rendered":"Rouleau de peinture Progold Tex"},"content":{"rendered":"<p><span style=\"font-size: 18px;\"><strong><span style=\"font-size: 20px;\">Description<\/span><\/strong><\/span><\/p>\n<p>Rouleau de peinture murale en polyester tiss\u00e9, convenant \u00e0 toutes les peintures murales sur des surfaces lisses.     <\/p>\n<ul>\n<li>Rouleau de peinture murale<\/li>\n<li>Polaire en polyester tiss\u00e9<\/li>\n<li>Grande capacit\u00e9 d'absorption et d'\u00e9limination de la peinture<\/li>\n<li>Pour toutes les peintures murales sur supports lisses<\/li>\n<li>Taille 10 cm et 18 cm<\/li>\n<\/ul>","protected":false},"excerpt":{"rendered":"<p>Description Rouleau pour peinture murale en polaire polyester tiss\u00e9e, adapt\u00e9 \u00e0 toutes les peintures murales sur surfaces lisses. Rouleau pour peinture murale Polaire polyester tiss\u00e9 Grande capacit\u00e9 d\u2019absorption et de d\u00e9foulement de peinture Pour toutes les peintures murales sur surfaces lisses Dimensions 10 cm et 18 cm<\/p>","protected":false},"featured_media":879,"comment_status":"open","ping_status":"closed","template":"","meta":[],"product_brand":[88],"product_cat":[19,97],"product_tag":[],"class_list":{"0":"post-720","1":"product","2":"type-product","3":"status-publish","4":"has-post-thumbnail","6":"product_brand-progold","7":"product_cat-schildersbenodigdheden","8":"product_cat-schildersbenodigdheden-verfrollen-en-beugels","9":"pa_basis-waterbasis","10":"pa_breedte-10-cm","11":"pa_breedte-18-cm","12":"pa_merk-progold","13":"pa_ondergrond-glad","14":"pa_type-roller-muurverfroller","15":"pa_vachtlengte-10mm","16":"pa_vachtsoort-polyester","18":"first","19":"instock","20":"shipping-taxable","21":"purchasable","22":"product-type-variable"},"_links":{"self":[{"href":"https:\/\/medv-design.org\/fr\/wp-json\/wp\/v2\/product\/720","targetHints":{"allow":["GET"]}}],"collection":[{"href":"https:\/\/medv-design.org\/fr\/wp-json\/wp\/v2\/product"}],"about":[{"href":"https:\/\/medv-design.org\/fr\/wp-json\/wp\/v2\/types\/product"}],"replies":[{"embeddable":true,"href":"https:\/\/medv-design.org\/fr\/wp-json\/wp\/v2\/comments?post=720"}],"wp:featuredmedia":[{"embeddable":true,"href":"https:\/\/medv-design.org\/fr\/wp-json\/wp\/v2\/media\/879"}],"wp:attachment":[{"href":"https:\/\/medv-design.org\/fr\/wp-json\/wp\/v2\/media?parent=720"}],"wp:term":[{"taxonomy":"product_brand","embeddable":true,"href":"https:\/\/medv-design.org\/fr\/wp-json\/wp\/v2\/product_brand?post=720"},{"taxonomy":"product_cat","embeddable":true,"href":"https:\/\/medv-design.org\/fr\/wp-json\/wp\/v2\/product_cat?post=720"},{"taxonomy":"product_tag","embeddable":true,"href":"https:\/\/medv-design.org\/fr\/wp-json\/wp\/v2\/product_tag?post=720"}],"curies":[{"name":"wp","href":"https:\/\/api.w.org\/{rel}","templated":true}]}}