{"id":719,"date":"2025-12-08T20:00:52","date_gmt":"2025-12-08T20:00:52","guid":{"rendered":"https:\/\/medv-design.org\/product\/progold-verfrol-structuur\/"},"modified":"2026-02-07T15:46:04","modified_gmt":"2026-02-07T15:46:04","slug":"progold-verfrol-structuur","status":"publish","type":"product","link":"https:\/\/medv-design.org\/fr\/produit\/progold-verfrol-structuur\/","title":{"rendered":"Structure de rouleau \u00e0 peinture ProGold"},"content":{"rendered":"<h1><span style=\"font-size: 20px;\">Description<\/span><\/h1>\n<p>     Rouleau \u00e0 peinture murale en mousse polyester \u00e0 cellules ouvertes, adapt\u00e9 pour appliquer des effets ou des reliefs avec du quartz et des peintures textur\u00e9es.<\/p>\n<ul>\n<li>Rouleau de peinture murale<\/li>\n<li>Mousse polyester \u00e0 cellules ouvertes<\/li>\n<li>Pour appliquer des effets ou un soulagement<\/li>\n<li>Taille 10 cm et 18 cm<\/li>\n<\/ul>","protected":false},"excerpt":{"rendered":"<p>Description Rouleau de peinture murale en mousse polyester \u00e0 cellules ouvertes, adapt\u00e9 pour appliquer des effets ou des reliefs avec du quartz et des peintures textur\u00e9es. Rouleau de peinture murale Mousse polyester \u00e0 cellules ouvertes Pour appliquer des effets ou des reliefs Dimensions 10 cm et 18 cm<\/p>","protected":false},"featured_media":1005,"comment_status":"open","ping_status":"closed","template":"","meta":[],"product_brand":[88],"product_cat":[19,97],"product_tag":[],"class_list":{"0":"post-719","1":"product","2":"type-product","3":"status-publish","4":"has-post-thumbnail","6":"product_brand-progold","7":"product_cat-schildersbenodigdheden","8":"product_cat-schildersbenodigdheden-verfrollen-en-beugels","9":"pa_basis-waterbasis","10":"pa_breedte-10-cm","11":"pa_breedte-18-cm","12":"pa_merk-progold","13":"pa_ondergrond-glad","14":"pa_type-roller-structuurroller","15":"pa_upc-592","16":"pa_vachtsoort-schuim-foam","18":"first","19":"instock","20":"shipping-taxable","21":"purchasable","22":"product-type-variable"},"_links":{"self":[{"href":"https:\/\/medv-design.org\/fr\/wp-json\/wp\/v2\/product\/719","targetHints":{"allow":["GET"]}}],"collection":[{"href":"https:\/\/medv-design.org\/fr\/wp-json\/wp\/v2\/product"}],"about":[{"href":"https:\/\/medv-design.org\/fr\/wp-json\/wp\/v2\/types\/product"}],"replies":[{"embeddable":true,"href":"https:\/\/medv-design.org\/fr\/wp-json\/wp\/v2\/comments?post=719"}],"wp:featuredmedia":[{"embeddable":true,"href":"https:\/\/medv-design.org\/fr\/wp-json\/wp\/v2\/media\/1005"}],"wp:attachment":[{"href":"https:\/\/medv-design.org\/fr\/wp-json\/wp\/v2\/media?parent=719"}],"wp:term":[{"taxonomy":"product_brand","embeddable":true,"href":"https:\/\/medv-design.org\/fr\/wp-json\/wp\/v2\/product_brand?post=719"},{"taxonomy":"product_cat","embeddable":true,"href":"https:\/\/medv-design.org\/fr\/wp-json\/wp\/v2\/product_cat?post=719"},{"taxonomy":"product_tag","embeddable":true,"href":"https:\/\/medv-design.org\/fr\/wp-json\/wp\/v2\/product_tag?post=719"}],"curies":[{"name":"wp","href":"https:\/\/api.w.org\/{rel}","templated":true}]}}