{"id":718,"date":"2025-12-08T20:00:51","date_gmt":"2025-12-08T20:00:51","guid":{"rendered":"https:\/\/medv-design.org\/product\/progold-verfrol-performa\/"},"modified":"2026-02-07T15:46:07","modified_gmt":"2026-02-07T15:46:07","slug":"progold-verfrol-performa","status":"publish","type":"product","link":"https:\/\/medv-design.org\/fr\/produit\/progold-verfrol-performa\/","title":{"rendered":"Rouleau de peinture Progold Performa"},"content":{"rendered":"<h3>Description<\/h3>\n<p>Rouleau de peinture pour une tr\u00e8s bonne finition. Fabriqu\u00e9 en 100% polyester<\/p>\n<h3>Principales caract\u00e9ristiques<\/h3>\n<ul>\n<li>Manteau en polyester<\/li>\n<li>Convient \u00e0 toutes les peintures pour murs et plafonds<\/li>\n<li>Tr\u00e8s bonne finition<\/li>\n<li>Un vieillissement tr\u00e8s agr\u00e9able<\/li>\n<li>Capacit\u00e9 \u00e9lev\u00e9e d\u2019absorption et de d\u00e9lib\u00e9ration de peinture<\/li>\n<li>Laver avant utilisation<\/li>\n<\/ul>","protected":false},"excerpt":{"rendered":"<p>Description : Rouleau \u00e0 peinture pour un tr\u00e8s bon niveau de finition. Fabriqu\u00e9 \u00e0 100 % polyester Caract\u00e9ristiques principales Polaire Adapt\u00e9 \u00e0 toutes les peintures murales et de plafond Tr\u00e8s bon degr\u00e9 de finition Tr\u00e8s agr\u00e9able intembissement Excellente absorption et capacit\u00e9 de d\u00e9l\u00e2chement Premier lavage avant utilisation<\/p>","protected":false},"featured_media":909,"comment_status":"open","ping_status":"closed","template":"","meta":[],"product_brand":[88],"product_cat":[19,97],"product_tag":[],"class_list":{"0":"post-718","1":"product","2":"type-product","3":"status-publish","4":"has-post-thumbnail","6":"product_brand-progold","7":"product_cat-schildersbenodigdheden","8":"product_cat-schildersbenodigdheden-verfrollen-en-beugels","9":"pa_basis-waterbasis","10":"pa_breedte-18-cm","11":"pa_breedte-25-cm","12":"pa_merk-progold","13":"pa_ondergrond-licht-gestructureerd","14":"pa_type-roller-muurverfroller","15":"pa_upc-640","16":"pa_vachtlengte-9mm","17":"pa_vachtsoort-polyester","19":"first","20":"instock","21":"shipping-taxable","22":"purchasable","23":"product-type-variable"},"_links":{"self":[{"href":"https:\/\/medv-design.org\/fr\/wp-json\/wp\/v2\/product\/718","targetHints":{"allow":["GET"]}}],"collection":[{"href":"https:\/\/medv-design.org\/fr\/wp-json\/wp\/v2\/product"}],"about":[{"href":"https:\/\/medv-design.org\/fr\/wp-json\/wp\/v2\/types\/product"}],"replies":[{"embeddable":true,"href":"https:\/\/medv-design.org\/fr\/wp-json\/wp\/v2\/comments?post=718"}],"wp:featuredmedia":[{"embeddable":true,"href":"https:\/\/medv-design.org\/fr\/wp-json\/wp\/v2\/media\/909"}],"wp:attachment":[{"href":"https:\/\/medv-design.org\/fr\/wp-json\/wp\/v2\/media?parent=718"}],"wp:term":[{"taxonomy":"product_brand","embeddable":true,"href":"https:\/\/medv-design.org\/fr\/wp-json\/wp\/v2\/product_brand?post=718"},{"taxonomy":"product_cat","embeddable":true,"href":"https:\/\/medv-design.org\/fr\/wp-json\/wp\/v2\/product_cat?post=718"},{"taxonomy":"product_tag","embeddable":true,"href":"https:\/\/medv-design.org\/fr\/wp-json\/wp\/v2\/product_tag?post=718"}],"curies":[{"name":"wp","href":"https:\/\/api.w.org\/{rel}","templated":true}]}}