{"id":716,"date":"2025-12-08T20:00:50","date_gmt":"2025-12-08T20:00:50","guid":{"rendered":"https:\/\/medv-design.org\/product\/progold-verfrol-microfibre\/"},"modified":"2026-02-07T15:46:13","modified_gmt":"2026-02-07T15:46:13","slug":"progold-verfrol-microfibre","status":"publish","type":"product","link":"https:\/\/medv-design.org\/fr\/produit\/progold-verfrol-microfibre\/","title":{"rendered":"Rouleau de peinture Progold Microfibre"},"content":{"rendered":"<h3>Description<\/h3>\n<p>Rouleau de peinture en microfibres, adapt\u00e9 \u00e0 tous les appr\u00eats liquides de faible \u00e9paisseur.<\/p>\n<h3>Principales caract\u00e9ristiques<\/h3>\n<ul>\n<li>Microfibres.<\/li>\n<li>Absorbe 9 fois son poids en peinture.<\/li>\n<li>Pour tous les primers \u00e0 faible \u00e9paisseur.<\/li>\n<li>Taille 10 cm, 18 cm et 25 cm<\/li>\n<\/ul>","protected":false},"excerpt":{"rendered":"<p>Description Rouleau \u00e0 peinture en microfibre, adapt\u00e9 \u00e0 tous les appr\u00eats liquides fins. Caract\u00e9ristiques principales : Microfibres. \u00c7a absorbe 9 fois son propre poids en peinture. Pour tous les appr\u00eats liquides fins. Taille 10 cm, 18 cm et 25 cm<\/p>","protected":false},"featured_media":995,"comment_status":"open","ping_status":"closed","template":"","meta":[],"product_brand":[],"product_cat":[19,97],"product_tag":[],"class_list":{"0":"post-716","1":"product","2":"type-product","3":"status-publish","4":"has-post-thumbnail","6":"product_cat-schildersbenodigdheden","7":"product_cat-schildersbenodigdheden-verfrollen-en-beugels","8":"pa_basis-waterbasis","9":"pa_breedte-10-cm","10":"pa_breedte-18-cm","11":"pa_breedte-25-cm","12":"pa_ondergrond-licht-gestructureerd","13":"pa_type-roller-muurverfroller","14":"pa_vachtlengte-9mm","15":"pa_vachtsoort-microvezel","17":"first","18":"instock","19":"shipping-taxable","20":"purchasable","21":"product-type-variable"},"_links":{"self":[{"href":"https:\/\/medv-design.org\/fr\/wp-json\/wp\/v2\/product\/716","targetHints":{"allow":["GET"]}}],"collection":[{"href":"https:\/\/medv-design.org\/fr\/wp-json\/wp\/v2\/product"}],"about":[{"href":"https:\/\/medv-design.org\/fr\/wp-json\/wp\/v2\/types\/product"}],"replies":[{"embeddable":true,"href":"https:\/\/medv-design.org\/fr\/wp-json\/wp\/v2\/comments?post=716"}],"wp:featuredmedia":[{"embeddable":true,"href":"https:\/\/medv-design.org\/fr\/wp-json\/wp\/v2\/media\/995"}],"wp:attachment":[{"href":"https:\/\/medv-design.org\/fr\/wp-json\/wp\/v2\/media?parent=716"}],"wp:term":[{"taxonomy":"product_brand","embeddable":true,"href":"https:\/\/medv-design.org\/fr\/wp-json\/wp\/v2\/product_brand?post=716"},{"taxonomy":"product_cat","embeddable":true,"href":"https:\/\/medv-design.org\/fr\/wp-json\/wp\/v2\/product_cat?post=716"},{"taxonomy":"product_tag","embeddable":true,"href":"https:\/\/medv-design.org\/fr\/wp-json\/wp\/v2\/product_tag?post=716"}],"curies":[{"name":"wp","href":"https:\/\/api.w.org\/{rel}","templated":true}]}}