{"id":714,"date":"2025-12-08T20:00:50","date_gmt":"2025-12-08T20:00:50","guid":{"rendered":"https:\/\/medv-design.org\/product\/progold-verfrol-anti-spat-exclusive\/"},"modified":"2026-02-07T15:46:18","modified_gmt":"2026-02-07T15:46:18","slug":"progold-verfrol-anti-spat-exclusive","status":"publish","type":"product","link":"https:\/\/medv-design.org\/fr\/produit\/progold-verfrol-anti-spat-exclusive\/","title":{"rendered":"Rouleau de peinture ProGold Anti-Spat Exclusive"},"content":{"rendered":"<p><strong><span style=\"font-size: 20px;\">Description<\/span><\/strong><\/p>\n<p>Rouleau de peinture murale avec fourrure en polyamide tiss\u00e9 de haute qualit\u00e9. Pour une finition plus fine. Grande capacit\u00e9 d'absorption et de lib\u00e9ration de la peinture. Convient parfaitement \u00e0 toutes les peintures pour murs et plafonds.<\/p>\n<ul>\n<li>Couche de polyadmide<\/li>\n<li>Convient \u00e0 toutes les peintures pour murs et plafonds<\/li>\n<li>Capacit\u00e9 \u00e9lev\u00e9e d\u2019absorption et de d\u00e9lib\u00e9ration de peinture<\/li>\n<li>Taille 18 et 25 cm<\/li>\n<\/ul>","protected":false},"excerpt":{"rendered":"<p>Description : Rouleau pour peinture murale avec polaire de polyamide tiss\u00e9e de haute qualit\u00e9. Pour un degr\u00e9 de finition plus fin. Excellente capacit\u00e9 d\u2019absorption et de livraison de peinture. Tr\u00e8s adapt\u00e9 \u00e0 toutes les peintures murales et de plafond. Fourrure de polyadmide Adapt\u00e9e \u00e0 toutes les peintures murales et de plafond Grande capacit\u00e9 d\u2019absorption et de lib\u00e9ration de peinture Tailles 18 et 25 cm<\/p>","protected":false},"featured_media":906,"comment_status":"open","ping_status":"closed","template":"","meta":[],"product_brand":[88],"product_cat":[19,97],"product_tag":[],"class_list":{"0":"post-714","1":"product","2":"type-product","3":"status-publish","4":"has-post-thumbnail","6":"product_brand-progold","7":"product_cat-schildersbenodigdheden","8":"product_cat-schildersbenodigdheden-verfrollen-en-beugels","9":"pa_basis-waterbasis","10":"pa_breedte-18-cm","11":"pa_breedte-25-cm","12":"pa_merk-progold","13":"pa_ondergrond-licht-gestructureerd","14":"pa_type-roller-muurverfroller","15":"pa_vachtlengte-12mm","16":"pa_vachtsoort-polyamide","18":"first","19":"instock","20":"shipping-taxable","21":"purchasable","22":"product-type-variable"},"_links":{"self":[{"href":"https:\/\/medv-design.org\/fr\/wp-json\/wp\/v2\/product\/714","targetHints":{"allow":["GET"]}}],"collection":[{"href":"https:\/\/medv-design.org\/fr\/wp-json\/wp\/v2\/product"}],"about":[{"href":"https:\/\/medv-design.org\/fr\/wp-json\/wp\/v2\/types\/product"}],"replies":[{"embeddable":true,"href":"https:\/\/medv-design.org\/fr\/wp-json\/wp\/v2\/comments?post=714"}],"wp:featuredmedia":[{"embeddable":true,"href":"https:\/\/medv-design.org\/fr\/wp-json\/wp\/v2\/media\/906"}],"wp:attachment":[{"href":"https:\/\/medv-design.org\/fr\/wp-json\/wp\/v2\/media?parent=714"}],"wp:term":[{"taxonomy":"product_brand","embeddable":true,"href":"https:\/\/medv-design.org\/fr\/wp-json\/wp\/v2\/product_brand?post=714"},{"taxonomy":"product_cat","embeddable":true,"href":"https:\/\/medv-design.org\/fr\/wp-json\/wp\/v2\/product_cat?post=714"},{"taxonomy":"product_tag","embeddable":true,"href":"https:\/\/medv-design.org\/fr\/wp-json\/wp\/v2\/product_tag?post=714"}],"curies":[{"name":"wp","href":"https:\/\/api.w.org\/{rel}","templated":true}]}}