{"id":713,"date":"2025-12-08T20:00:50","date_gmt":"2025-12-08T20:00:50","guid":{"rendered":"https:\/\/medv-design.org\/product\/progold-verfrol-anti-spat\/"},"modified":"2026-02-07T15:46:21","modified_gmt":"2026-02-07T15:46:21","slug":"progold-verfrol-anti-spat","status":"publish","type":"product","link":"https:\/\/medv-design.org\/fr\/produit\/progold-verfrol-anti-spat\/","title":{"rendered":"Rouleau de peinture Progold Anti-Spat"},"content":{"rendered":"<h3>Description<\/h3>\n<p>Ce rouleau \u00e0 peinture en polyamide convient parfaitement \u00e0 l'application de toutes les peintures en dispersion et au latex sur les murs et les plafonds. Il est \u00e9galement recommand\u00e9 pour l'application de la colle en fibre de verre ProGold.<\/p>\n<h3>Principales caract\u00e9ristiques<\/h3>\n<ul>\n<li>Manteau en polyamide<\/li>\n<li>Convient \u00e0 toutes les peintures pour murs et plafonds<\/li>\n<li>Capacit\u00e9 \u00e9lev\u00e9e d\u2019absorption et de d\u00e9lib\u00e9ration de peinture<\/li>\n<li>Taille 18 et 25 cm<\/li>\n<\/ul>","protected":false},"excerpt":{"rendered":"<p>Description Ce rouleau \u00e0 peinture en polyamide est tr\u00e8s adapt\u00e9 pour traiter toutes les peintures dispersantes et latex sur les murs et les plafonds. \u00c9galement indiqu\u00e9 pour l\u2019application de la colle ProGold en fibre de verre. Caract\u00e9ristiques principales Polaire polyamide Adapt\u00e9 \u00e0 toutes les peintures murales et de plafond Grande capacit\u00e9 d\u2019absorption et de d\u00e9tachement de peinture Tailles 18 et 25 cm<\/p>","protected":false},"featured_media":933,"comment_status":"open","ping_status":"closed","template":"","meta":[],"product_brand":[88],"product_cat":[19,97],"product_tag":[],"class_list":{"0":"post-713","1":"product","2":"type-product","3":"status-publish","4":"has-post-thumbnail","6":"product_brand-progold","7":"product_cat-schildersbenodigdheden","8":"product_cat-schildersbenodigdheden-verfrollen-en-beugels","9":"pa_basis-waterbasis","10":"pa_breedte-18-cm","11":"pa_breedte-25-cm","12":"pa_merk-progold","13":"pa_ondergrond-licht-gestructureerd","14":"pa_type-roller-muurverfroller","15":"pa_upc-621","16":"pa_vachtlengte-13-mm","17":"pa_vachtsoort-polyamide","19":"first","20":"instock","21":"shipping-taxable","22":"purchasable","23":"product-type-variable"},"_links":{"self":[{"href":"https:\/\/medv-design.org\/fr\/wp-json\/wp\/v2\/product\/713","targetHints":{"allow":["GET"]}}],"collection":[{"href":"https:\/\/medv-design.org\/fr\/wp-json\/wp\/v2\/product"}],"about":[{"href":"https:\/\/medv-design.org\/fr\/wp-json\/wp\/v2\/types\/product"}],"replies":[{"embeddable":true,"href":"https:\/\/medv-design.org\/fr\/wp-json\/wp\/v2\/comments?post=713"}],"wp:featuredmedia":[{"embeddable":true,"href":"https:\/\/medv-design.org\/fr\/wp-json\/wp\/v2\/media\/933"}],"wp:attachment":[{"href":"https:\/\/medv-design.org\/fr\/wp-json\/wp\/v2\/media?parent=713"}],"wp:term":[{"taxonomy":"product_brand","embeddable":true,"href":"https:\/\/medv-design.org\/fr\/wp-json\/wp\/v2\/product_brand?post=713"},{"taxonomy":"product_cat","embeddable":true,"href":"https:\/\/medv-design.org\/fr\/wp-json\/wp\/v2\/product_cat?post=713"},{"taxonomy":"product_tag","embeddable":true,"href":"https:\/\/medv-design.org\/fr\/wp-json\/wp\/v2\/product_tag?post=713"}],"curies":[{"name":"wp","href":"https:\/\/api.w.org\/{rel}","templated":true}]}}