{"id":712,"date":"2025-12-08T20:00:50","date_gmt":"2025-12-08T20:00:50","guid":{"rendered":"https:\/\/medv-design.org\/product\/progold-verfemmer\/"},"modified":"2026-02-07T15:46:24","modified_gmt":"2026-02-07T15:46:24","slug":"progold-verfemmer","status":"publish","type":"product","link":"https:\/\/medv-design.org\/fr\/produit\/progold-verfemmer\/","title":{"rendered":"Seau \u00e0 peinture Progold"},"content":{"rendered":"<p><span style=\"font-size: 20px;\"><strong>Description<\/strong><\/span><\/p>\n<p>Seaux de peinture en plastique, \u00e9quip\u00e9s d\u2019un bec coulant     <\/p>\n<ul>\n<li>Seaux \u00e0 peinture plastique<\/li>\n<li>\u00c9quip\u00e9 d\u2019un bec de versement<\/li>\n<li>Tailles 8 litre et 12 litres<\/li>\n<\/ul>","protected":false},"excerpt":{"rendered":"<p>Description Seaux de peinture en plastique, \u00e9quip\u00e9s de bec versable Seaux de peinture en plastique \u00c9quip\u00e9s de bec versable Tailles 8 litre et 12 litres<\/p>","protected":false},"featured_media":885,"comment_status":"open","ping_status":"closed","template":"","meta":[],"product_brand":[88],"product_cat":[19,101],"product_tag":[],"class_list":{"0":"post-712","1":"product","2":"type-product","3":"status-publish","4":"has-post-thumbnail","6":"product_brand-progold","7":"product_cat-schildersbenodigdheden","8":"product_cat-schildersbenodigdheden-verfbakjes-en-emmers","9":"pa_formaat-12-l","10":"pa_formaat-8-l","11":"pa_merk-progold","12":"pa_upc-618","14":"first","15":"instock","16":"shipping-taxable","17":"purchasable","18":"product-type-variable"},"_links":{"self":[{"href":"https:\/\/medv-design.org\/fr\/wp-json\/wp\/v2\/product\/712","targetHints":{"allow":["GET"]}}],"collection":[{"href":"https:\/\/medv-design.org\/fr\/wp-json\/wp\/v2\/product"}],"about":[{"href":"https:\/\/medv-design.org\/fr\/wp-json\/wp\/v2\/types\/product"}],"replies":[{"embeddable":true,"href":"https:\/\/medv-design.org\/fr\/wp-json\/wp\/v2\/comments?post=712"}],"wp:featuredmedia":[{"embeddable":true,"href":"https:\/\/medv-design.org\/fr\/wp-json\/wp\/v2\/media\/885"}],"wp:attachment":[{"href":"https:\/\/medv-design.org\/fr\/wp-json\/wp\/v2\/media?parent=712"}],"wp:term":[{"taxonomy":"product_brand","embeddable":true,"href":"https:\/\/medv-design.org\/fr\/wp-json\/wp\/v2\/product_brand?post=712"},{"taxonomy":"product_cat","embeddable":true,"href":"https:\/\/medv-design.org\/fr\/wp-json\/wp\/v2\/product_cat?post=712"},{"taxonomy":"product_tag","embeddable":true,"href":"https:\/\/medv-design.org\/fr\/wp-json\/wp\/v2\/product_tag?post=712"}],"curies":[{"name":"wp","href":"https:\/\/api.w.org\/{rel}","templated":true}]}}