{"id":711,"date":"2025-12-08T20:00:50","date_gmt":"2025-12-08T20:00:50","guid":{"rendered":"https:\/\/medv-design.org\/product\/progold-verfborstel-rond-classic-7520\/"},"modified":"2026-02-07T15:46:27","modified_gmt":"2026-02-07T15:46:27","slug":"progold-verfborstel-rond-classic-7520","status":"publish","type":"product","link":"https:\/\/medv-design.org\/fr\/produit\/progold-verfborstel-rond-classic-7520\/","title":{"rendered":"Pinceau Progold Round Classic 7520"},"content":{"rendered":"<h3>Description<\/h3>\n<p>Pinceau rond semi-professionnel avec manche laqu\u00e9 transparent et fibres 100% polyester modifi\u00e9. Convient aux peintures \u00e0 base d'eau et de solvants.<\/p>\n<h3>Principales caract\u00e9ristiques<\/h3>\n<ul>\n<li>Brosse ronde<\/li>\n<li>100 % de fibres de polyester modifi\u00e9es<\/li>\n<li>Pour les peintures \u00e0 base d'eau et de solvant<\/li>\n<li>Taille 8 \u00e0 20<\/li>\n<\/ul>","protected":false},"excerpt":{"rendered":"<p>Description : Pinceau semi-professionnel rond avec manche laqu\u00e9e transparente et fibres de polyester 100 % modifi\u00e9es. Adapt\u00e9 aux peintures \u00e0 base d\u2019eau et de solvant. Caract\u00e9ristiques principales Pinceau rond Fibres de polyester 100 % modifi\u00e9es Pour peintures \u00e0 base d\u2019eau et de solvant, tailles 8 \u00e0 20<\/p>","protected":false},"featured_media":974,"comment_status":"open","ping_status":"closed","template":"","meta":[],"product_brand":[88],"product_cat":[19,98],"product_tag":[],"class_list":{"0":"post-711","1":"product","2":"type-product","3":"status-publish","4":"has-post-thumbnail","6":"product_brand-progold","7":"product_cat-schildersbenodigdheden","8":"product_cat-schildersbenodigdheden-verfborstels","9":"pa_basis-water-en-solventbasis","10":"pa_gebruik-hout-lakwerk","11":"pa_haarsoort-synthetisch","12":"pa_maat-481","13":"pa_maat-482","14":"pa_maat-483","15":"pa_maat-484","16":"pa_maat-485","17":"pa_maat-486","18":"pa_maat-487","19":"pa_merk-progold","20":"pa_type-borstel-rond","21":"pa_upc-643","23":"first","24":"instock","25":"shipping-taxable","26":"purchasable","27":"product-type-variable"},"_links":{"self":[{"href":"https:\/\/medv-design.org\/fr\/wp-json\/wp\/v2\/product\/711","targetHints":{"allow":["GET"]}}],"collection":[{"href":"https:\/\/medv-design.org\/fr\/wp-json\/wp\/v2\/product"}],"about":[{"href":"https:\/\/medv-design.org\/fr\/wp-json\/wp\/v2\/types\/product"}],"replies":[{"embeddable":true,"href":"https:\/\/medv-design.org\/fr\/wp-json\/wp\/v2\/comments?post=711"}],"wp:featuredmedia":[{"embeddable":true,"href":"https:\/\/medv-design.org\/fr\/wp-json\/wp\/v2\/media\/974"}],"wp:attachment":[{"href":"https:\/\/medv-design.org\/fr\/wp-json\/wp\/v2\/media?parent=711"}],"wp:term":[{"taxonomy":"product_brand","embeddable":true,"href":"https:\/\/medv-design.org\/fr\/wp-json\/wp\/v2\/product_brand?post=711"},{"taxonomy":"product_cat","embeddable":true,"href":"https:\/\/medv-design.org\/fr\/wp-json\/wp\/v2\/product_cat?post=711"},{"taxonomy":"product_tag","embeddable":true,"href":"https:\/\/medv-design.org\/fr\/wp-json\/wp\/v2\/product_tag?post=711"}],"curies":[{"name":"wp","href":"https:\/\/api.w.org\/{rel}","templated":true}]}}